{"id":11809,"date":"2016-06-17T10:58:33","date_gmt":"2016-06-17T08:58:33","guid":{"rendered":"http:\/\/www.cahuzac-sur-vere.fr\/web\/?page_id=11809"},"modified":"2019-11-05T12:25:56","modified_gmt":"2019-11-05T11:25:56","slug":"les-cimetieres","status":"publish","type":"page","link":"https:\/\/www.cahuzac-sur-vere.fr\/web\/les-cimetieres\/","title":{"rendered":"Remise aux normes des cimeti\u00e8res"},"content":{"rendered":"<p>La municipalit\u00e9 a engag\u00e9 depuis le printemps 2015, une remise aux normes des cinq cimeti\u00e8res de la commune (Cahuzac, Arzac, Lintin, Salettes, Granejouls), dans lesquels de nombreuses tombes semblaient d\u00e9laiss\u00e9es et pour lesquels les actes de concession n&rsquo;\u00e9taient pas tous aux normes.<\/p>\n<p>La t\u00e2che a \u00e9t\u00e9 confi\u00e9e \u00e0 l&rsquo;entreprise ELABOR et nous entrons d\u00e9sormais, en 2017 dans la derni\u00e8re phase: celle de la reprise des s\u00e9pultures abandonn\u00e9es et de la lev\u00e9e des corps, avec toute la d\u00e9cence requise par cette t\u00e2che tr\u00e8s sensible.<\/p>\n<p>&nbsp;<\/p>\n<p>Pour plus d&rsquo;informations, cliquez sur ces pages:<br \/>\n&#8211; <a href=\"https:\/\/www.cahuzac-sur-vere.fr\/web\/premieres-etapes-en-2016\/\">Les premi\u00e8res \u00e9tapes ( 2015-2016) <\/a><\/p>\n<p>&#8211;<a href=\"https:\/\/www.cahuzac-sur-vere.fr\/web\/3eme-etape-de-la-reprise-des-sepultures\/\"> 3\u00e8me \u00e9tape 2017 : Reprise des s\u00e9pultures<\/a><\/p>\n<p><a href=\"https:\/\/www.cahuzac-sur-vere.fr\/web\/derniere-etape-de-la-restructuration-des-cimetieres\/\">-2019 : Derni\u00e8re \u00e9tape de la restructuration des cimeti\u00e8res<\/a>.<\/p>\n<p>&nbsp;<\/p>\n<p>&nbsp;<\/p>\n","protected":false},"excerpt":{"rendered":"<p>La municipalit\u00e9 a engag\u00e9 depuis le printemps 2015, une remise aux normes des cinq cimeti\u00e8res de la commune (Cahuzac, Arzac, Lintin, Salettes, Granejouls), dans lesquels de nombreuses tombes semblaient d\u00e9laiss\u00e9es et pour lesquels les actes de concession n&rsquo;\u00e9taient pas tous aux normes. La t\u00e2che a \u00e9t\u00e9 confi\u00e9e \u00e0 l&rsquo;entreprise ELABOR et nous entrons d\u00e9sormais, en 2017 [&hellip;]<\/p>\n","protected":false},"author":2,"featured_media":0,"parent":0,"menu_order":0,"comment_status":"closed","ping_status":"closed","template":"","meta":{"footnotes":""},"_links":{"self":[{"href":"https:\/\/www.cahuzac-sur-vere.fr\/web\/wp-json\/wp\/v2\/pages\/11809"}],"collection":[{"href":"https:\/\/www.cahuzac-sur-vere.fr\/web\/wp-json\/wp\/v2\/pages"}],"about":[{"href":"https:\/\/www.cahuzac-sur-vere.fr\/web\/wp-json\/wp\/v2\/types\/page"}],"author":[{"embeddable":true,"href":"https:\/\/www.cahuzac-sur-vere.fr\/web\/wp-json\/wp\/v2\/users\/2"}],"replies":[{"embeddable":true,"href":"https:\/\/www.cahuzac-sur-vere.fr\/web\/wp-json\/wp\/v2\/comments?post=11809"}],"version-history":[{"count":10,"href":"https:\/\/www.cahuzac-sur-vere.fr\/web\/wp-json\/wp\/v2\/pages\/11809\/revisions"}],"predecessor-version":[{"id":14911,"href":"https:\/\/www.cahuzac-sur-vere.fr\/web\/wp-json\/wp\/v2\/pages\/11809\/revisions\/14911"}],"wp:attachment":[{"href":"https:\/\/www.cahuzac-sur-vere.fr\/web\/wp-json\/wp\/v2\/media?parent=11809"}],"curies":[{"name":"wp","href":"https:\/\/api.w.org\/{rel}","templated":true}]}}