{"id":11882,"date":"2016-09-14T15:45:38","date_gmt":"2016-09-14T13:45:38","guid":{"rendered":"http:\/\/www.cahuzac-sur-vere.fr\/web\/?page_id=11882"},"modified":"2016-10-06T09:41:40","modified_gmt":"2016-10-06T07:41:40","slug":"contacts","status":"publish","type":"page","link":"https:\/\/www.cahuzac-sur-vere.fr\/web\/contacts\/","title":{"rendered":"Contacts"},"content":{"rendered":"<p style=\"text-align: center;\"><span style=\"color: #000000;\"><strong><span style=\"font-size: 14pt;\"><b>Mairie<\/b><\/span><\/strong><\/span><span style=\"color: #000000; font-size: 18pt;\"><strong><br \/>\n<span style=\"font-size: 14pt;\"> Place d&rsquo;Hautpoul 81140 Cahuzac-sur-V\u00e8re<\/span><br \/>\n<span style=\"font-size: 12pt;\"> T\u00e9l\u00e9phone : 05 63 33 90 18<\/span><br \/>\n<script type=\"text\/javascript\" src=\"https:\/\/form.jotform.com\/jsform\/62791638438973\"><\/script><\/strong><\/span><\/p>\n<p><iframe loading=\"lazy\" style=\"border: 0;\" src=\"https:\/\/www.google.com\/maps\/embed?pb=!1m10!1m8!1m3!1d7140.036560050992!2d1.9083609999999998!3d43.98072!3m2!1i1024!2i768!4f13.1!5e1!3m2!1sfr!2sus!4v1466152588237\" width=\"800\" height=\"450\" frameborder=\"0\" allowfullscreen=\"allowfullscreen\"><\/iframe><\/p>\n<p><span style=\"color: #000000;\"><strong>Acc\u00e8s par la route :<\/strong> <\/span>Venant d&rsquo;Albi (Tarn) ou de Toulouse (Haute Garonne) par l&rsquo;autoroute A68, prendre la sortie Gaillac puis traverser la ville en direction de Cordes par la D 922. Notre commune est situ\u00e9e \u00e0 environ 12 km de Gaillac.<br \/>\n<span style=\"color: #000000;\"><strong>Acc\u00e8s par SNCF :<\/strong> <\/span>gare la plus proche : Gaillac<br \/>\n<span style=\"color: #000000;\"><strong>A\u00e9roport :<\/strong><\/span> Toulouse-Blagnac<\/p>\n","protected":false},"excerpt":{"rendered":"<p>Mairie Place d&rsquo;Hautpoul 81140 Cahuzac-sur-V\u00e8re T\u00e9l\u00e9phone : 05 63 33 90 18 Acc\u00e8s par la route : Venant d&rsquo;Albi (Tarn) ou de Toulouse (Haute Garonne) par l&rsquo;autoroute A68, prendre la sortie Gaillac puis traverser la ville en direction de Cordes par la D 922. Notre commune est situ\u00e9e \u00e0 environ 12 km de Gaillac. Acc\u00e8s par [&hellip;]<\/p>\n","protected":false},"author":2,"featured_media":0,"parent":0,"menu_order":0,"comment_status":"closed","ping_status":"closed","template":"","meta":{"footnotes":""},"_links":{"self":[{"href":"https:\/\/www.cahuzac-sur-vere.fr\/web\/wp-json\/wp\/v2\/pages\/11882"}],"collection":[{"href":"https:\/\/www.cahuzac-sur-vere.fr\/web\/wp-json\/wp\/v2\/pages"}],"about":[{"href":"https:\/\/www.cahuzac-sur-vere.fr\/web\/wp-json\/wp\/v2\/types\/page"}],"author":[{"embeddable":true,"href":"https:\/\/www.cahuzac-sur-vere.fr\/web\/wp-json\/wp\/v2\/users\/2"}],"replies":[{"embeddable":true,"href":"https:\/\/www.cahuzac-sur-vere.fr\/web\/wp-json\/wp\/v2\/comments?post=11882"}],"version-history":[{"count":7,"href":"https:\/\/www.cahuzac-sur-vere.fr\/web\/wp-json\/wp\/v2\/pages\/11882\/revisions"}],"predecessor-version":[{"id":12112,"href":"https:\/\/www.cahuzac-sur-vere.fr\/web\/wp-json\/wp\/v2\/pages\/11882\/revisions\/12112"}],"wp:attachment":[{"href":"https:\/\/www.cahuzac-sur-vere.fr\/web\/wp-json\/wp\/v2\/media?parent=11882"}],"curies":[{"name":"wp","href":"https:\/\/api.w.org\/{rel}","templated":true}]}}