{"id":11921,"date":"2016-09-16T09:18:24","date_gmt":"2016-09-16T07:18:24","guid":{"rendered":"http:\/\/www.cahuzac-sur-vere.fr\/web\/?page_id=11921"},"modified":"2026-03-25T11:23:57","modified_gmt":"2026-03-25T10:23:57","slug":"les-elus","status":"publish","type":"page","link":"https:\/\/www.cahuzac-sur-vere.fr\/web\/les-elus\/","title":{"rendered":"Les \u00e9lus"},"content":{"rendered":"<p><strong>\u00a0 \u00a0 \u00a0 \u00a0 \u00a0 \u00a0 \u00a0Les adjoints :<br \/>\n<\/strong><\/p>\n<table style=\"width: 21.1358%; height: 253px;\" border=\"0\" width=\"168\" cellspacing=\"0\" cellpadding=\"0\" align=\"right\">\n<tbody>\n<tr style=\"height: 119px;\">\n<td style=\"height: 122px; width: 100%;\"><img loading=\"lazy\" decoding=\"async\" class=\"wp-image-16918 aligncenter\" src=\"https:\/\/www.cahuzac-sur-vere.fr\/web\/wp-content\/uploads\/2026\/03\/Francis-YECHE-200x300.jpg\" alt=\"\" width=\"220\" height=\"330\" srcset=\"https:\/\/www.cahuzac-sur-vere.fr\/web\/wp-content\/uploads\/2026\/03\/Francis-YECHE-200x300.jpg 200w, https:\/\/www.cahuzac-sur-vere.fr\/web\/wp-content\/uploads\/2026\/03\/Francis-YECHE-400x600.jpg 400w, https:\/\/www.cahuzac-sur-vere.fr\/web\/wp-content\/uploads\/2026\/03\/Francis-YECHE-600x899.jpg 600w, https:\/\/www.cahuzac-sur-vere.fr\/web\/wp-content\/uploads\/2026\/03\/Francis-YECHE-683x1024.jpg 683w, https:\/\/www.cahuzac-sur-vere.fr\/web\/wp-content\/uploads\/2026\/03\/Francis-YECHE-768x1151.jpg 768w, https:\/\/www.cahuzac-sur-vere.fr\/web\/wp-content\/uploads\/2026\/03\/Francis-YECHE-800x1199.jpg 800w, https:\/\/www.cahuzac-sur-vere.fr\/web\/wp-content\/uploads\/2026\/03\/Francis-YECHE-1025x1536.jpg 1025w, https:\/\/www.cahuzac-sur-vere.fr\/web\/wp-content\/uploads\/2026\/03\/Francis-YECHE-1200x1799.jpg 1200w, https:\/\/www.cahuzac-sur-vere.fr\/web\/wp-content\/uploads\/2026\/03\/Francis-YECHE-1366x2048.jpg 1366w, https:\/\/www.cahuzac-sur-vere.fr\/web\/wp-content\/uploads\/2026\/03\/Francis-YECHE-scaled.jpg 1708w\" sizes=\"(max-width: 220px) 100vw, 220px\" \/><\/td>\n<\/tr>\n<tr style=\"height: 128px;\">\n<td style=\"height: 131px; width: 100%;\">\n<p style=\"text-align: center;\"><strong>Maire de <\/strong><br \/>\n<strong>Cahuzac-sur-V\u00e8re<br \/>\nMonsieur Francis YECHE<\/strong><\/p>\n<\/td>\n<\/tr>\n<\/tbody>\n<\/table>\n<ul style=\"list-style-type: disc;\">\n<li>\u00a0M. Alain CLERGUE &#8211; <em>1er adjoint<\/em><\/li>\n<\/ul>\n<p><img loading=\"lazy\" decoding=\"async\" class=\"wp-image-16920 alignleft\" src=\"https:\/\/www.cahuzac-sur-vere.fr\/web\/wp-content\/uploads\/2026\/03\/011-200x300.jpg\" alt=\"\" width=\"109\" height=\"164\" srcset=\"https:\/\/www.cahuzac-sur-vere.fr\/web\/wp-content\/uploads\/2026\/03\/011-200x300.jpg 200w, https:\/\/www.cahuzac-sur-vere.fr\/web\/wp-content\/uploads\/2026\/03\/011-400x600.jpg 400w, https:\/\/www.cahuzac-sur-vere.fr\/web\/wp-content\/uploads\/2026\/03\/011-600x899.jpg 600w, https:\/\/www.cahuzac-sur-vere.fr\/web\/wp-content\/uploads\/2026\/03\/011-683x1024.jpg 683w, https:\/\/www.cahuzac-sur-vere.fr\/web\/wp-content\/uploads\/2026\/03\/011-768x1151.jpg 768w, https:\/\/www.cahuzac-sur-vere.fr\/web\/wp-content\/uploads\/2026\/03\/011-800x1199.jpg 800w, https:\/\/www.cahuzac-sur-vere.fr\/web\/wp-content\/uploads\/2026\/03\/011-1025x1536.jpg 1025w, https:\/\/www.cahuzac-sur-vere.fr\/web\/wp-content\/uploads\/2026\/03\/011-1200x1799.jpg 1200w, https:\/\/www.cahuzac-sur-vere.fr\/web\/wp-content\/uploads\/2026\/03\/011-1366x2048.jpg 1366w, https:\/\/www.cahuzac-sur-vere.fr\/web\/wp-content\/uploads\/2026\/03\/011-scaled.jpg 1708w\" sizes=\"(max-width: 109px) 100vw, 109px\" \/><\/p>\n<p>Permanences : Mardi, Mercredi, jeudi et Vendredi matin<br \/>\nD\u00e9l\u00e9gations: Voirie, Eclairage public, S\u00e9curit\u00e9, Travaux<\/p>\n<p>&nbsp;<\/p>\n<p>&nbsp;<\/p>\n<p>&nbsp;<\/p>\n<ul>\n<li>\u00a0Mme Emmanuelle GALLESIO- <em>2\u00e8me adjoint<\/em><\/li>\n<\/ul>\n<p><img loading=\"lazy\" decoding=\"async\" class=\"wp-image-16923 alignleft\" src=\"https:\/\/www.cahuzac-sur-vere.fr\/web\/wp-content\/uploads\/2026\/03\/Emmanuelle-GALLESIO-2-200x300.jpg\" alt=\"\" width=\"106\" height=\"159\" srcset=\"https:\/\/www.cahuzac-sur-vere.fr\/web\/wp-content\/uploads\/2026\/03\/Emmanuelle-GALLESIO-2-200x300.jpg 200w, https:\/\/www.cahuzac-sur-vere.fr\/web\/wp-content\/uploads\/2026\/03\/Emmanuelle-GALLESIO-2-400x600.jpg 400w, https:\/\/www.cahuzac-sur-vere.fr\/web\/wp-content\/uploads\/2026\/03\/Emmanuelle-GALLESIO-2-600x900.jpg 600w, https:\/\/www.cahuzac-sur-vere.fr\/web\/wp-content\/uploads\/2026\/03\/Emmanuelle-GALLESIO-2-683x1024.jpg 683w, https:\/\/www.cahuzac-sur-vere.fr\/web\/wp-content\/uploads\/2026\/03\/Emmanuelle-GALLESIO-2-768x1152.jpg 768w, https:\/\/www.cahuzac-sur-vere.fr\/web\/wp-content\/uploads\/2026\/03\/Emmanuelle-GALLESIO-2-800x1200.jpg 800w, https:\/\/www.cahuzac-sur-vere.fr\/web\/wp-content\/uploads\/2026\/03\/Emmanuelle-GALLESIO-2-1024x1536.jpg 1024w, https:\/\/www.cahuzac-sur-vere.fr\/web\/wp-content\/uploads\/2026\/03\/Emmanuelle-GALLESIO-2-1200x1800.jpg 1200w, https:\/\/www.cahuzac-sur-vere.fr\/web\/wp-content\/uploads\/2026\/03\/Emmanuelle-GALLESIO-2-1366x2048.jpg 1366w, https:\/\/www.cahuzac-sur-vere.fr\/web\/wp-content\/uploads\/2026\/03\/Emmanuelle-GALLESIO-2-scaled.jpg 1707w\" sizes=\"(max-width: 106px) 100vw, 106px\" \/><\/p>\n<p>&nbsp;<\/p>\n<p>Permanences : Lundi, Mercredi et Vendredi matin<br \/>\nD\u00e9l\u00e9gations: Petite enfance, scolaire, bulletin municipal, Conseil municipal enfants<\/p>\n<p>&nbsp;<\/p>\n<p>&nbsp;<\/p>\n<ul>\n<li>\u00a0M. Michel PITORRE &#8211;<em> 3\u00e8me adjoint<\/em><\/li>\n<\/ul>\n<p><img loading=\"lazy\" decoding=\"async\" class=\"wp-image-16921 alignleft\" src=\"https:\/\/www.cahuzac-sur-vere.fr\/web\/wp-content\/uploads\/2026\/03\/017-200x300.jpg\" alt=\"\" width=\"104\" height=\"156\" srcset=\"https:\/\/www.cahuzac-sur-vere.fr\/web\/wp-content\/uploads\/2026\/03\/017-200x300.jpg 200w, https:\/\/www.cahuzac-sur-vere.fr\/web\/wp-content\/uploads\/2026\/03\/017-400x600.jpg 400w, https:\/\/www.cahuzac-sur-vere.fr\/web\/wp-content\/uploads\/2026\/03\/017-600x900.jpg 600w, https:\/\/www.cahuzac-sur-vere.fr\/web\/wp-content\/uploads\/2026\/03\/017-683x1024.jpg 683w, https:\/\/www.cahuzac-sur-vere.fr\/web\/wp-content\/uploads\/2026\/03\/017-768x1152.jpg 768w, https:\/\/www.cahuzac-sur-vere.fr\/web\/wp-content\/uploads\/2026\/03\/017-800x1200.jpg 800w, https:\/\/www.cahuzac-sur-vere.fr\/web\/wp-content\/uploads\/2026\/03\/017-1024x1536.jpg 1024w, https:\/\/www.cahuzac-sur-vere.fr\/web\/wp-content\/uploads\/2026\/03\/017-1200x1800.jpg 1200w, https:\/\/www.cahuzac-sur-vere.fr\/web\/wp-content\/uploads\/2026\/03\/017-1366x2048.jpg 1366w, https:\/\/www.cahuzac-sur-vere.fr\/web\/wp-content\/uploads\/2026\/03\/017-scaled.jpg 1707w\" sizes=\"(max-width: 104px) 100vw, 104px\" \/><\/p>\n<p>&nbsp;<\/p>\n<p>Permanences : Lundi, Mercredi et Vendredi matin<br \/>\nD\u00e9l\u00e9gations: Les espaces verts et gestion locative (\u00e9tats des lieux)<\/p>\n<p>&nbsp;<\/p>\n<p>&nbsp;<\/p>\n<ul>\n<li>Mme Karine DE SA- <em>4\u00e8me adjoint<\/em><\/li>\n<\/ul>\n<p><img loading=\"lazy\" decoding=\"async\" class=\"wp-image-16922 alignleft\" src=\"https:\/\/www.cahuzac-sur-vere.fr\/web\/wp-content\/uploads\/2026\/03\/021-200x300.jpg\" alt=\"\" width=\"111\" height=\"167\" srcset=\"https:\/\/www.cahuzac-sur-vere.fr\/web\/wp-content\/uploads\/2026\/03\/021-200x300.jpg 200w, https:\/\/www.cahuzac-sur-vere.fr\/web\/wp-content\/uploads\/2026\/03\/021-400x600.jpg 400w, https:\/\/www.cahuzac-sur-vere.fr\/web\/wp-content\/uploads\/2026\/03\/021-600x900.jpg 600w, https:\/\/www.cahuzac-sur-vere.fr\/web\/wp-content\/uploads\/2026\/03\/021-683x1024.jpg 683w, https:\/\/www.cahuzac-sur-vere.fr\/web\/wp-content\/uploads\/2026\/03\/021-768x1152.jpg 768w, https:\/\/www.cahuzac-sur-vere.fr\/web\/wp-content\/uploads\/2026\/03\/021-800x1199.jpg 800w, https:\/\/www.cahuzac-sur-vere.fr\/web\/wp-content\/uploads\/2026\/03\/021-1024x1536.jpg 1024w, https:\/\/www.cahuzac-sur-vere.fr\/web\/wp-content\/uploads\/2026\/03\/021-1200x1799.jpg 1200w, https:\/\/www.cahuzac-sur-vere.fr\/web\/wp-content\/uploads\/2026\/03\/021-1366x2048.jpg 1366w, https:\/\/www.cahuzac-sur-vere.fr\/web\/wp-content\/uploads\/2026\/03\/021-scaled.jpg 1707w\" sizes=\"(max-width: 111px) 100vw, 111px\" \/><\/p>\n<h3><\/h3>\n<p><span style=\"font-size: 12pt;\">Permanences : Mercredi, jeudi et Vendredi matin\u00a0\u00a0<\/span><br \/>\n<span style=\"font-size: 12pt;\">D\u00e9l\u00e9gations:\u00a0 Jeunesse, Associations et r\u00e9seaux sociaux<\/span><\/p>\n<p>&nbsp;<\/p>\n<p>&nbsp;<\/p>\n<h3 style=\"padding-left: 40px;\"><span style=\"font-size: 12pt;\"><strong>Les Conseillers Municipaux :<\/strong><\/span><\/h3>\n<ul>\n<li>\u00a0M. Alain SYRYKH<\/li>\n<li>\u00a0M. Philippe JEAN<\/li>\n<li>\u00a0M. Eric ARCHET<\/li>\n<li>\u00a0Mme Val\u00e9rie NO\u00cbL<\/li>\n<li>\u00a0Mme Katia THOMAS<\/li>\n<li>\u00a0M. Patrice BES<\/li>\n<li>\u00a0M. C\u00e9line BOURSE<\/li>\n<li>\u00a0Mme Val\u00e9rie BOUSQUET<\/li>\n<li>\u00a0Mme Sandra BALTIERI<\/li>\n<li>M. L\u00e9o DELMAS<\/li>\n<\/ul>\n<p><img loading=\"lazy\" decoding=\"async\" class=\"wp-image-16919 size-medium alignleft\" src=\"https:\/\/www.cahuzac-sur-vere.fr\/web\/wp-content\/uploads\/2026\/03\/groupe-300x298.jpg\" alt=\"\" width=\"300\" height=\"298\" srcset=\"https:\/\/www.cahuzac-sur-vere.fr\/web\/wp-content\/uploads\/2026\/03\/groupe-66x66.jpg 66w, https:\/\/www.cahuzac-sur-vere.fr\/web\/wp-content\/uploads\/2026\/03\/groupe-150x150.jpg 150w, https:\/\/www.cahuzac-sur-vere.fr\/web\/wp-content\/uploads\/2026\/03\/groupe-200x199.jpg 200w, https:\/\/www.cahuzac-sur-vere.fr\/web\/wp-content\/uploads\/2026\/03\/groupe-300x298.jpg 300w, https:\/\/www.cahuzac-sur-vere.fr\/web\/wp-content\/uploads\/2026\/03\/groupe-400x397.jpg 400w, https:\/\/www.cahuzac-sur-vere.fr\/web\/wp-content\/uploads\/2026\/03\/groupe-600x596.jpg 600w, https:\/\/www.cahuzac-sur-vere.fr\/web\/wp-content\/uploads\/2026\/03\/groupe-768x762.jpg 768w, https:\/\/www.cahuzac-sur-vere.fr\/web\/wp-content\/uploads\/2026\/03\/groupe-800x794.jpg 800w, https:\/\/www.cahuzac-sur-vere.fr\/web\/wp-content\/uploads\/2026\/03\/groupe-1024x1017.jpg 1024w, https:\/\/www.cahuzac-sur-vere.fr\/web\/wp-content\/uploads\/2026\/03\/groupe-1200x1191.jpg 1200w, https:\/\/www.cahuzac-sur-vere.fr\/web\/wp-content\/uploads\/2026\/03\/groupe-1536x1525.jpg 1536w\" sizes=\"(max-width: 300px) 100vw, 300px\" \/><\/p>\n<p>&nbsp;<\/p>\n<p>&nbsp;<\/p>\n<p>&nbsp;<\/p>\n<p>&nbsp;<\/p>\n<p>&nbsp;<\/p>\n<p>&nbsp;<\/p>\n<p>&nbsp;<\/p>\n<p>&nbsp;<\/p>\n<p style=\"padding-left: 40px;\"><strong>Les rempla\u00e7ants :<\/strong><\/p>\n<ul style=\"list-style-type: disc;\">\n<li>\u00a0Mme Camille LORENZO-DOMINGO<\/li>\n<li>\u00a0M. Vincent VETTORRI<\/li>\n<\/ul>\n<p>&nbsp;<\/p>\n","protected":false},"excerpt":{"rendered":"<p>\u00a0 \u00a0 \u00a0 \u00a0 \u00a0 \u00a0 \u00a0Les adjoints : Maire de Cahuzac-sur-V\u00e8re Monsieur Francis YECHE \u00a0M. Alain CLERGUE &#8211; 1er adjoint Permanences : Mardi, Mercredi, jeudi et Vendredi matin D\u00e9l\u00e9gations: Voirie, Eclairage public, S\u00e9curit\u00e9, Travaux &nbsp; &nbsp; &nbsp; \u00a0Mme Emmanuelle GALLESIO- 2\u00e8me adjoint &nbsp; Permanences : Lundi, Mercredi et Vendredi matin D\u00e9l\u00e9gations: Petite enfance, scolaire, bulletin [&hellip;]<\/p>\n","protected":false},"author":2,"featured_media":0,"parent":0,"menu_order":0,"comment_status":"closed","ping_status":"closed","template":"","meta":{"footnotes":""},"_links":{"self":[{"href":"https:\/\/www.cahuzac-sur-vere.fr\/web\/wp-json\/wp\/v2\/pages\/11921"}],"collection":[{"href":"https:\/\/www.cahuzac-sur-vere.fr\/web\/wp-json\/wp\/v2\/pages"}],"about":[{"href":"https:\/\/www.cahuzac-sur-vere.fr\/web\/wp-json\/wp\/v2\/types\/page"}],"author":[{"embeddable":true,"href":"https:\/\/www.cahuzac-sur-vere.fr\/web\/wp-json\/wp\/v2\/users\/2"}],"replies":[{"embeddable":true,"href":"https:\/\/www.cahuzac-sur-vere.fr\/web\/wp-json\/wp\/v2\/comments?post=11921"}],"version-history":[{"count":24,"href":"https:\/\/www.cahuzac-sur-vere.fr\/web\/wp-json\/wp\/v2\/pages\/11921\/revisions"}],"predecessor-version":[{"id":16938,"href":"https:\/\/www.cahuzac-sur-vere.fr\/web\/wp-json\/wp\/v2\/pages\/11921\/revisions\/16938"}],"wp:attachment":[{"href":"https:\/\/www.cahuzac-sur-vere.fr\/web\/wp-json\/wp\/v2\/media?parent=11921"}],"curies":[{"name":"wp","href":"https:\/\/api.w.org\/{rel}","templated":true}]}}