{"id":11939,"date":"2016-09-16T09:26:49","date_gmt":"2016-09-16T07:26:49","guid":{"rendered":"http:\/\/www.cahuzac-sur-vere.fr\/web\/?page_id=11939"},"modified":"2022-09-30T18:13:28","modified_gmt":"2022-09-30T16:13:28","slug":"personnes-agees","status":"publish","type":"page","link":"https:\/\/www.cahuzac-sur-vere.fr\/web\/personnes-agees\/","title":{"rendered":"Personnes ag\u00e9es"},"content":{"rendered":"<p>Afin d\u2019aider nos a\u00een\u00e9s, de plus en plus nombreux dans le Tarn ( plus du tiers des Tarnais a plus de 60 ans) , le Conseil G\u00e9n\u00e9ral a mis en place des pages sp\u00e9ciales et un site Internet destin\u00e9s \u00e0 donner tous les renseignements n\u00e9cessaires pour aider nos a\u00een\u00e9s.<br \/>\nOn y trouve\u00a0:<br \/>\n&#8211; des informations<br \/>\n&#8211; des solutions d\u2019h\u00e9bergement et d\u2019accueil<img loading=\"lazy\" decoding=\"async\" class=\"size-full wp-image-12255 alignright\" src=\"https:\/\/www.cahuzac-sur-vere.fr\/web\/wp-content\/uploads\/2016\/09\/logo-pers-agee.png\" alt=\"logo-pers-agee\" width=\"252\" height=\"104\" srcset=\"https:\/\/www.cahuzac-sur-vere.fr\/web\/wp-content\/uploads\/2016\/09\/logo-pers-agee-200x83.png 200w, https:\/\/www.cahuzac-sur-vere.fr\/web\/wp-content\/uploads\/2016\/09\/logo-pers-agee.png 252w\" sizes=\"(max-width: 252px) 100vw, 252px\" \/><br \/>\n&#8211; les services \u00e0 domicile<br \/>\n&#8211; l\u2019Allocation Personnalis\u00e9e d\u2019Autonomie<br \/>\n&#8211; la t\u00e9l\u00e9phonie mobile<br \/>\n&#8211; la protection des personnes vuln\u00e9rables<br \/>\n&#8211; l\u2019Aide sociale D\u00e9partementale, etc\u2026<\/p>\n<p><strong>Liens utiles :<\/strong><\/p>\n<div><a href=\"https:\/\/www.tarn.fr\/profil\/senior\" target=\"_blank\" rel=\"noopener\">https:\/\/www.tarn.fr\/profil\/senior<\/a><\/div>\n<div><a href=\"https:\/\/mda.tarn.fr\/au-quotidien\/personne-agee\" target=\"_blank\" rel=\"noopener\">https:\/\/mda.tarn.fr\/au-quotidien\/personne-agee<\/a><\/div>\n<p><strong>Site Internet\u00a0<\/strong>: <a href=\"http:\/\/personnes-agees.tarn.fr\/Pages\/default.aspx\" target=\"_blank\" rel=\"noopener\">Personnes \u00e2g\u00e9es.tarn.fr\u00a0<\/a><\/p>\n<p>&nbsp;<\/p>\n","protected":false},"excerpt":{"rendered":"<p>Afin d\u2019aider nos a\u00een\u00e9s, de plus en plus nombreux dans le Tarn ( plus du tiers des Tarnais a plus de 60 ans) , le Conseil G\u00e9n\u00e9ral a mis en place des pages sp\u00e9ciales et un site Internet destin\u00e9s \u00e0 donner tous les renseignements n\u00e9cessaires pour aider nos a\u00een\u00e9s. On y trouve\u00a0: &#8211; des informations &#8211; [&hellip;]<\/p>\n","protected":false},"author":2,"featured_media":0,"parent":0,"menu_order":0,"comment_status":"closed","ping_status":"closed","template":"","meta":{"footnotes":""},"_links":{"self":[{"href":"https:\/\/www.cahuzac-sur-vere.fr\/web\/wp-json\/wp\/v2\/pages\/11939"}],"collection":[{"href":"https:\/\/www.cahuzac-sur-vere.fr\/web\/wp-json\/wp\/v2\/pages"}],"about":[{"href":"https:\/\/www.cahuzac-sur-vere.fr\/web\/wp-json\/wp\/v2\/types\/page"}],"author":[{"embeddable":true,"href":"https:\/\/www.cahuzac-sur-vere.fr\/web\/wp-json\/wp\/v2\/users\/2"}],"replies":[{"embeddable":true,"href":"https:\/\/www.cahuzac-sur-vere.fr\/web\/wp-json\/wp\/v2\/comments?post=11939"}],"version-history":[{"count":9,"href":"https:\/\/www.cahuzac-sur-vere.fr\/web\/wp-json\/wp\/v2\/pages\/11939\/revisions"}],"predecessor-version":[{"id":15802,"href":"https:\/\/www.cahuzac-sur-vere.fr\/web\/wp-json\/wp\/v2\/pages\/11939\/revisions\/15802"}],"wp:attachment":[{"href":"https:\/\/www.cahuzac-sur-vere.fr\/web\/wp-json\/wp\/v2\/media?parent=11939"}],"curies":[{"name":"wp","href":"https:\/\/api.w.org\/{rel}","templated":true}]}}