{"id":11941,"date":"2016-09-16T09:27:17","date_gmt":"2016-09-16T07:27:17","guid":{"rendered":"http:\/\/www.cahuzac-sur-vere.fr\/web\/?page_id=11941"},"modified":"2025-02-12T10:28:31","modified_gmt":"2025-02-12T09:28:31","slug":"ordures-menageres","status":"publish","type":"page","link":"https:\/\/www.cahuzac-sur-vere.fr\/web\/ordures-menageres\/","title":{"rendered":"Ordures m\u00e9nag\u00e8res"},"content":{"rendered":"<p>&nbsp;<\/p>\n<p>A Cahuzac sur V\u00e8re, les ordures m\u00e9nag\u00e8res sont g\u00e9r\u00e9es par la communaut\u00e9 d&rsquo;agglom\u00e9ration Gaillac- Graulhet<\/p>\n<table style=\"background-color: #edf7f4; border-color: #3d7540;\" border=\"_______\" width=\"100%\" cellspacing=\"0\" cellpadding=\"0\">\n<tbody>\n<tr>\n<td style=\"width: 368px;\" valign=\"top\">\n<p style=\"text-align: center;\"><span style=\"color: #cc0066;\"><strong>SUR LE VILLAGE<\/strong><\/span><\/p>\n<p style=\"text-align: center;\"><strong>Points de collecte<\/strong><br \/>\n\u2022 Route de Vieux<em>(station d&rsquo;\u00e9puration)<\/em><br \/>\n\u2022 Salle des F\u00eates<br \/>\n\u2022 Le Mercadial<br \/>\n\u2022 Caserne des Pompiers<\/p>\n<p style=\"text-align: center;\"><strong>Ordures m\u00e9nag\u00e8res <\/strong><strong>(conteneurs VERTS)<br \/>\n<\/strong>Lundi matin,<br \/>\nVendredi matin<\/p>\n<p style=\"text-align: center;\"><strong>Tri s\u00e9lectif <\/strong><strong>(conteneurs JAUNES)<br \/>\n<\/strong>Jeudi matin<\/p>\n<p style=\"text-align: center;\"><strong>Colonnes \u00e0 Verre<br \/>\n<\/strong>&#8211; Route de Vieux<br \/>\n&#8211; Le Mercadial<\/p>\n<\/td>\n<td style=\"width: 367px;\" valign=\"top\">\n<p style=\"text-align: center;\"><span style=\"color: #cc0066;\"><strong>DANS LES HAMEAUX<\/strong><\/span><\/p>\n<p style=\"text-align: center;\"><strong>Points de collecte<\/strong><br \/>\n\u2022 Lintin<br \/>\n\u2022 Arzac<br \/>\n\u2022 Moulin d&rsquo;Arzac<br \/>\n\u2022 Granejouls<br \/>\n\u2022 La Colombari\u00e9<\/p>\n<p>&nbsp;<\/p>\n<p style=\"text-align: center;\"><strong>Ordures m\u00e9nag\u00e8res <\/strong><strong>(conteneurs VERTS)<br \/>\n<\/strong>Mercredi matin<\/p>\n<p style=\"text-align: center;\"><strong><br \/>\nTri s\u00e9lectif <\/strong><strong>(conteneurs JAUNES)<br \/>\n<\/strong>Jeudi matin<\/p>\n<p style=\"text-align: center;\"><strong>Colonnes \u00e0 verre<br \/>\n<\/strong>\u00a0 \u00a0 \u00a0 \u00a0 \u00a0 &#8211; Granejouls,<br \/>\n&#8211; Arzac<\/p>\n<\/td>\n<\/tr>\n<\/tbody>\n<\/table>\n<p><strong>Comment recycler pour les Bacs, les sacs jaunes et les sacs oranges suivez le lien suivant :<\/strong><\/p>\n<p><a href=\"https:\/\/www.gaillac-graulhet.fr\/habiter\/gerer-ses-dechets\/emballages-recyclables\/\">https:\/\/www.gaillac-graulhet.fr\/habiter\/gerer-ses-dechets\/emballages-recyclables\/<\/a><\/p>\n<p>&nbsp;<\/p>\n<p>&nbsp;<\/p>\n","protected":false},"excerpt":{"rendered":"<p>&nbsp; A Cahuzac sur V\u00e8re, les ordures m\u00e9nag\u00e8res sont g\u00e9r\u00e9es par la communaut\u00e9 d&rsquo;agglom\u00e9ration Gaillac- Graulhet SUR LE VILLAGE Points de collecte \u2022 Route de Vieux(station d&rsquo;\u00e9puration) \u2022 Salle des F\u00eates \u2022 Le Mercadial \u2022 Caserne des Pompiers Ordures m\u00e9nag\u00e8res (conteneurs VERTS) Lundi matin, Vendredi matin Tri s\u00e9lectif (conteneurs JAUNES) Jeudi matin Colonnes \u00e0 Verre &#8211; [&hellip;]<\/p>\n","protected":false},"author":2,"featured_media":0,"parent":0,"menu_order":0,"comment_status":"closed","ping_status":"closed","template":"","meta":{"footnotes":""},"_links":{"self":[{"href":"https:\/\/www.cahuzac-sur-vere.fr\/web\/wp-json\/wp\/v2\/pages\/11941"}],"collection":[{"href":"https:\/\/www.cahuzac-sur-vere.fr\/web\/wp-json\/wp\/v2\/pages"}],"about":[{"href":"https:\/\/www.cahuzac-sur-vere.fr\/web\/wp-json\/wp\/v2\/types\/page"}],"author":[{"embeddable":true,"href":"https:\/\/www.cahuzac-sur-vere.fr\/web\/wp-json\/wp\/v2\/users\/2"}],"replies":[{"embeddable":true,"href":"https:\/\/www.cahuzac-sur-vere.fr\/web\/wp-json\/wp\/v2\/comments?post=11941"}],"version-history":[{"count":18,"href":"https:\/\/www.cahuzac-sur-vere.fr\/web\/wp-json\/wp\/v2\/pages\/11941\/revisions"}],"predecessor-version":[{"id":16488,"href":"https:\/\/www.cahuzac-sur-vere.fr\/web\/wp-json\/wp\/v2\/pages\/11941\/revisions\/16488"}],"wp:attachment":[{"href":"https:\/\/www.cahuzac-sur-vere.fr\/web\/wp-json\/wp\/v2\/media?parent=11941"}],"curies":[{"name":"wp","href":"https:\/\/api.w.org\/{rel}","templated":true}]}}