{"id":11943,"date":"2016-09-16T09:27:35","date_gmt":"2016-09-16T07:27:35","guid":{"rendered":"http:\/\/www.cahuzac-sur-vere.fr\/web\/?page_id=11943"},"modified":"2025-02-12T11:10:01","modified_gmt":"2025-02-12T10:10:01","slug":"transports","status":"publish","type":"page","link":"https:\/\/www.cahuzac-sur-vere.fr\/web\/transports\/","title":{"rendered":"Transports"},"content":{"rendered":"<p><strong><a href=\"http:\/\/www.federteep.org\" target=\"_blank\" rel=\"noopener\"><img loading=\"lazy\" decoding=\"async\" class=\"size-full wp-image-12263 alignleft\" src=\"https:\/\/www.cahuzac-sur-vere.fr\/web\/wp-content\/uploads\/2016\/09\/federteep.png\" alt=\"federteep\" width=\"200\" height=\"62\" \/><\/a>\u2022 Vous recherchez des <span style=\"color: #0000ff;\">informations sur le transport scolaire<\/span><\/strong>, dans votre commune ou sur le d\u00e9partement, vous trouverez toutes informations utiles sur le site de la <strong><a href=\"http:\/\/www.federteep.org\" target=\"_blank\" rel=\"noopener\">FEDERTEEP<\/a> <\/strong>16 rue Fonvieille \u00e0 Albi.<\/p>\n<p>&nbsp;<\/p>\n<p>&nbsp;<\/p>\n<ul style=\"list-style-type: disc;\">\n<li><span style=\"font-size: 14pt;\"><strong><span style=\"color: #0000ff;\">Le transport \u00e0 la demande pour tous<\/span><\/strong> \u00ab\u00a0TAD\u00a0\u00bb :<\/span> Un service de transport public sur le territoire de Gaillac-Graulhet Agglom\u00e9ration.<\/li>\n<li>Le <strong>Transport \u00e0 la Demande<\/strong> <strong>(TAD) Sillonne <\/strong>fonctionne sur r\u00e9servation t\u00e9l\u00e9phonique. Pour cela, c\u2019est facile :\n<p> Appelez au num\u00e9ro vert <strong>0 805 60 81 00 (appel gratuit)<\/strong> : du lundi au vendredi de 8h \u00e0 17h.<\/p>\n<p>\u23f1\ufe0fR\u00e9servez votre trajet<strong> la veille avant 16h<\/strong>.<\/p>\n<p> Le TAD fonctionne sur notre Commune le mercredi apr\u00e8s-midi de 13h30 \u00e0 17h30 et le vendredi de 9h00 \u00e0 12h00.<\/p>\n<p> La mont\u00e9e et la descente s\u2019effectuent au point d\u2019arr\u00eat Rte de Gaillac.<\/p>\n<p>\u2139\ufe0f\/ Pour les <strong>plus de 75 ans<\/strong>, la prise en charge se fait \u00e0 domicile.<\/li>\n<li>\n<h2 class=\"wp-block-heading\">Tarifs:<\/h2>\n<ul class=\"wp-block-list\">\n<li>2 \u20ac l\u2019aller, 3 \u20ac l\u2019aller\/retour<\/li>\n<li>15 \u20ac le carnet de 10 tickets d\u2019un aller simple et 25 \u20ac le carnet de 10 tickets allers-retours.<\/li>\n<li><strong>Gratuit <\/strong>pour les moins de 10 ans (accompagn\u00e9 d\u2019un adulte).<\/li>\n<li><strong>Les tickets s\u2019ach\u00e8tent aupr\u00e8s du chauffeur<\/strong>. Paiement uniquement en esp\u00e8ces ou par ch\u00e8que.<\/li>\n<\/ul>\n<\/li>\n<\/ul>\n<p>&nbsp;<\/p>\n<p>&nbsp;<\/p>\n<p><img loading=\"lazy\" decoding=\"async\" class=\"size-medium wp-image-16458 alignright\" src=\"https:\/\/www.cahuzac-sur-vere.fr\/web\/wp-content\/uploads\/2025\/01\/462562028_1125254646062422_477224359024983653_n-300x192.jpg\" alt=\"\" width=\"300\" height=\"192\" srcset=\"https:\/\/www.cahuzac-sur-vere.fr\/web\/wp-content\/uploads\/2025\/01\/462562028_1125254646062422_477224359024983653_n-200x128.jpg 200w, https:\/\/www.cahuzac-sur-vere.fr\/web\/wp-content\/uploads\/2025\/01\/462562028_1125254646062422_477224359024983653_n-300x192.jpg 300w, https:\/\/www.cahuzac-sur-vere.fr\/web\/wp-content\/uploads\/2025\/01\/462562028_1125254646062422_477224359024983653_n-400x256.jpg 400w, https:\/\/www.cahuzac-sur-vere.fr\/web\/wp-content\/uploads\/2025\/01\/462562028_1125254646062422_477224359024983653_n-460x295.jpg 460w, https:\/\/www.cahuzac-sur-vere.fr\/web\/wp-content\/uploads\/2025\/01\/462562028_1125254646062422_477224359024983653_n-600x385.jpg 600w, https:\/\/www.cahuzac-sur-vere.fr\/web\/wp-content\/uploads\/2025\/01\/462562028_1125254646062422_477224359024983653_n-768x492.jpg 768w, https:\/\/www.cahuzac-sur-vere.fr\/web\/wp-content\/uploads\/2025\/01\/462562028_1125254646062422_477224359024983653_n-800x513.jpg 800w, https:\/\/www.cahuzac-sur-vere.fr\/web\/wp-content\/uploads\/2025\/01\/462562028_1125254646062422_477224359024983653_n.jpg 844w\" sizes=\"(max-width: 300px) 100vw, 300px\" \/><\/p>\n<p><strong>\u2022<\/strong> Vous <strong>souhaitez <span style=\"color: #0000ff;\">vous faire conduire pour vous d\u00e9placer <\/span><\/strong>, il vous suffit de contacter\u00a0<strong> Taxi GLM\u00a0<\/strong><\/p>\n<p><strong>Tel : 0782180796<\/strong><\/p>\n<div>taxiglm@free.fr<\/div>\n<p><a href=\"https:\/\/www.pagesjaunes.fr\/pros\/61801354\" target=\"_blank\" rel=\"noopener noreferrer\">https:\/\/www.pagesjaunes.fr\/pros\/61801354<\/a><\/p>\n<div><a href=\"https:\/\/www.facebook.com\/profile.php?id=100086386183022\" target=\"_blank\" rel=\"noopener noreferrer\">https:\/\/www.facebook.com\/profile.php?id=100086386183022<\/a><\/div>\n<p>&nbsp;<\/p>\n<ul>\n<li><span style=\"color: #0000ff;\"><strong>Se d\u00e9placer autrement avec le Covoiturage<\/strong><\/span> : trajets partag\u00e9s = des \u00e9conomies pour chacun. Il r\u00e9duit \u00e9galement les probl\u00e8mes de circulation et entra\u00eene une baisse de la pollution.<br \/>\nQuelques acteurs :<\/li>\n<\/ul>\n<p>&#8211; <strong>dans le Tarn<\/strong>, avec le Conseil g\u00e9n\u00e9ral. Vous trouverez toutes informations utiles sur les aires de covoiturage en cliquant sur le lien <a href=\"http:\/\/covoiturage.tarn.fr\/\" target=\"_blank\" rel=\"noopener\">http:\/\/covoiturage.tarn.fr\/<\/a><\/p>\n<p>&#8211; <strong>au niveau national,<\/strong> plusieurs sites proposent leurs services. Parmi eux : <a href=\"http:\/\/www.solution-covoiturage.com\/\" target=\"_blank\" rel=\"noopener\">http:\/\/www.solution-covoiturage.com\/<\/a><\/p>\n","protected":false},"excerpt":{"rendered":"<p>\u2022 Vous recherchez des informations sur le transport scolaire, dans votre commune ou sur le d\u00e9partement, vous trouverez toutes informations utiles sur le site de la FEDERTEEP 16 rue Fonvieille \u00e0 Albi. &nbsp; &nbsp; Le transport \u00e0 la demande pour tous \u00ab\u00a0TAD\u00a0\u00bb : Un service de transport public sur le territoire de Gaillac-Graulhet Agglom\u00e9ration. Le Transport [&hellip;]<\/p>\n","protected":false},"author":2,"featured_media":0,"parent":0,"menu_order":0,"comment_status":"closed","ping_status":"closed","template":"","meta":{"footnotes":""},"_links":{"self":[{"href":"https:\/\/www.cahuzac-sur-vere.fr\/web\/wp-json\/wp\/v2\/pages\/11943"}],"collection":[{"href":"https:\/\/www.cahuzac-sur-vere.fr\/web\/wp-json\/wp\/v2\/pages"}],"about":[{"href":"https:\/\/www.cahuzac-sur-vere.fr\/web\/wp-json\/wp\/v2\/types\/page"}],"author":[{"embeddable":true,"href":"https:\/\/www.cahuzac-sur-vere.fr\/web\/wp-json\/wp\/v2\/users\/2"}],"replies":[{"embeddable":true,"href":"https:\/\/www.cahuzac-sur-vere.fr\/web\/wp-json\/wp\/v2\/comments?post=11943"}],"version-history":[{"count":13,"href":"https:\/\/www.cahuzac-sur-vere.fr\/web\/wp-json\/wp\/v2\/pages\/11943\/revisions"}],"predecessor-version":[{"id":16493,"href":"https:\/\/www.cahuzac-sur-vere.fr\/web\/wp-json\/wp\/v2\/pages\/11943\/revisions\/16493"}],"wp:attachment":[{"href":"https:\/\/www.cahuzac-sur-vere.fr\/web\/wp-json\/wp\/v2\/media?parent=11943"}],"curies":[{"name":"wp","href":"https:\/\/api.w.org\/{rel}","templated":true}]}}