{"id":11945,"date":"2016-09-16T09:27:56","date_gmt":"2016-09-16T07:27:56","guid":{"rendered":"http:\/\/www.cahuzac-sur-vere.fr\/web\/?page_id=11945"},"modified":"2016-11-14T15:21:55","modified_gmt":"2016-11-14T14:21:55","slug":"chiens-et-chats","status":"publish","type":"page","link":"https:\/\/www.cahuzac-sur-vere.fr\/web\/chiens-et-chats\/","title":{"rendered":"Chiens et chats"},"content":{"rendered":"<p><strong><img loading=\"lazy\" decoding=\"async\" class=\"wp-image-12331 alignleft\" src=\"https:\/\/www.cahuzac-sur-vere.fr\/web\/wp-content\/uploads\/2016\/09\/chien-chat-slider.png\" alt=\"chien-chat-slider\" width=\"231\" height=\"178\" srcset=\"https:\/\/www.cahuzac-sur-vere.fr\/web\/wp-content\/uploads\/2016\/09\/chien-chat-slider-200x154.png 200w, https:\/\/www.cahuzac-sur-vere.fr\/web\/wp-content\/uploads\/2016\/09\/chien-chat-slider-300x231.png 300w, https:\/\/www.cahuzac-sur-vere.fr\/web\/wp-content\/uploads\/2016\/09\/chien-chat-slider-400x308.png 400w, https:\/\/www.cahuzac-sur-vere.fr\/web\/wp-content\/uploads\/2016\/09\/chien-chat-slider.png 460w\" sizes=\"(max-width: 231px) 100vw, 231px\" \/>Nous rappelons aux propri\u00e9taires des chiens et des chats de la commune qu\u2019il est strictement interdit par le Code rural ( art L.221-22 et 23) de laisser divaguer leurs animaux.<\/strong><br \/>\n<strong> En promenade, les chiens doivent \u00eatre tenus en laisse.<\/strong><\/p>\n<p>Au domicile, vous devez les tenir enferm\u00e9s ou avoir un enclos dont les cl\u00f4tures sont suffisamment hautes pour \u00e9viter qu\u2019ils ne s\u2019\u00e9chappent.<\/p>\n<p>Les chiens et chats peuvent \u00eatre emmen\u00e9s \u00e0 la fourri\u00e8re du Garric.<\/p>\n<p>La mairie dispose d\u2019un lecteur de puce permettant d\u2019identifier l\u2019animal avant sa mise en fourri\u00e8re. Une participation sera alors demand\u00e9e au propri\u00e9taire lors de sa r\u00e9cup\u00e9ration.<\/p>\n","protected":false},"excerpt":{"rendered":"<p>Nous rappelons aux propri\u00e9taires des chiens et des chats de la commune qu\u2019il est strictement interdit par le Code rural ( art L.221-22 et 23) de laisser divaguer leurs animaux. En promenade, les chiens doivent \u00eatre tenus en laisse. Au domicile, vous devez les tenir enferm\u00e9s ou avoir un enclos dont les cl\u00f4tures sont suffisamment hautes [&hellip;]<\/p>\n","protected":false},"author":2,"featured_media":0,"parent":0,"menu_order":0,"comment_status":"closed","ping_status":"closed","template":"","meta":{"footnotes":""},"_links":{"self":[{"href":"https:\/\/www.cahuzac-sur-vere.fr\/web\/wp-json\/wp\/v2\/pages\/11945"}],"collection":[{"href":"https:\/\/www.cahuzac-sur-vere.fr\/web\/wp-json\/wp\/v2\/pages"}],"about":[{"href":"https:\/\/www.cahuzac-sur-vere.fr\/web\/wp-json\/wp\/v2\/types\/page"}],"author":[{"embeddable":true,"href":"https:\/\/www.cahuzac-sur-vere.fr\/web\/wp-json\/wp\/v2\/users\/2"}],"replies":[{"embeddable":true,"href":"https:\/\/www.cahuzac-sur-vere.fr\/web\/wp-json\/wp\/v2\/comments?post=11945"}],"version-history":[{"count":4,"href":"https:\/\/www.cahuzac-sur-vere.fr\/web\/wp-json\/wp\/v2\/pages\/11945\/revisions"}],"predecessor-version":[{"id":12332,"href":"https:\/\/www.cahuzac-sur-vere.fr\/web\/wp-json\/wp\/v2\/pages\/11945\/revisions\/12332"}],"wp:attachment":[{"href":"https:\/\/www.cahuzac-sur-vere.fr\/web\/wp-json\/wp\/v2\/media?parent=11945"}],"curies":[{"name":"wp","href":"https:\/\/api.w.org\/{rel}","templated":true}]}}