{"id":11947,"date":"2016-09-16T09:28:26","date_gmt":"2016-09-16T07:28:26","guid":{"rendered":"http:\/\/www.cahuzac-sur-vere.fr\/web\/?page_id=11947"},"modified":"2018-12-19T11:27:07","modified_gmt":"2018-12-19T10:27:07","slug":"conditions-de-reservation","status":"publish","type":"page","link":"https:\/\/www.cahuzac-sur-vere.fr\/web\/conditions-de-reservation\/","title":{"rendered":"Conditions de r\u00e9servation"},"content":{"rendered":"<div id=\"attachment_12383\" style=\"width: 325px\" class=\"wp-caption alignleft\"><img loading=\"lazy\" decoding=\"async\" aria-describedby=\"caption-attachment-12383\" class=\"wp-image-12383\" src=\"https:\/\/www.cahuzac-sur-vere.fr\/web\/wp-content\/uploads\/2016\/09\/IMG_3507_3.jpg\" alt=\"img_3507_3\" width=\"315\" height=\"201\" srcset=\"https:\/\/www.cahuzac-sur-vere.fr\/web\/wp-content\/uploads\/2016\/09\/IMG_3507_3-200x128.jpg 200w, https:\/\/www.cahuzac-sur-vere.fr\/web\/wp-content\/uploads\/2016\/09\/IMG_3507_3-300x192.jpg 300w, https:\/\/www.cahuzac-sur-vere.fr\/web\/wp-content\/uploads\/2016\/09\/IMG_3507_3-400x255.jpg 400w, https:\/\/www.cahuzac-sur-vere.fr\/web\/wp-content\/uploads\/2016\/09\/IMG_3507_3-460x295.jpg 460w, https:\/\/www.cahuzac-sur-vere.fr\/web\/wp-content\/uploads\/2016\/09\/IMG_3507_3-600x383.jpg 600w, https:\/\/www.cahuzac-sur-vere.fr\/web\/wp-content\/uploads\/2016\/09\/IMG_3507_3-768x490.jpg 768w, https:\/\/www.cahuzac-sur-vere.fr\/web\/wp-content\/uploads\/2016\/09\/IMG_3507_3-800x511.jpg 800w, https:\/\/www.cahuzac-sur-vere.fr\/web\/wp-content\/uploads\/2016\/09\/IMG_3507_3-1024x654.jpg 1024w, https:\/\/www.cahuzac-sur-vere.fr\/web\/wp-content\/uploads\/2016\/09\/IMG_3507_3-1200x766.jpg 1200w, https:\/\/www.cahuzac-sur-vere.fr\/web\/wp-content\/uploads\/2016\/09\/IMG_3507_3.jpg 2861w\" sizes=\"(max-width: 315px) 100vw, 315px\" \/><p id=\"caption-attachment-12383\" class=\"wp-caption-text\">Salle des F\u00eates de Cahuzac sur V\u00e8re<\/p><\/div>\n<p>La commune dispose de plusieurs salles destin\u00e9es \u00e0 des activit\u00e9s scolaires, p\u00e9riscolaires et associatives.<\/p>\n<p><strong>Quatre salles sont \u00e0 la location<\/strong>\u00a0sous conditions : la salle des f\u00eates (236 personnes assises), les salles 1 et 2, situ\u00e9es \u00e0 l&rsquo;\u00e9tage de la Salle des F\u00eates ( 15 \u00e0 \u00a025 places ) \u00a0et la salle des associations ( 30 personnes assises)<\/p>\n<p>La\u00a0r\u00e9glementation des salles s&rsquo;applique\u00a0 \u00e0 tous les utilisateurs de la salle.Tout diff\u00e9rend ou litige concernant son application est de la comp\u00e9tence exclusive de la Municipalit\u00e9.<br \/>\n<strong>Un exemplaire du r\u00e8glement int\u00e9rieur est sign\u00e9 par l&rsquo;utilisateur lors de la remise des cl\u00e9s<\/strong>, <strong>en m\u00eame temps que la convention d&rsquo;utilisation de la salle. <\/strong><\/p>\n<p>Ces documents sont accessibles en ligne en cliquant sur les liens pr\u00e9vus \u00e0 cet effet en bas de page.<\/p>\n<p><span style=\"color: #0000ff;\"><strong>Les r\u00e9servations peuvent \u00eatre faites : <\/strong><\/span><br \/>\n&#8211; par des personnes ou associations domicili\u00e9es \u00e0 Cahuzac-sur-V\u00e8re.<br \/>\n&#8211; par des personnes ou associations situ\u00e9es \u00e0 proximit\u00e9 du village <strong>sous conditions.<\/strong><\/p>\n<p>Le locataire reconna\u00eet avoir visit\u00e9 les lieux et constat\u00e9 l&rsquo;existence des \u00e9l\u00e9ments qui composent les locaux et leur conformit\u00e9 avec la fiche descriptive annex\u00e9e \u00e0 la convention qu&rsquo;il signe.<\/p>\n<p><strong><span style=\"color: #0000ff;\">Electricit\u00e9 , chauffage :<\/span><br \/>\n<\/strong>L&rsquo;\u00e9lectricit\u00e9 et le chauffage \u00a0sont pay\u00e9es par forfait: 30 euros pour la salle des f\u00eates, 15 euros pour la salle des associations et les salles \u00e0 l&rsquo;\u00e9tage de la Salle des F\u00eates.<\/p>\n<p><strong>Lors de chaque utilisation,<\/strong> une personne physique, d\u00e9sign\u00e9e par l&rsquo;utilisateur, sera responsable de la fermeture des portes, de l&rsquo;extinction du chauffage et divers \u00e9clairages.<\/p>\n<p><span style=\"color: #0000ff;\"><strong>Tri des d\u00e9chets et gestion des panneaux publicitaires <\/strong>:<\/span><br \/>\n&#8211; les d\u00e9chets doivent \u00eatre tri\u00e9s et plac\u00e9s dans les conteneurs de proximit\u00e9. <span style=\"color: #ff0000;\"><strong>Pensez \u00e0 apporter et \u00e0 utiliser des sacs-poubelle<\/strong><\/span> avant de jeter les d\u00e9chets dans les conteneurs<br \/>\n&#8211; L&rsquo;utilisateur devra \u00e9galement veiller \u00e0 ce que toute publicit\u00e9 signalant la manifestation (pancarte, fl\u00e8che&#8230;) et install\u00e9e sur le territoire de la commune soit \u00f4t\u00e9e au plus t\u00f4t apr\u00e8s ladite manifestation.<\/p>\n<p><strong><span style=\"color: #ff0000;\">D\u00e9gradations :<\/span><br \/>\n<\/strong>Tout utilisateur de la salle ou des installations diverses devra laisser les lieux en parfait \u00e9tat de propret\u00e9.\u00a0\u00a0 Il s&rsquo;engage \u00e0 r\u00e9pondre des d\u00e9gradations et pertes qui surviendraient dans les lieux lou\u00e9s pendant la dur\u00e9e de la r\u00e9servation.<br \/>\nToute d\u00e9gradation ou anomalie survenue au cours de l&rsquo;utilisation de la salle devra \u00eatre signal\u00e9e \u00e0 la Mairie.<br \/>\nLes d\u00e9gradations constat\u00e9es seront mises \u00e0 la charge de l&rsquo;utilisateur, signataire de la convention.\u00a0\u00a0\u00a0 Tout compl\u00e9ment de nettoyage sera refactur\u00e9 au locataire.<\/p>\n<p><strong>\u00ab\u00a0<span style=\"color: #0000ff;\"><span style=\"font-size: 14pt;\">Renseignements et r\u00e9servations aupr\u00e8s du Secr\u00e9tariat de Mairie\u00a0: <\/span><span style=\"color: #000000; font-size: 14pt;\">05 63 33 90 18<\/span><\/span><\/strong><br \/>\nPour t\u00e9l\u00e9charger les documents que vous devrez signer en mairie <strong>cliquez<\/strong> sur les liens suivants\u00a0:<br \/>\n&#8211; <a href=\"https:\/\/www.cahuzac-sur-vere.fr\/web\/wp-content\/uploads\/2016\/11\/Reglement_Interieur_loc_salle_Cahuzac_s-v.pdf\" target=\"_blank\" rel=\"noopener\">R\u00e8glement int\u00e9rieur<\/a><br \/>\n&#8211; <a href=\"https:\/\/www.cahuzac-sur-vere.fr\/web\/wp-content\/uploads\/2016\/11\/Conv_Salles_cahuzac-s-vere.pdf\" target=\"_blank\" rel=\"noopener\">Convention d\u2019utilisation<\/a><\/p>\n","protected":false},"excerpt":{"rendered":"<p>La commune dispose de plusieurs salles destin\u00e9es \u00e0 des activit\u00e9s scolaires, p\u00e9riscolaires et associatives. Quatre salles sont \u00e0 la location\u00a0sous conditions : la salle des f\u00eates (236 personnes assises), les salles 1 et 2, situ\u00e9es \u00e0 l&rsquo;\u00e9tage de la Salle des F\u00eates ( 15 \u00e0 \u00a025 places ) \u00a0et la salle des associations ( 30 personnes [&hellip;]<\/p>\n","protected":false},"author":2,"featured_media":0,"parent":0,"menu_order":0,"comment_status":"closed","ping_status":"closed","template":"","meta":{"footnotes":""},"_links":{"self":[{"href":"https:\/\/www.cahuzac-sur-vere.fr\/web\/wp-json\/wp\/v2\/pages\/11947"}],"collection":[{"href":"https:\/\/www.cahuzac-sur-vere.fr\/web\/wp-json\/wp\/v2\/pages"}],"about":[{"href":"https:\/\/www.cahuzac-sur-vere.fr\/web\/wp-json\/wp\/v2\/types\/page"}],"author":[{"embeddable":true,"href":"https:\/\/www.cahuzac-sur-vere.fr\/web\/wp-json\/wp\/v2\/users\/2"}],"replies":[{"embeddable":true,"href":"https:\/\/www.cahuzac-sur-vere.fr\/web\/wp-json\/wp\/v2\/comments?post=11947"}],"version-history":[{"count":14,"href":"https:\/\/www.cahuzac-sur-vere.fr\/web\/wp-json\/wp\/v2\/pages\/11947\/revisions"}],"predecessor-version":[{"id":14327,"href":"https:\/\/www.cahuzac-sur-vere.fr\/web\/wp-json\/wp\/v2\/pages\/11947\/revisions\/14327"}],"wp:attachment":[{"href":"https:\/\/www.cahuzac-sur-vere.fr\/web\/wp-json\/wp\/v2\/media?parent=11947"}],"curies":[{"name":"wp","href":"https:\/\/api.w.org\/{rel}","templated":true}]}}