{"id":11953,"date":"2016-09-16T09:40:05","date_gmt":"2016-09-16T07:40:05","guid":{"rendered":"http:\/\/www.cahuzac-sur-vere.fr\/web\/?page_id=11953"},"modified":"2025-08-22T10:14:52","modified_gmt":"2025-08-22T08:14:52","slug":"vins-et-vignobles","status":"publish","type":"page","link":"https:\/\/www.cahuzac-sur-vere.fr\/web\/vins-et-vignobles\/","title":{"rendered":"Vins et vignobles"},"content":{"rendered":"<p><strong><span style=\"color: #ca0c67;\">Cahuzac-sur-V\u00e8re<\/span><\/strong><\/p>\n<p><strong>Ch\u00e2teau Ad\u00e9la\u00efde<\/strong><br \/>\nAntoine FERRETTI<br \/>\nCinq Peyres \u2013 81140 CAHUZAC SUR VERE<br \/>\nT\u00e9l. :05.63.33.92.76<br \/>\nEmail :\u00a0<a href=\"mailto:antoineferretti@aol.com\">antoineferretti@aol.com<\/a><br \/>\n<a href=\"http:\/\/www.chateauadelaide.com\/\" target=\"_blank\" rel=\"noopener\">www.chateauadelaide.com<\/a><\/p>\n<p><strong>Ch\u00e2teau Larroze<\/strong><br \/>\nVIGNOBLES Jean CROS<br \/>\nLa Colombari\u00e9 \u2013 81140 CAHUZAC SUR VERE<br \/>\nT\u00e9l. :05.63.33.92.62<br \/>\nEmail :\u00a0<a href=\"mailto:larroze@anavin.com\">larroze@anavin.com<\/a><br \/>\n<a href=\"http:\/\/www.chateaularroze.com\/\" target=\"_blank\" rel=\"noopener\">www.chateaularroze.com<\/a><\/p>\n<p><strong>Ch\u00e2teau de Salettes<\/strong><br \/>\nChantal DERRIEUX<br \/>\n81140 CAHUZAC SUR VERE<\/p>\n<p>T\u00e9l. :05 63 33 60 63<\/p>\n<p>Email :\u00a0<a href=\"mailto:vins@chateaudesalettes.com\">vins@chateaudesalettes.com<\/a><br \/>\n<a href=\"http:\/\/www.chateaudesalettes.com\/\" target=\"_blank\" rel=\"noopener\">www.chateaudesalettes.com<\/a><\/p>\n<p><strong>Domaine de Bosc-Long<\/strong><br \/>\nLudwig WILLENBORG<br \/>\n81140 CAHUZAC SUR VERE<br \/>\nT\u00e9l. :05.63.33.94.45<\/p>\n<p><strong>Domaine de Brousse<\/strong><br \/>\nPhilippe et Suzanne BOISSEL<br \/>\n81140 CAHUZAC SUR VERE<br \/>\nT\u00e9l. :05.63.33.90.14<br \/>\n<a href=\"mailto:domainedebrousse@wanadoo.fr\">domainedebrousse@wanadoo.fr<\/a><\/p>\n<p><strong>Domaine des Cahus<\/strong><br \/>\nLaurent CADARS<br \/>\nLaubarel \u2013 81140 CAHUZAC SUR VERE<br \/>\nT\u00e9l. :05.63.33.94.61<a href=\"http:\/\/www.domainedescahus.com\/\" target=\"_blank\" rel=\"noopener\"><br \/>\nwww.domainedescahus.com<\/a><br \/>\nEmail :\u00a0<a href=\"mailto:domainedescahus@aliceadsl.fr\">domainedescahus@aliceadsl.fr<br \/>\n<\/a><br \/>\n<strong>Domaine Pech del cel<\/strong><br \/>\nClaude et Brigitte AUREL<br \/>\nLintin \u2013 81140 CAHUZAC SUR VERE<br \/>\nT\u00e9l : 05.63.56.08.06<br \/>\nEmail :\u00a0<a href=\"mailto:pieduciel81@hotmail.fr\">pieduciel81@hotmail.fr<\/a><\/p>\n<p><strong>Domaine Peyres-Roses<\/strong><br \/>\nAstrid et Olivier BONNAFONT<br \/>\nCinq Peyres \u2013 81140 CAHUZAC SUR VERE<br \/>\nT\u00e9l. :05.63.33.23.34<br \/>\nEmail :\u00a0<a href=\"mailto:olivier.bonnafont@wanadoo.fr\">olivier.bonnafont@wanadoo.fr<\/a><br \/>\n<a href=\"http:\/\/www.domaine-peyresroses.com\/\" target=\"_blank\" rel=\"noopener\">www.domaine-peyresroses.com<\/a><\/p>\n<p><strong>Domaines Philippe-Gayrel<\/strong><br \/>\nRavailhe \u2013 81140 CAHUZAC SUR VERE<br \/>\nT\u00e9l : 05.63.33.91.16<\/p>\n<p><strong>Domaine Plageoles<\/strong><br \/>\nBernard et Robert PLAGEOLES<br \/>\n81140 CAHUZAC SUR VERE<br \/>\nT\u00e9l. :05.63.33.90.40<a href=\"http:\/\/www.vins-plageoles.com\/\" target=\"_blank\" rel=\"noopener\"><br \/>\nwww.vins-plageoles.com<\/a><br \/>\nEmail :\u00a0<a href=\"mailto:vinsplageoles@orange.fr\">vinsplageoles@orange.fr<\/a><\/p>\n<p><strong>Domaine Salvy<\/strong><br \/>\nMich\u00e8le et Anne MARC<br \/>\nArzac \u2013 81140 CAHUZAC SUR VERE<br \/>\nT\u00e9l. :05.63.33.97.64<br \/>\nEmail :\u00a0<a href=\"mailto:salvy@wanadoo.fr\">salvy@wanadoo.fr<\/a><br \/>\n<a href=\"http:\/\/www.domainesalvy.free.fr\/\" target=\"_blank\" rel=\"noopener\">www.domainesalvy.free.fr<\/a><\/p>\n<p><strong>Mas Brunet<\/strong><br \/>\nR\u00e9mi KUNTZ<br \/>\n81140 CAHUZAC SUR VERE<br \/>\nT\u00e9l. :05.63.33.98.23<a href=\"http:\/\/masbrunet.free.fr\/\" target=\"_blank\" rel=\"noopener\"><br \/>\nmasbrunet.free.fr<\/a><br \/>\nEmail :\u00a0<a href=\"mailto:masbrunet@wanadoo.fr\">masbrunet@wanadoo.fr<\/a><\/p>\n<p><strong>Domaine de Cantalauze<\/strong><br \/>\nPierre-Olivier et Pauline Laurent<br \/>\n415, route de Lintin<br \/>\n81140 Cahuzac sur V\u00e8re<br \/>\n05 63 56 07 97<br \/>\n<a title=\"mailto:cantalauze@orange.fr\" href=\"mailto:cantalauze@orange.fr\" target=\"_blank\" rel=\"noopener noreferrer\">cantalauze@orange.fr<\/a><br \/>\n<a href=\"https:\/\/cantalauze.fr\/\">https:\/\/cantalauze.fr\/<\/a><\/p>\n<h3><span style=\"color: #ca0c67;\"><strong>Andillac<\/strong><\/span><\/h3>\n<p><strong><span style=\"color: #ca0c67;\">Domaine<\/span> des Cailloutis<\/strong><br \/>\nBernard FABRE<br \/>\n81140 ANDILLAC<br \/>\nT\u00e9l. :05.63.33.97.63<br \/>\nEmail :\u00a0<a href=\"mailto:BernardFabre2@aol.com\">BernardFabre2@aol.com<\/a><\/p>\n<p><strong>Domaine de Clos Rocailleux<\/strong><br \/>\nMargaret et Jack RECKITT<br \/>\nCondomines \u2013 81140 ANDILLAC<br \/>\nT\u00e9l. : 09.67.20.89.75<br \/>\nEmail :\u00a0<a href=\"mailto:margaretreckitt@btinternet.com\">margaretreckitt@btinternet.com<\/a><br \/>\n<a href=\"http:\/\/closrocailleux.com\/\" target=\"_blank\" rel=\"noopener\">www.closrocailleux.com<\/a><\/p>\n<p><strong>Domaine de Condomines<\/strong><br \/>\nG et C RAMOND<br \/>\nCondomines \u2013 81140 ANDILLAC<br \/>\nT\u00e9l. :05.63.33.91.95<\/p>\n<p><strong>Domaine de Peyres-Combe<\/strong><br \/>\nVictor BRUREAU<br \/>\nLa Combe \u2013 81140 ANDILLAC<br \/>\nT\u00e9l. :05.63.33.94.67<br \/>\nEmail :\u00a0<a href=\"mailto:peyres-combe@wanadoo.fr\">peyres-combe@wanadoo.fr<\/a><\/p>\n<p><span style=\"color: #ca0c67;\"><strong>Montels<\/strong><\/span><\/p>\n<p><strong>Ch\u00e2teau d\u2019Arlus<\/strong><br \/>\nLucien SCHMITT<br \/>\nLes Homps \u2013 81140 MONTELS<br \/>\nT\u00e9l. :05.63.33.15.06<br \/>\n<a href=\"http:\/\/www.chateau-d-arlus.com\/\" target=\"_blank\" rel=\"noopener\">www.chateau-d-arlus.com<\/a><\/p>\n<p><span style=\"color: #ca0c67;\"><strong>Vieux<\/strong><\/span><\/p>\n<p><strong>Domaine de Causse-Marines<\/strong><br \/>\nPatrice LESCARRET<br \/>\n81140 VIEUX<br \/>\nT\u00e9l. :05.63.33.98.30<br \/>\nEmail :\u00a0<a href=\"mailto:causse-marines@infonie.fr\">causse-marines@infonie.fr<\/a><\/p>\n","protected":false},"excerpt":{"rendered":"<p>Cahuzac-sur-V\u00e8re Ch\u00e2teau Ad\u00e9la\u00efde Antoine FERRETTI Cinq Peyres \u2013 81140 CAHUZAC SUR VERE T\u00e9l. :05.63.33.92.76 Email :\u00a0antoineferretti@aol.com www.chateauadelaide.com Ch\u00e2teau Larroze VIGNOBLES Jean CROS La Colombari\u00e9 \u2013 81140 CAHUZAC SUR VERE T\u00e9l. :05.63.33.92.62 Email :\u00a0larroze@anavin.com www.chateaularroze.com Ch\u00e2teau de Salettes Chantal DERRIEUX 81140 CAHUZAC SUR VERE T\u00e9l. :05 63 33 60 63 Email :\u00a0vins@chateaudesalettes.com www.chateaudesalettes.com Domaine de Bosc-Long Ludwig [&hellip;]<\/p>\n","protected":false},"author":2,"featured_media":0,"parent":0,"menu_order":0,"comment_status":"closed","ping_status":"closed","template":"","meta":{"footnotes":""},"_links":{"self":[{"href":"https:\/\/www.cahuzac-sur-vere.fr\/web\/wp-json\/wp\/v2\/pages\/11953"}],"collection":[{"href":"https:\/\/www.cahuzac-sur-vere.fr\/web\/wp-json\/wp\/v2\/pages"}],"about":[{"href":"https:\/\/www.cahuzac-sur-vere.fr\/web\/wp-json\/wp\/v2\/types\/page"}],"author":[{"embeddable":true,"href":"https:\/\/www.cahuzac-sur-vere.fr\/web\/wp-json\/wp\/v2\/users\/2"}],"replies":[{"embeddable":true,"href":"https:\/\/www.cahuzac-sur-vere.fr\/web\/wp-json\/wp\/v2\/comments?post=11953"}],"version-history":[{"count":10,"href":"https:\/\/www.cahuzac-sur-vere.fr\/web\/wp-json\/wp\/v2\/pages\/11953\/revisions"}],"predecessor-version":[{"id":12651,"href":"https:\/\/www.cahuzac-sur-vere.fr\/web\/wp-json\/wp\/v2\/pages\/11953\/revisions\/12651"}],"wp:attachment":[{"href":"https:\/\/www.cahuzac-sur-vere.fr\/web\/wp-json\/wp\/v2\/media?parent=11953"}],"curies":[{"name":"wp","href":"https:\/\/api.w.org\/{rel}","templated":true}]}}