{"id":12101,"date":"2016-10-05T16:27:26","date_gmt":"2016-10-05T14:27:26","guid":{"rendered":"http:\/\/www.cahuzac-sur-vere.fr\/web\/?page_id=12101"},"modified":"2023-11-13T11:33:34","modified_gmt":"2023-11-13T10:33:34","slug":"conseil-municipal-enfant","status":"publish","type":"page","link":"https:\/\/www.cahuzac-sur-vere.fr\/web\/conseil-municipal-enfant\/","title":{"rendered":"Conseil Municipal Enfant"},"content":{"rendered":"<p><strong>Depuis le 13 avril 2013, Cahuzac sur V\u00e8re est dot\u00e9 d\u2019un Conseil Municipal Enfants,\u00a0<\/strong>\u00e9lu pour deux ans, parmi les \u00e9coliers de l\u2019Ecole Prim\u2019V\u00e8re \u00e0 Cahuzac sur V\u00e8re . Ce mandat est ouvert aux enfants des classes de CE2, CM1 et CM2. Le nombre des \u00e9lus est de sept.<\/p>\n<p><strong>L\u2019objectif est<\/strong>\u00a0<strong>de sensibiliser les enfants \u00e0 la vie de leur commune et \u00e0 la notion d\u2019int\u00e9r\u00eat g\u00e9n\u00e9ral<\/strong><strong>,<\/strong>\u00a0en leur permettant de d\u00e9couvrir et de vivre pleinement\u00a0la notion de citoyennet\u00e9.<\/p>\n<p><strong>On leur doit ainsi pour l\u2019instant :<\/strong><\/p>\n<p>\u2013 La cr\u00e9ation d\u2019une canisette et installation d\u2019une Toutounette pour les d\u00e9jections canines.<\/p>\n<p>\u2013 La mise en place de deux nouveaux jeux \u00e0 l\u2019aire.<br \/>\n\u2013 l\u2019am\u00e9nagement du coin loisir pour les jeunes de Cahuzac\u00a0 ( \u00ab\u00a0 City Park \u00bb, table de ping-pong, fontaine, bancs\u2026) , la cr\u00e9ation d\u2019une bo\u00eete \u00e0 livres,<br \/>\n\u2013 des participations \u00e0 la lutte antitabac \u00e0 l\u2019\u00e9cole et devant l\u2019\u00e9cole, une campagne de s\u00e9curit\u00e9 routi\u00e8re sur le port du casque \u00e0 v\u00e9lo, une campagne \u00a0\u00bb Moins d\u2019ordures pour le futur\u00a0\u00bb,<br \/>\n\u2013 le nom m\u00eame de l\u2019\u00e9cole, \u00ab\u00a0Prim\u2019V\u00e8re\u00a0\u00bb, avec la mise en place d\u2019une enqu\u00eate participative aupr\u00e8s de leurs camarades et des Cahuzacois,<br \/>\n\u2013 de belles op\u00e9rations de solidarit\u00e9 pour le T\u00e9l\u00e9thon : la cr\u00e9ation et la vente d\u2019un calendrier du T\u00e9l\u00e9thon, un l\u00e2cher de ballons,<br \/>\n\u2013 la participation \u00e0 l\u2019Exposition m\u00e9morielle sur \u00a0\u00bb Les Poilus, morts pour la France\u00a0\u00bb, dans le village.<\/p>\n<p><strong>Pour plus d\u2019information contactez l\u2019 \u00e9lue responsable : Gallesio Emmanuelle \/ masega81@orange.fr\u00a0<\/strong><\/p>\n","protected":false},"excerpt":{"rendered":"<p>Depuis le 13 avril 2013, Cahuzac sur V\u00e8re est dot\u00e9 d\u2019un Conseil Municipal Enfants,\u00a0\u00e9lu pour deux ans, parmi les \u00e9coliers de l\u2019Ecole Prim\u2019V\u00e8re \u00e0 Cahuzac sur V\u00e8re . Ce mandat est ouvert aux enfants des classes de CE2, CM1 et CM2. Le nombre des \u00e9lus est de sept. L\u2019objectif est\u00a0de sensibiliser les enfants \u00e0 la vie [&hellip;]<\/p>\n","protected":false},"author":2,"featured_media":0,"parent":0,"menu_order":0,"comment_status":"closed","ping_status":"closed","template":"","meta":{"footnotes":""},"_links":{"self":[{"href":"https:\/\/www.cahuzac-sur-vere.fr\/web\/wp-json\/wp\/v2\/pages\/12101"}],"collection":[{"href":"https:\/\/www.cahuzac-sur-vere.fr\/web\/wp-json\/wp\/v2\/pages"}],"about":[{"href":"https:\/\/www.cahuzac-sur-vere.fr\/web\/wp-json\/wp\/v2\/types\/page"}],"author":[{"embeddable":true,"href":"https:\/\/www.cahuzac-sur-vere.fr\/web\/wp-json\/wp\/v2\/users\/2"}],"replies":[{"embeddable":true,"href":"https:\/\/www.cahuzac-sur-vere.fr\/web\/wp-json\/wp\/v2\/comments?post=12101"}],"version-history":[{"count":2,"href":"https:\/\/www.cahuzac-sur-vere.fr\/web\/wp-json\/wp\/v2\/pages\/12101\/revisions"}],"predecessor-version":[{"id":16102,"href":"https:\/\/www.cahuzac-sur-vere.fr\/web\/wp-json\/wp\/v2\/pages\/12101\/revisions\/16102"}],"wp:attachment":[{"href":"https:\/\/www.cahuzac-sur-vere.fr\/web\/wp-json\/wp\/v2\/media?parent=12101"}],"curies":[{"name":"wp","href":"https:\/\/api.w.org\/{rel}","templated":true}]}}