{"id":12127,"date":"2016-11-09T17:17:42","date_gmt":"2016-11-09T16:17:42","guid":{"rendered":"http:\/\/www.cahuzac-sur-vere.fr\/web\/?page_id=12127"},"modified":"2021-04-19T10:28:24","modified_gmt":"2021-04-19T08:28:24","slug":"presentation-conseil-municipal-enfant","status":"publish","type":"page","link":"https:\/\/www.cahuzac-sur-vere.fr\/web\/presentation-conseil-municipal-enfant\/","title":{"rendered":"Pr\u00e9sentation Conseil Municipal Enfant"},"content":{"rendered":"<p><strong><span style=\"color: #0000ff;\">Depuis le 13 avril 2013<\/span>, Cahuzac sur V\u00e8re est dot\u00e9 d\u2019un Conseil Municipal Enfants, <\/strong>\u00e9lu pour deux ans, parmi les \u00e9coliers de l\u2019Ecole Prim\u2019V\u00e8re \u00e0 Cahuzac sur V\u00e8re . Ce mandat est ouvert aux enfants des classes de CE2, CM1 et CM2. Le nombre des \u00e9lus est de sept.<\/p>\n<p><span style=\"color: #0000ff;\"><strong>L\u2019objectif est<\/strong><span style=\"color: #3366ff;\">\u00a0<span style=\"color: #0000ff;\"><strong>de sensibiliser les enfants \u00e0 la vie de leur commune et \u00e0 la notion d\u2019int\u00e9r\u00eat g\u00e9n\u00e9ral<\/strong><\/span><\/span><strong>,<\/strong><\/span> en leur permettant de d\u00e9couvrir et de vivre pleinement <span style=\"color: #3366ff;\">la notion de citoyennet\u00e9.<\/span><\/p>\n<p><strong>On leur doit ainsi pour l&rsquo;instant :<\/strong><\/p>\n<p>&#8211; La cr\u00e9ation d&rsquo;une canisette et installation d&rsquo;une Toutounette pour les d\u00e9jections canines.<\/p>\n<p>&#8211; La mise en place de deux nouveaux jeux \u00e0 l&rsquo;aire.<br \/>\n&#8211; l\u2019am\u00e9nagement du coin loisir pour les jeunes de Cahuzac\u00a0 ( \u00ab\u00a0 City Park \u00bb, table de ping-pong, fontaine, bancs\u2026) , la cr\u00e9ation d&rsquo;une bo\u00eete \u00e0 livres,<br \/>\n&#8211; des participations \u00e0 la lutte antitabac \u00e0 l\u2019\u00e9cole et devant l\u2019\u00e9cole, une campagne de s\u00e9curit\u00e9 routi\u00e8re sur le port du casque \u00e0 v\u00e9lo, une campagne \u00a0\u00bb Moins d&rsquo;ordures pour le futur\u00a0\u00bb,<br \/>\n&#8211; le nom m\u00eame de l\u2019\u00e9cole, \u00ab\u00a0Prim\u2019V\u00e8re\u00a0\u00bb, avec la mise en place d\u2019une enqu\u00eate participative aupr\u00e8s de leurs camarades et des Cahuzacois,<br \/>\n&#8211; de belles op\u00e9rations de solidarit\u00e9 pour le T\u00e9l\u00e9thon : la cr\u00e9ation et la vente d&rsquo;un calendrier du T\u00e9l\u00e9thon, un l\u00e2cher de ballons,<br \/>\n&#8211; la participation \u00e0 l&rsquo;Exposition m\u00e9morielle sur \u00a0\u00bb Les Poilus, morts pour la France\u00a0\u00bb, dans le village.<\/p>\n<p><strong>Pour plus d&rsquo;information contactez l&rsquo; \u00e9lue responsable : Gallesio Emmanuelle \/ masega81@orange.fr\u00a0<\/strong><\/p>\n","protected":false},"excerpt":{"rendered":"<p>Depuis le 13 avril 2013, Cahuzac sur V\u00e8re est dot\u00e9 d\u2019un Conseil Municipal Enfants, \u00e9lu pour deux ans, parmi les \u00e9coliers de l\u2019Ecole Prim\u2019V\u00e8re \u00e0 Cahuzac sur V\u00e8re . Ce mandat est ouvert aux enfants des classes de CE2, CM1 et CM2. Le nombre des \u00e9lus est de sept. L\u2019objectif est\u00a0de sensibiliser les enfants \u00e0 la [&hellip;]<\/p>\n","protected":false},"author":2,"featured_media":0,"parent":0,"menu_order":0,"comment_status":"closed","ping_status":"closed","template":"","meta":{"footnotes":""},"_links":{"self":[{"href":"https:\/\/www.cahuzac-sur-vere.fr\/web\/wp-json\/wp\/v2\/pages\/12127"}],"collection":[{"href":"https:\/\/www.cahuzac-sur-vere.fr\/web\/wp-json\/wp\/v2\/pages"}],"about":[{"href":"https:\/\/www.cahuzac-sur-vere.fr\/web\/wp-json\/wp\/v2\/types\/page"}],"author":[{"embeddable":true,"href":"https:\/\/www.cahuzac-sur-vere.fr\/web\/wp-json\/wp\/v2\/users\/2"}],"replies":[{"embeddable":true,"href":"https:\/\/www.cahuzac-sur-vere.fr\/web\/wp-json\/wp\/v2\/comments?post=12127"}],"version-history":[{"count":8,"href":"https:\/\/www.cahuzac-sur-vere.fr\/web\/wp-json\/wp\/v2\/pages\/12127\/revisions"}],"predecessor-version":[{"id":15505,"href":"https:\/\/www.cahuzac-sur-vere.fr\/web\/wp-json\/wp\/v2\/pages\/12127\/revisions\/15505"}],"wp:attachment":[{"href":"https:\/\/www.cahuzac-sur-vere.fr\/web\/wp-json\/wp\/v2\/media?parent=12127"}],"curies":[{"name":"wp","href":"https:\/\/api.w.org\/{rel}","templated":true}]}}