{"id":12145,"date":"2016-11-10T09:37:57","date_gmt":"2016-11-10T08:37:57","guid":{"rendered":"http:\/\/www.cahuzac-sur-vere.fr\/web\/?page_id=12145"},"modified":"2020-10-20T10:42:03","modified_gmt":"2020-10-20T08:42:03","slug":"papiers-didentite","status":"publish","type":"page","link":"https:\/\/www.cahuzac-sur-vere.fr\/web\/papiers-didentite\/","title":{"rendered":"Papiers d&rsquo;identit\u00e9"},"content":{"rendered":"<p><span style=\"color: #800000;\"><strong>Demande de papier d&rsquo;identit\u00e9 <\/strong><\/span><\/p>\n<p><img loading=\"lazy\" decoding=\"async\" class=\"size-full wp-image-12147 alignright\" src=\"https:\/\/www.cahuzac-sur-vere.fr\/web\/wp-content\/uploads\/2016\/11\/passeport.jpg\" alt=\"passeport\" width=\"314\" height=\"239\" srcset=\"https:\/\/www.cahuzac-sur-vere.fr\/web\/wp-content\/uploads\/2016\/11\/passeport-200x152.jpg 200w, https:\/\/www.cahuzac-sur-vere.fr\/web\/wp-content\/uploads\/2016\/11\/passeport-300x228.jpg 300w, https:\/\/www.cahuzac-sur-vere.fr\/web\/wp-content\/uploads\/2016\/11\/passeport.jpg 314w\" sizes=\"(max-width: 314px) 100vw, 314px\" \/>Vous souhaitez refaire votre carte d&rsquo;identit\u00e9 ou votre passeport, obtenir un extrait d&rsquo;acte de naissance, retrouvez toutes les r\u00e9ponses \u00e0 vos questions sur le guide pratique des formalit\u00e9s administratives en ligne sur le site de l&rsquo;administration du <a href=\"https:\/\/www.service-public.fr\/\">Service Public<\/a>&#8230;<\/p>\n<p>&nbsp;<\/p>\n<p><span style=\"color: #800000;\"><strong>Cartes d&rsquo;identit\u00e9<\/strong><\/span><\/p>\n<p><span style=\"color: #0000ff;\"><strong>Le syst\u00e8me de d\u00e9livrance des cartes d\u2019identit\u00e9 a chang\u00e9.<\/strong>\u00a0`<\/span><\/p>\n<p>D\u00e9sormais, les demandes de cartes d\u2019identit\u00e9 suivront la m\u00eame proc\u00e9dure que celle en vigueur aujourd\u2019hui pour les passeports biom\u00e9triques et ne se feront plus \u00e0 la mairie de chaque village, mais dans un lieu centralis\u00e9.<\/p>\n<p>A partir du 7 mars 2017 , pour remplacer ou faire une carte nationale d\u2019identit\u00e9, il faudra donc prendre <strong>rendez-vous \u00e0 la mairie de Gaillac<\/strong> ( 05 63 81 20 20 ) <strong>ou \u00e0 celle de Cordes<\/strong> ( 05 63 56 00 40) pour y d\u00e9poser le dossier de demande. \u00bb<\/p>\n<p><span style=\"color: #0000ff;\"><strong>La dur\u00e9e de validit\u00e9 des cartes nationales d\u2019identit\u00e9<\/strong> <\/span>s\u00e9curis\u00e9es d\u00e9livr\u00e9es \u00e0 des personnes majeures entre le 2 janvier 2004 et le 31 d\u00e9cembre 2013 est port\u00e9e de 10 \u00e0 15 ans automatiquement.<\/p>\n<p><strong>Toutes les cartes d\u00e9livr\u00e9es \u00e0 partir du 1er janvier 2014 seront \u00e9tablies pour 15 ans<\/strong>.<\/p>\n<p>La dur\u00e9e des cartes nationales d\u2019identit\u00e9 s\u00e9curis\u00e9es d\u00e9livr\u00e9es aux personnes mineures, fix\u00e9e \u00e0 10 ans, reste inchang\u00e9e.<\/p>\n<p><span style=\"color: #800000;\"><strong>Certificat d&rsquo;immatriculation (ex carte grise)<\/strong><\/span><\/p>\n<p><span style=\"font-size: 10pt;\">La formalit\u00e9 pour l&rsquo;obtention d&rsquo;un certificat d&rsquo;immatriculation (carte grise) s&rsquo;effectue \u00e0 pr\u00e9sent de mani\u00e8re totalement num\u00e9ris\u00e9e. Pour cela, il existe deux options :<\/span><\/p>\n<ul>\n<li><span style=\"font-size: 10pt;\">en passant par le site de l&rsquo;ANTS \u00a0: <a href=\"https:\/\/immatriculation.ants.gouv.fr\/\">https:\/\/immatriculation.ants.gouv.fr\/<\/a><\/span><\/li>\n<li><span style=\"font-size: 10pt;\">ou directement chez un professionnel de l&rsquo;automobile agr\u00e9\u00e9 par la Pr\u00e9fecture : <a href=\"https:\/\/www.vroomly.com\/garage-81\/\">garage \u00e0 proximit\u00e9 dans le Tarn<\/a><\/span><\/li>\n<\/ul>\n<p><span style=\"font-size: 10pt;\">Afin d&rsquo;\u00e9viter tout type d&rsquo;arnaque concernant ces d\u00e9marches, de s&rsquo;informer sur le co\u00fbt r\u00e9el du certificat d&rsquo;immatriculation, vous avez la possibilit\u00e9 de consulter ces informations en <a href=\"https:\/\/www.vroomly.com\/blog\/quel-est-le-prix-dune-carte-grise\/\">cliquant ici<\/a>. Pour les \u00e9tapes concernant la demande de la carte grise, vous pouvez vous en r\u00e9f\u00e9rez \u00e0 ce\u00a0<a href=\"https:\/\/www.courroie-distribution.fr\/blog\/comment-faire-une-carte-grise\/\"><span style=\"font-size: 10pt;\">manuel explicatif.<\/span>\u00a0<\/a><\/span><\/p>\n","protected":false},"excerpt":{"rendered":"<p>Demande de papier d&rsquo;identit\u00e9 Vous souhaitez refaire votre carte d&rsquo;identit\u00e9 ou votre passeport, obtenir un extrait d&rsquo;acte de naissance, retrouvez toutes les r\u00e9ponses \u00e0 vos questions sur le guide pratique des formalit\u00e9s administratives en ligne sur le site de l&rsquo;administration du Service Public&#8230; &nbsp; Cartes d&rsquo;identit\u00e9 Le syst\u00e8me de d\u00e9livrance des cartes d\u2019identit\u00e9 a chang\u00e9.\u00a0` D\u00e9sormais, [&hellip;]<\/p>\n","protected":false},"author":2,"featured_media":0,"parent":0,"menu_order":0,"comment_status":"closed","ping_status":"closed","template":"","meta":{"footnotes":""},"_links":{"self":[{"href":"https:\/\/www.cahuzac-sur-vere.fr\/web\/wp-json\/wp\/v2\/pages\/12145"}],"collection":[{"href":"https:\/\/www.cahuzac-sur-vere.fr\/web\/wp-json\/wp\/v2\/pages"}],"about":[{"href":"https:\/\/www.cahuzac-sur-vere.fr\/web\/wp-json\/wp\/v2\/types\/page"}],"author":[{"embeddable":true,"href":"https:\/\/www.cahuzac-sur-vere.fr\/web\/wp-json\/wp\/v2\/users\/2"}],"replies":[{"embeddable":true,"href":"https:\/\/www.cahuzac-sur-vere.fr\/web\/wp-json\/wp\/v2\/comments?post=12145"}],"version-history":[{"count":11,"href":"https:\/\/www.cahuzac-sur-vere.fr\/web\/wp-json\/wp\/v2\/pages\/12145\/revisions"}],"predecessor-version":[{"id":15374,"href":"https:\/\/www.cahuzac-sur-vere.fr\/web\/wp-json\/wp\/v2\/pages\/12145\/revisions\/15374"}],"wp:attachment":[{"href":"https:\/\/www.cahuzac-sur-vere.fr\/web\/wp-json\/wp\/v2\/media?parent=12145"}],"curies":[{"name":"wp","href":"https:\/\/api.w.org\/{rel}","templated":true}]}}