{"id":12149,"date":"2016-11-10T10:14:16","date_gmt":"2016-11-10T09:14:16","guid":{"rendered":"http:\/\/www.cahuzac-sur-vere.fr\/web\/?page_id=12149"},"modified":"2017-05-19T22:41:36","modified_gmt":"2017-05-19T20:41:36","slug":"autorisation-de-sortie-du-territoire","status":"publish","type":"page","link":"https:\/\/www.cahuzac-sur-vere.fr\/web\/autorisation-de-sortie-du-territoire\/","title":{"rendered":"Autorisation de sortie du territoire"},"content":{"rendered":"<p><img loading=\"lazy\" decoding=\"async\" class=\"wp-image-12160 alignright\" src=\"https:\/\/www.cahuzac-sur-vere.fr\/web\/wp-content\/uploads\/2016\/11\/TJ7Cln9y-istock-000015679312small.png\" alt=\"tj7cln9y-istock-000015679312small\" width=\"308\" height=\"205\" srcset=\"https:\/\/www.cahuzac-sur-vere.fr\/web\/wp-content\/uploads\/2016\/11\/TJ7Cln9y-istock-000015679312small-200x133.png 200w, https:\/\/www.cahuzac-sur-vere.fr\/web\/wp-content\/uploads\/2016\/11\/TJ7Cln9y-istock-000015679312small-300x200.png 300w, https:\/\/www.cahuzac-sur-vere.fr\/web\/wp-content\/uploads\/2016\/11\/TJ7Cln9y-istock-000015679312small-400x266.png 400w, https:\/\/www.cahuzac-sur-vere.fr\/web\/wp-content\/uploads\/2016\/11\/TJ7Cln9y-istock-000015679312small-600x399.png 600w, https:\/\/www.cahuzac-sur-vere.fr\/web\/wp-content\/uploads\/2016\/11\/TJ7Cln9y-istock-000015679312small-768x511.png 768w, https:\/\/www.cahuzac-sur-vere.fr\/web\/wp-content\/uploads\/2016\/11\/TJ7Cln9y-istock-000015679312small-800x532.png 800w, https:\/\/www.cahuzac-sur-vere.fr\/web\/wp-content\/uploads\/2016\/11\/TJ7Cln9y-istock-000015679312small.png 849w\" sizes=\"(max-width: 308px) 100vw, 308px\" \/><\/p>\n<p><span style=\"color: #000000;\"><strong>L&rsquo;autorisation de sortie de territoire supprim\u00e9e en 2013 est\u00a0<span style=\"color: #0000ff;\">r\u00e9tablie depuis le 15 janvier 2017, <\/span><\/strong><span style=\"color: #ff0000;\"><span style=\"color: #000000;\">en application de <a href=\"https:\/\/www.legifrance.gouv.fr\/affichTexteArticle.do?cidTexte=JORFTEXT000032627231&amp;idArticle=JORFARTI000032627652\">la\u00a0loi du 3 juin 2016<\/a> relatif \u00e0 la lutte contre le terrorisme et du<a href=\"https:\/\/www.legifrance.gouv.fr\/affichTexte.do?cidTexte=JORFTEXT000033338774\">\u00a0d\u00e9cret du 2 novembre 2016<\/a><\/span><\/span> <\/span><\/p>\n<p>Cela concerne <strong>tout mineur qui voyage \u00e0 l&rsquo;\u00e9tranger sans \u00eatre accompagn\u00e9 de ses parents<\/strong>.<\/p>\n<p>Cette attestation est disponible en mairie ou \u00e0 t\u00e9l\u00e9charger <a href=\"https:\/\/www.cahuzac-sur-vere.fr\/web\/wp-content\/uploads\/2016\/11\/cerfa_15646-01.pdf\">sur internet ICI<\/a><\/p>\n<p>Vous pouvez trouver tous les renseignements n\u00e9cessaires sur le site <a href=\"https:\/\/www.service-public.fr\/particuliers\/vosdroits\/F1359\">\u00ab\u00a0Service-Public.fr\u00a0\u00bb<\/a><\/p>\n<p>Certains pays r\u00e9clament d&rsquo;autres documents (visa, autorisation parentale&#8230;). \u00a0Il est donc conseill\u00e9 de se renseigner, avant le d\u00e9part, aupr\u00e8s du Minist\u00e8re des Affaires Etrang\u00e8res.<\/p>\n","protected":false},"excerpt":{"rendered":"<p>L&rsquo;autorisation de sortie de territoire supprim\u00e9e en 2013 est\u00a0r\u00e9tablie depuis le 15 janvier 2017, en application de la\u00a0loi du 3 juin 2016 relatif \u00e0 la lutte contre le terrorisme et du\u00a0d\u00e9cret du 2 novembre 2016 Cela concerne tout mineur qui voyage \u00e0 l&rsquo;\u00e9tranger sans \u00eatre accompagn\u00e9 de ses parents. Cette attestation est disponible en mairie ou [&hellip;]<\/p>\n","protected":false},"author":2,"featured_media":0,"parent":0,"menu_order":0,"comment_status":"closed","ping_status":"closed","template":"","meta":{"footnotes":""},"_links":{"self":[{"href":"https:\/\/www.cahuzac-sur-vere.fr\/web\/wp-json\/wp\/v2\/pages\/12149"}],"collection":[{"href":"https:\/\/www.cahuzac-sur-vere.fr\/web\/wp-json\/wp\/v2\/pages"}],"about":[{"href":"https:\/\/www.cahuzac-sur-vere.fr\/web\/wp-json\/wp\/v2\/types\/page"}],"author":[{"embeddable":true,"href":"https:\/\/www.cahuzac-sur-vere.fr\/web\/wp-json\/wp\/v2\/users\/2"}],"replies":[{"embeddable":true,"href":"https:\/\/www.cahuzac-sur-vere.fr\/web\/wp-json\/wp\/v2\/comments?post=12149"}],"version-history":[{"count":12,"href":"https:\/\/www.cahuzac-sur-vere.fr\/web\/wp-json\/wp\/v2\/pages\/12149\/revisions"}],"predecessor-version":[{"id":13265,"href":"https:\/\/www.cahuzac-sur-vere.fr\/web\/wp-json\/wp\/v2\/pages\/12149\/revisions\/13265"}],"wp:attachment":[{"href":"https:\/\/www.cahuzac-sur-vere.fr\/web\/wp-json\/wp\/v2\/media?parent=12149"}],"curies":[{"name":"wp","href":"https:\/\/api.w.org\/{rel}","templated":true}]}}