{"id":12151,"date":"2016-11-10T10:15:43","date_gmt":"2016-11-10T09:15:43","guid":{"rendered":"http:\/\/www.cahuzac-sur-vere.fr\/web\/?page_id=12151"},"modified":"2019-06-26T10:51:35","modified_gmt":"2019-06-26T08:51:35","slug":"listes-electorales-2","status":"publish","type":"page","link":"https:\/\/www.cahuzac-sur-vere.fr\/web\/listes-electorales-2\/","title":{"rendered":"Listes \u00e9lectorales"},"content":{"rendered":"<div><img loading=\"lazy\" decoding=\"async\" class=\" wp-image-12343 alignright\" src=\"https:\/\/www.cahuzac-sur-vere.fr\/web\/wp-content\/uploads\/2016\/11\/258_view.jpg\" alt=\"258_view\" width=\"297\" height=\"149\" srcset=\"https:\/\/www.cahuzac-sur-vere.fr\/web\/wp-content\/uploads\/2016\/11\/258_view-200x100.jpg 200w, https:\/\/www.cahuzac-sur-vere.fr\/web\/wp-content\/uploads\/2016\/11\/258_view-300x150.jpg 300w, https:\/\/www.cahuzac-sur-vere.fr\/web\/wp-content\/uploads\/2016\/11\/258_view-400x200.jpg 400w, https:\/\/www.cahuzac-sur-vere.fr\/web\/wp-content\/uploads\/2016\/11\/258_view.jpg 441w\" sizes=\"(max-width: 297px) 100vw, 297px\" \/><\/div>\n<div><\/div>\n<div><span style=\"color: #0000ff;\"><strong>L&rsquo;inscription sur les listes \u00e9lectorales est un devoir.<\/strong><\/span><\/div>\n<div><span style=\"color: #0000ff;\"><strong>\u00a0<\/strong><\/span><\/div>\n<div><\/div>\n<div><\/div>\n<div><\/div>\n<div><strong>Conditions pour s&rsquo;inscrire :<\/strong><\/div>\n<p>1. Etre majeur.\u00a0ou avoir atteint 18 ans\u00a0au dernier jour de f\u00e9vrier de l&rsquo;ann\u00e9e suivante.<br \/>\nUn courrier \u00a0est alors adress\u00e9 \u00e0 ces jeunes par la Mairie leur demandant de se pr\u00e9senter au secr\u00e9tariat, munis des documents ci-dessous mentionn\u00e9s, afin de valider leur inscription.<\/p>\n<p>2. Avoir son domicile dans la commune depuis 6 mois<br \/>\nou payer la taxe fonci\u00e8re depuis 5 ans.<\/p>\n<p><strong>A produire :<\/strong><\/p>\n<p>1. Documents d&rsquo;identit\u00e9<br \/>\n2. Justificatif de domicile<\/p>\n<p><span style=\"color: #0000ff;\"><span style=\"caret-color: #0000ff;\">Les <strong><span style=\"color: #ff0000;\">inscriptions sur les listes \u00e9lectorales<\/span><\/strong> seront re\u00e7ues \u00e0 la mairie jusqu&rsquo;<b>au 6\u00e8me vendredi qui pr\u00e9c\u00e8de le 1er tour des \u00e9lections.\u00a0<\/b><\/span><\/span><\/p>\n<p>Les ressortissants de la C.E.E peuvent demander dans les m\u00eames conditions \u00e0 \u00eatre inscrits sur les listes \u00e9l\u00e9ctorales compl\u00e9mentaires pour l&rsquo;\u00e9lection des repr\u00e9sentants au Parlement Europ\u00e9en et pour les \u00e9lections municipales.<\/p>\n","protected":false},"excerpt":{"rendered":"<p>L&rsquo;inscription sur les listes \u00e9lectorales est un devoir. \u00a0 Conditions pour s&rsquo;inscrire : 1. Etre majeur.\u00a0ou avoir atteint 18 ans\u00a0au dernier jour de f\u00e9vrier de l&rsquo;ann\u00e9e suivante. Un courrier \u00a0est alors adress\u00e9 \u00e0 ces jeunes par la Mairie leur demandant de se pr\u00e9senter au secr\u00e9tariat, munis des documents ci-dessous mentionn\u00e9s, afin de valider leur inscription. 2. [&hellip;]<\/p>\n","protected":false},"author":2,"featured_media":0,"parent":0,"menu_order":0,"comment_status":"closed","ping_status":"closed","template":"","meta":{"footnotes":""},"_links":{"self":[{"href":"https:\/\/www.cahuzac-sur-vere.fr\/web\/wp-json\/wp\/v2\/pages\/12151"}],"collection":[{"href":"https:\/\/www.cahuzac-sur-vere.fr\/web\/wp-json\/wp\/v2\/pages"}],"about":[{"href":"https:\/\/www.cahuzac-sur-vere.fr\/web\/wp-json\/wp\/v2\/types\/page"}],"author":[{"embeddable":true,"href":"https:\/\/www.cahuzac-sur-vere.fr\/web\/wp-json\/wp\/v2\/users\/2"}],"replies":[{"embeddable":true,"href":"https:\/\/www.cahuzac-sur-vere.fr\/web\/wp-json\/wp\/v2\/comments?post=12151"}],"version-history":[{"count":12,"href":"https:\/\/www.cahuzac-sur-vere.fr\/web\/wp-json\/wp\/v2\/pages\/12151\/revisions"}],"predecessor-version":[{"id":14718,"href":"https:\/\/www.cahuzac-sur-vere.fr\/web\/wp-json\/wp\/v2\/pages\/12151\/revisions\/14718"}],"wp:attachment":[{"href":"https:\/\/www.cahuzac-sur-vere.fr\/web\/wp-json\/wp\/v2\/media?parent=12151"}],"curies":[{"name":"wp","href":"https:\/\/api.w.org\/{rel}","templated":true}]}}