{"id":12153,"date":"2016-11-10T10:16:51","date_gmt":"2016-11-10T09:16:51","guid":{"rendered":"http:\/\/www.cahuzac-sur-vere.fr\/web\/?page_id=12153"},"modified":"2016-11-14T15:38:53","modified_gmt":"2016-11-14T14:38:53","slug":"recensement-militaire-2","status":"publish","type":"page","link":"https:\/\/www.cahuzac-sur-vere.fr\/web\/recensement-militaire-2\/","title":{"rendered":"Recensement militaire"},"content":{"rendered":"<p><strong><img loading=\"lazy\" decoding=\"async\" class=\" wp-image-12164 alignright\" src=\"https:\/\/www.cahuzac-sur-vere.fr\/web\/wp-content\/uploads\/2016\/11\/recensement.jpg\" alt=\"recensement\" width=\"217\" height=\"304\" srcset=\"https:\/\/www.cahuzac-sur-vere.fr\/web\/wp-content\/uploads\/2016\/11\/recensement-200x280.jpg 200w, https:\/\/www.cahuzac-sur-vere.fr\/web\/wp-content\/uploads\/2016\/11\/recensement-214x300.jpg 214w, https:\/\/www.cahuzac-sur-vere.fr\/web\/wp-content\/uploads\/2016\/11\/recensement-400x561.jpg 400w, https:\/\/www.cahuzac-sur-vere.fr\/web\/wp-content\/uploads\/2016\/11\/recensement.jpg 562w\" sizes=\"(max-width: 217px) 100vw, 217px\" \/>Depuis 1999, <span style=\"color: #0000ff;\">les jeunes Fran\u00e7ais, gar\u00e7ons et filles, doivent se faire recenser dans les 3 mois qui suivent le 16<sup>\u00e8me<\/sup> anniversaire<\/span>, \u00e0 la mairie de leur domicile ou au consulat, s\u2019ils r\u00e9sident \u00e0 l\u2019\u00e9tranger.<\/strong><\/p>\n<p>La mairie remet alors une Attestation de recensement \u00e0 conserver pr\u00e9cieusement.<\/p>\n<p>Le recensement est une des \u00e9tapes du Parcours de Citoyennet\u00e9 des jeunes Fran\u00e7ais.<\/p>\n<p>Il permet d\u2019\u00eatre convoqu\u00e9 vers l\u2019\u00e2ge de 17 ans \u00e0 la Journ\u00e9e de D\u00e9fense et Citoyennet\u00e9 et d\u2019en recevoir une attestation.<br \/>\nCette attestation permet ensuite au jeune de se pr\u00e9senter aux concours ou aux examens de l\u2019Etat ( ex\u00a0: baccalaur\u00e9at, permis de conduire, \u2026) et de pouvoir \u00eatre inscrit sur les listes \u00e9lectorales \u00e0 18 ans.<\/p>\n<p><u>Les papiers \u00e0 fournir sont<\/u> :<\/p>\n<ul>\n<li>Une Pi\u00e8ce d&rsquo;identit\u00e9,<\/li>\n<li>Le Livret de famille,<\/li>\n<li>Un justificatif de domicile.<\/li>\n<\/ul>\n","protected":false},"excerpt":{"rendered":"<p>Depuis 1999, les jeunes Fran\u00e7ais, gar\u00e7ons et filles, doivent se faire recenser dans les 3 mois qui suivent le 16\u00e8me anniversaire, \u00e0 la mairie de leur domicile ou au consulat, s\u2019ils r\u00e9sident \u00e0 l\u2019\u00e9tranger. La mairie remet alors une Attestation de recensement \u00e0 conserver pr\u00e9cieusement. Le recensement est une des \u00e9tapes du Parcours de Citoyennet\u00e9 des [&hellip;]<\/p>\n","protected":false},"author":2,"featured_media":0,"parent":0,"menu_order":0,"comment_status":"closed","ping_status":"closed","template":"","meta":{"footnotes":""},"_links":{"self":[{"href":"https:\/\/www.cahuzac-sur-vere.fr\/web\/wp-json\/wp\/v2\/pages\/12153"}],"collection":[{"href":"https:\/\/www.cahuzac-sur-vere.fr\/web\/wp-json\/wp\/v2\/pages"}],"about":[{"href":"https:\/\/www.cahuzac-sur-vere.fr\/web\/wp-json\/wp\/v2\/types\/page"}],"author":[{"embeddable":true,"href":"https:\/\/www.cahuzac-sur-vere.fr\/web\/wp-json\/wp\/v2\/users\/2"}],"replies":[{"embeddable":true,"href":"https:\/\/www.cahuzac-sur-vere.fr\/web\/wp-json\/wp\/v2\/comments?post=12153"}],"version-history":[{"count":4,"href":"https:\/\/www.cahuzac-sur-vere.fr\/web\/wp-json\/wp\/v2\/pages\/12153\/revisions"}],"predecessor-version":[{"id":12352,"href":"https:\/\/www.cahuzac-sur-vere.fr\/web\/wp-json\/wp\/v2\/pages\/12153\/revisions\/12352"}],"wp:attachment":[{"href":"https:\/\/www.cahuzac-sur-vere.fr\/web\/wp-json\/wp\/v2\/media?parent=12153"}],"curies":[{"name":"wp","href":"https:\/\/api.w.org\/{rel}","templated":true}]}}