{"id":12177,"date":"2016-11-10T16:38:25","date_gmt":"2016-11-10T15:38:25","guid":{"rendered":"http:\/\/www.cahuzac-sur-vere.fr\/web\/?page_id=12177"},"modified":"2025-06-25T11:02:01","modified_gmt":"2025-06-25T09:02:01","slug":"petite-enfance","status":"publish","type":"page","link":"https:\/\/www.cahuzac-sur-vere.fr\/web\/petite-enfance\/","title":{"rendered":"Petite Enfance"},"content":{"rendered":"<ul>\n<li>Afin d&rsquo;aider les familles qui souhaitent conna\u00eetre les diff\u00e9rents modes de garde des enfants situ\u00e9s \u00e0 proximit\u00e9 de leur domicile ou de leur lieu de travail, le Conseil G\u00e9n\u00e9ral et la Caf ont d\u00e9cid\u00e9 de regrouper ces informations sur un site r\u00e9guli\u00e8rement actualis\u00e9 : <a href=\"http:\/\/www.mon-enfant.fr\/\" target=\"_blank\" rel=\"noopener noreferrer\">http:\/\/www.mon-enfant.fr\u00a0<\/a><\/li>\n<\/ul>\n<p>&nbsp;<\/p>\n<ul>\n<li><a href=\"mailto:rpe@ted.fr\"><strong>\u00a0RELAIS PETITE ENFANCE<\/strong>\u00a0<\/a><\/li>\n<\/ul>\n<p>&nbsp;<\/p>\n<p class=\"rtejustify\">Le Relais Petite Enfance est un service gratuit de la Communaut\u00e9 d\u2019Agglom\u00e9ration Gaillac Graulhet dont les missions sont d\u00e9finies par la Caisse d&rsquo;Allocations Familiales dans le cadre de la circulaire relative aux Relais Assistants Maternels :<\/p>\n<ul>\n<li>Informer tant en direction des parents que des professionnels de l&rsquo;accueil individuel en mati\u00e8re de Petite Enfance<\/li>\n<li>Offrir un cadre de rencontres et d&rsquo;\u00e9change des pratiques professionnelles<\/li>\n<li>Contribuer \u00e0 la professionnalisation de l&rsquo;accueil individuel<\/li>\n<li>Participer \u00e0 une fonction d&rsquo;observation des conditions locales d&rsquo;accueil des jeunes enfants;<\/li>\n<\/ul>\n<p>Une \u00e9quipe compos\u00e9e de six \u00e9ducateurs de jeunes enfants et d\u2019une assistante administrative anime ce service de proximit\u00e9.<\/p>\n<p>Le RPE s&rsquo;adresse \u00e0 tous : parents, enfants, assistantes maternelles agr\u00e9\u00e9es, gardes d\u2019enfants \u00e0 domicile, acteurs Petite Enfance du territoire.<\/p>\n<h2><span style=\"font-size: 12pt;\">Pour les parents :<\/span><\/h2>\n<ul>\n<li>trouver un accompagnement et une \u00e9coute pour choisir le mode d&rsquo;accueil le plus adapt\u00e9 \u00e0 leurs besoins.<\/li>\n<li>b\u00e9n\u00e9ficier d&rsquo;une mise en relation avec l&rsquo;un des 291 Assistants Maternels agr\u00e9\u00e9s en activit\u00e9 sur le territoire (pour une capacit\u00e9 d&rsquo;accueil de 858 places).<\/li>\n<li>s\u2019inscrire dans l\u2019une des 15 cr\u00e8ches du territoire (341 places)<\/li>\n<li>trouver des informations sur les d\u00e9marches administratives \u00e0 accomplir en qualit\u00e9 d&#8217;employeur\u00a0<a href=\"http:\/\/enfance.ted.fr\/node\/109\">(mod\u00e8le de contrat<\/a>)<\/li>\n<li>trouver un lieu ressource pour faciliter les relations entre les parents et les assistantes maternelles tout au long de l\u2019accueil de l\u2019enfant<\/li>\n<li>disposer d\u2019un relais orientant les uns et\/ou les autres vers les instances appropri\u00e9es<\/li>\n<\/ul>\n<h2><span style=\"font-size: 12pt;\">Pour les assistants maternels agr\u00e9\u00e9s :<\/span><\/h2>\n<ul>\n<li>une mise en relation avec les parents recherchant un mode d\u2019accueil,<\/li>\n<li>trouver des supports adapt\u00e9s \u00e0 l&rsquo;accompagnement de la fonction salari\u00e9s employeur (<a href=\"http:\/\/enfance.ted.fr\/node\/109\">mod\u00e8le de contrat<\/a>)<\/li>\n<li>rencontrer et \u00e9changer avec d&rsquo;autres professionnels de la petite enfance,<\/li>\n<li>disposer de temps d&rsquo;animation, de r\u00e9unions, de partages des pratiques professionnelles ou d\u2019information sur l\u2019exercice de la profession<\/li>\n<li>b\u00e9n\u00e9ficier d\u2019un accompagnement et d\u2019un soutien professionnel<\/li>\n<\/ul>\n<p><strong>Par ses actions, le R<\/strong><strong>PE<\/strong><strong>\u00a0participe \u00e0\u00a0<\/strong><strong>l\u2019accompagnement professionnel\u00a0<\/strong><strong>des Assistants Maternels et \u00e0 la valorisation de leur m\u00e9tier.<\/strong><\/p>\n<h2><span style=\"font-size: 12pt;\">Pour l&rsquo;enfant :<\/span><\/h2>\n<p><strong>Les lieux d&rsquo;animation du RAM sont des temps :<\/strong><\/p>\n<ul>\n<li>de d\u00e9couvertes avec des jeux et des espaces cr\u00e9atifs<\/li>\n<li>de vie et d&rsquo;\u00e9changes entre enfants<\/li>\n<li>d&rsquo;activit\u00e9 d&rsquo;\u00e9veil et d&rsquo;expression,<\/li>\n<li>de socialisation en douceur gr\u00e2ce \u00e0 la pr\u00e9sence de l&rsquo;adulte r\u00e9f\u00e9rent<\/li>\n<\/ul>\n<p>Que vous soyez parents, Assistantes Maternelles, vous pouvez joindre par t\u00e9l\u00e9phone la permanence du Relais Petite Enfance\u00a0:<strong>\u00a0<u>du lundi au vendredi de 13h30 \u00e0 17h<\/u><\/strong><\/p>\n<ul>\n<li>\n<h2><span style=\"font-size: 12pt;\">Contact :\u00a0<strong>05 81 99 68 15<\/strong><\/span><\/h2>\n<\/li>\n<li>\n<h2><span style=\"font-size: 12pt;\">Courriel :\u00a0<a href=\"mailto:rpe@ted.fr\">rpe@gaillac-graulhet.fr<\/a><\/span><\/h2>\n<\/li>\n<\/ul>\n<p>&nbsp;<\/p>\n<ul>\n<li><span style=\"color: #000080;\"><b><span style=\"color: #0000ff;\">LES FOUZICS<\/span>\u00a0<\/b><\/span><\/li>\n<\/ul>\n<p><img loading=\"lazy\" decoding=\"async\" class=\"alignnone size-medium wp-image-15707\" src=\"https:\/\/www.cahuzac-sur-vere.fr\/web\/wp-content\/uploads\/2022\/03\/275368652_290580209885334_6489871707883913090_n-300x156.jpg\" alt=\"\" width=\"300\" height=\"156\" srcset=\"https:\/\/www.cahuzac-sur-vere.fr\/web\/wp-content\/uploads\/2022\/03\/275368652_290580209885334_6489871707883913090_n-200x104.jpg 200w, https:\/\/www.cahuzac-sur-vere.fr\/web\/wp-content\/uploads\/2022\/03\/275368652_290580209885334_6489871707883913090_n-300x156.jpg 300w, https:\/\/www.cahuzac-sur-vere.fr\/web\/wp-content\/uploads\/2022\/03\/275368652_290580209885334_6489871707883913090_n-400x209.jpg 400w, https:\/\/www.cahuzac-sur-vere.fr\/web\/wp-content\/uploads\/2022\/03\/275368652_290580209885334_6489871707883913090_n.jpg 418w\" sizes=\"(max-width: 300px) 100vw, 300px\" \/><\/p>\n<p>Les Fouzics, est la halte garderie associative de Cahuzac-sur-V\u00e8re.\u00a0 \u00a0 \u00a0 \u00a0 \u00a0 \u00a0 \u00a0 \u00a0 \u00a0 \u00a0 \u00a0 \u00a0 \u00a0 \u00a0 \u00a0 \u00a0 \u00a0 \u00a0 \u00a0 \u00a0 \u00a0 \u00a0 \u00a0 \u00a0 \u00a0 \u00a0 \u00a0 \u00a0 \u00a0 \u00a0 \u00a0 \u00a0 \u00a0 \u00a0 \u00a0 \u00a0 \u00a0 \u00a0 \u00a0 \u00a0 \u00a0 \u00a0 \u00a0 \u00a0 \u00a0 \u00a0 \u00a0 \u00a0 \u00a0 \u00a0 \u00a0 \u00a0 \u00a0 \u00a0 \u00a0 \u00a0 \u00a0 \u00a0 \u00a0 \u00a0 \u00a0 \u00a0 \u00a0 \u00a0 \u00a0 \u00a0 \u00a0 \u00a0 \u00a0 Nous accueillons vos enfants jusqu&rsquo;\u00e0 leurs 5 ans, jusqu&rsquo;\u00e0 2 jours 1\/2 par semaine\u00a0 \u00a0 \u00a0 \u00a0 \u00a0 \u00a0 \u00a0 \u00a0 \u00a0 \u00a0 \u00a0 \u00a0 \u00a0 \u00a0 \u00a0 \u00a0 \u00a0 \u00a0 \u00a0 \u00a0 \u00a0 \u00a0 \u00a0 \u00a0 \u00a0 \u00a0 \u00a0 \u00a0 \u00a0 \u00a0 \u00a0 \u00a0 \u00a0 \u00a0 \u00a0 \u00a0 \u00a0 \u00a0 \u00a0 \u00a0 \u00a0 \u00a0 \u00a0 \u00a0 \u00a0 \u00a0 \u00a0 \u00a0 \u00a0 \u00a0 \u00a0 \u00a0 \u00a0 \u00a0 \u00a0 \u00a0 (le lundi matin, jeudi toute la journ\u00e9e et vendredi toute la journ\u00e9e), sur inscription.<\/p>\n<p><strong>ADRESSE :<\/strong> Route de Gaillac 81140 Cahuzac sur V\u00e8re<\/p>\n<p><strong>CONTACT :<\/strong>\u00a0 MAIL : lesfouzics@free.fr\u00a0 \u00a0 \u00a0 \u00a0 \u00a0 \u00a0 \u00a0 \u00a0 \u00a0 \u00a0 \u00a0 \u00a0 \u00a0 \u00a0 \u00a0 \u00a0 \u00a0 \u00a0 \u00a0 \u00a0 \u00a0 \u00a0 \u00a0 \u00a0 \u00a0 \u00a0 \u00a0 \u00a0 \u00a0 \u00a0 \u00a0 \u00a0 \u00a0 \u00a0 \u00a0 \u00a0 \u00a0 \u00a0 \u00a0 \u00a0 \u00a0 \u00a0 \u00a0 \u00a0 \u00a0 \u00a0 \u00a0 \u00a0 \u00a0 \u00a0 \u00a0 \u00a0 \u00a0 \u00a0 \u00a0 \u00a0 \u00a0 \u00a0 \u00a0 \u00a0 \u00a0 \u00a0 \u00a0 \u00a0 \u00a0 \u00a0 \u00a0 \u00a0 \u00a0 \u00a0 \u00a0 \u00a0 \u00a0 \u00a0 \u00a0 \u00a0 \u00a0 \u00a0 \u00a0 \u00a0 \u00a0 \u00a0 \u00a0 \u00a0 \u00a0 \u00a0 \u00a0 \u00a0 \u00a0 \u00a0 \u00a0 \u00a0 \u00a0 \u00a0 \u00a0 \u00a0 \u00a0 \u00a0 \u00a0 \u00a0 \u00a0 \u00a0 \u00a0 \u00a0 \u00a0 TEL : 05 63 40 51 46<\/p>\n<div class=\"rq0escxv l9j0dhe7 du4w35lb j83agx80 pfnyh3mw i1fnvgqd gs1a9yip owycx6da btwxx1t3 d1544ag0 tw6a2znq discj3wi o22cckgh fop5sh7t mysgfdmx hddg9phg\">\n<div><\/div>\n<div class=\"rq0escxv l9j0dhe7 du4w35lb j83agx80 cbu4d94t pfnyh3mw d2edcug0 hpfvmrgz hkbzh7o3 dflh9lhu scb9dxdr iuny7tx3 ipjc6fyt\"><strong><span class=\"d2edcug0 hpfvmrgz qv66sw1b c1et5uql lr9zc1uh e9vueds3 j5wam9gi b1v8xokw oo9gr5id\">HORAIRES D&rsquo;OUVERTURE :<\/span><\/strong><\/div>\n<div class=\"rq0escxv l9j0dhe7 du4w35lb j83agx80 cbu4d94t pfnyh3mw d2edcug0 hpfvmrgz hkbzh7o3 dflh9lhu scb9dxdr iuny7tx3 ipjc6fyt\"><span class=\"d2edcug0 hpfvmrgz qv66sw1b c1et5uql lr9zc1uh e9vueds3 j5wam9gi b1v8xokw oo9gr5id\">lundi: <\/span>08:45 &#8211; 12:15<\/div>\n<\/div>\n<div class=\"rq0escxv l9j0dhe7 du4w35lb j83agx80 pfnyh3mw i1fnvgqd gs1a9yip owycx6da btwxx1t3 d1544ag0 tw6a2znq discj3wi o22cckgh fop5sh7t mysgfdmx hddg9phg\">\n<div class=\"rq0escxv l9j0dhe7 du4w35lb j83agx80 cbu4d94t pfnyh3mw d2edcug0 hpfvmrgz hkbzh7o3 dflh9lhu scb9dxdr iuny7tx3 ipjc6fyt\"><span class=\"d2edcug0 hpfvmrgz qv66sw1b c1et5uql lr9zc1uh e9vueds3 j5wam9gi b1v8xokw oo9gr5id\">jeudi: <\/span>08:45 &#8211; 16:45<\/div>\n<\/div>\n<div class=\"rq0escxv l9j0dhe7 du4w35lb j83agx80 pfnyh3mw i1fnvgqd gs1a9yip owycx6da btwxx1t3 d1544ag0 tw6a2znq discj3wi o22cckgh fop5sh7t mysgfdmx hddg9phg\">\n<div class=\"rq0escxv l9j0dhe7 du4w35lb j83agx80 cbu4d94t pfnyh3mw d2edcug0 hpfvmrgz hkbzh7o3 dflh9lhu scb9dxdr iuny7tx3 ipjc6fyt\"><span class=\"d2edcug0 hpfvmrgz qv66sw1b c1et5uql lr9zc1uh e9vueds3 j5wam9gi b1v8xokw oo9gr5id\">vendredi: <\/span>08:45 &#8211; 16:45<\/div>\n<\/div>\n<div><\/div>\n<div><\/div>\n<div><\/div>\n<ul>\n<li><span style=\"font-size: 14pt; color: #0000ff;\"><strong>L&rsquo;association trois ptits tours \u00ab\u00a0LAEP itin\u00e9rants\u00a0\u00bb\u00a0<\/strong><\/span><\/li>\n<\/ul>\n<div>\u00ab\u00a0L&rsquo;association 3 Ptits Tours d\u00e9veloppe depuis 2024 un Lieu d&rsquo;Accueil Enfants Parents (LAEP) itin\u00e9rant \u00e0 Cahuzac-Sur-V\u00e8re, Lisle-sur-Tarn et Salvagnac. Les LAEP sont des espaces de jeux<img loading=\"lazy\" decoding=\"async\" class=\"size-medium wp-image-16621 alignleft\" src=\"https:\/\/www.cahuzac-sur-vere.fr\/web\/wp-content\/uploads\/2025\/06\/LAEP_Flyer_RVB-verso-02-01-212x300.jpg\" alt=\"\" width=\"212\" height=\"300\" srcset=\"https:\/\/www.cahuzac-sur-vere.fr\/web\/wp-content\/uploads\/2025\/06\/LAEP_Flyer_RVB-verso-02-01-200x283.jpg 200w, https:\/\/www.cahuzac-sur-vere.fr\/web\/wp-content\/uploads\/2025\/06\/LAEP_Flyer_RVB-verso-02-01-212x300.jpg 212w, https:\/\/www.cahuzac-sur-vere.fr\/web\/wp-content\/uploads\/2025\/06\/LAEP_Flyer_RVB-verso-02-01-400x565.jpg 400w, https:\/\/www.cahuzac-sur-vere.fr\/web\/wp-content\/uploads\/2025\/06\/LAEP_Flyer_RVB-verso-02-01-600x848.jpg 600w, https:\/\/www.cahuzac-sur-vere.fr\/web\/wp-content\/uploads\/2025\/06\/LAEP_Flyer_RVB-verso-02-01-725x1024.jpg 725w, https:\/\/www.cahuzac-sur-vere.fr\/web\/wp-content\/uploads\/2025\/06\/LAEP_Flyer_RVB-verso-02-01-768x1085.jpg 768w, https:\/\/www.cahuzac-sur-vere.fr\/web\/wp-content\/uploads\/2025\/06\/LAEP_Flyer_RVB-verso-02-01-800x1130.jpg 800w, https:\/\/www.cahuzac-sur-vere.fr\/web\/wp-content\/uploads\/2025\/06\/LAEP_Flyer_RVB-verso-02-01-1087x1536.jpg 1087w, https:\/\/www.cahuzac-sur-vere.fr\/web\/wp-content\/uploads\/2025\/06\/LAEP_Flyer_RVB-verso-02-01-1200x1695.jpg 1200w, https:\/\/www.cahuzac-sur-vere.fr\/web\/wp-content\/uploads\/2025\/06\/LAEP_Flyer_RVB-verso-02-01-1450x2048.jpg 1450w, https:\/\/www.cahuzac-sur-vere.fr\/web\/wp-content\/uploads\/2025\/06\/LAEP_Flyer_RVB-verso-02-01.jpg 1773w\" sizes=\"(max-width: 212px) 100vw, 212px\" \/>\u00a0destin\u00e9s aux enfants de moins de 4 ans en pr\u00e9sence de leurs parents ou responsables l\u00e9gaux. Ces espaces sont gratuits, confidentiels, anonymes et sans inscription. Le LAEP 3<\/div>\n<div>Ptits Tours est ouvert le\u00a0<b>mardi matin de 9h \u00e0 12h \u00e0 Salvagnac, le mardi apr\u00e8s-midi de 14h15 \u00e0 17h15 \u00e0 Cahuzac-Sur-V\u00e8re et le mercredi matin de 9h \u00e0 12h \u00e0 Lisle-Sur-Tarn<\/b>.<\/div>\n<p><strong style=\"color: #0000ff; font-size: 18.6667px;\"><img loading=\"lazy\" decoding=\"async\" class=\"size-medium wp-image-16620 alignright\" src=\"https:\/\/www.cahuzac-sur-vere.fr\/web\/wp-content\/uploads\/2025\/06\/LAEP_Flyer_RVB-verso-02-02-02-02-212x300.jpg\" alt=\"\" width=\"212\" height=\"300\" srcset=\"https:\/\/www.cahuzac-sur-vere.fr\/web\/wp-content\/uploads\/2025\/06\/LAEP_Flyer_RVB-verso-02-02-02-02-200x283.jpg 200w, https:\/\/www.cahuzac-sur-vere.fr\/web\/wp-content\/uploads\/2025\/06\/LAEP_Flyer_RVB-verso-02-02-02-02-212x300.jpg 212w, https:\/\/www.cahuzac-sur-vere.fr\/web\/wp-content\/uploads\/2025\/06\/LAEP_Flyer_RVB-verso-02-02-02-02-400x565.jpg 400w, https:\/\/www.cahuzac-sur-vere.fr\/web\/wp-content\/uploads\/2025\/06\/LAEP_Flyer_RVB-verso-02-02-02-02-600x848.jpg 600w, https:\/\/www.cahuzac-sur-vere.fr\/web\/wp-content\/uploads\/2025\/06\/LAEP_Flyer_RVB-verso-02-02-02-02-725x1024.jpg 725w, https:\/\/www.cahuzac-sur-vere.fr\/web\/wp-content\/uploads\/2025\/06\/LAEP_Flyer_RVB-verso-02-02-02-02-768x1085.jpg 768w, https:\/\/www.cahuzac-sur-vere.fr\/web\/wp-content\/uploads\/2025\/06\/LAEP_Flyer_RVB-verso-02-02-02-02-800x1130.jpg 800w, https:\/\/www.cahuzac-sur-vere.fr\/web\/wp-content\/uploads\/2025\/06\/LAEP_Flyer_RVB-verso-02-02-02-02-1087x1536.jpg 1087w, https:\/\/www.cahuzac-sur-vere.fr\/web\/wp-content\/uploads\/2025\/06\/LAEP_Flyer_RVB-verso-02-02-02-02-1200x1695.jpg 1200w, https:\/\/www.cahuzac-sur-vere.fr\/web\/wp-content\/uploads\/2025\/06\/LAEP_Flyer_RVB-verso-02-02-02-02-1450x2048.jpg 1450w, https:\/\/www.cahuzac-sur-vere.fr\/web\/wp-content\/uploads\/2025\/06\/LAEP_Flyer_RVB-verso-02-02-02-02.jpg 1773w\" sizes=\"(max-width: 212px) 100vw, 212px\" \/><\/strong><\/p>\n<div>L&rsquo;association propose \u00e9galement des ateliers et spectacles pour tout petits. Retrouvez les sur les r\u00e9seaux sociaux (Instagram et Facebook &#8211; @3 Ptits Tours Association ou @Asso3PtitsTours).<\/div>\n<div><strong style=\"color: #0000ff; font-size: 18.6667px;\"><a href=\"https:\/\/www.cahuzac-sur-vere.fr\/web\/wp-content\/uploads\/2025\/06\/ArticleChouetteLeMagazine.pdf\">Article Chouette Le Magazine<\/a> <\/strong><\/div>\n<div><strong style=\"color: #0000ff; font-size: 18.6667px;\"><a href=\"https:\/\/www.cahuzac-sur-vere.fr\/web\/wp-content\/uploads\/2025\/06\/LAEP_AFFCIHE-A4.pdf\">LAEP_AFFCIHE <\/a><\/strong><\/div>\n","protected":false},"excerpt":{"rendered":"<p>Afin d&rsquo;aider les familles qui souhaitent conna\u00eetre les diff\u00e9rents modes de garde des enfants situ\u00e9s \u00e0 proximit\u00e9 de leur domicile ou de leur lieu de travail, le Conseil G\u00e9n\u00e9ral et la Caf ont d\u00e9cid\u00e9 de regrouper ces informations sur un site r\u00e9guli\u00e8rement actualis\u00e9 : http:\/\/www.mon-enfant.fr\u00a0 &nbsp; \u00a0RELAIS PETITE ENFANCE\u00a0 &nbsp; Le Relais Petite Enfance est un [&hellip;]<\/p>\n","protected":false},"author":2,"featured_media":0,"parent":0,"menu_order":0,"comment_status":"closed","ping_status":"closed","template":"","meta":{"footnotes":""},"_links":{"self":[{"href":"https:\/\/www.cahuzac-sur-vere.fr\/web\/wp-json\/wp\/v2\/pages\/12177"}],"collection":[{"href":"https:\/\/www.cahuzac-sur-vere.fr\/web\/wp-json\/wp\/v2\/pages"}],"about":[{"href":"https:\/\/www.cahuzac-sur-vere.fr\/web\/wp-json\/wp\/v2\/types\/page"}],"author":[{"embeddable":true,"href":"https:\/\/www.cahuzac-sur-vere.fr\/web\/wp-json\/wp\/v2\/users\/2"}],"replies":[{"embeddable":true,"href":"https:\/\/www.cahuzac-sur-vere.fr\/web\/wp-json\/wp\/v2\/comments?post=12177"}],"version-history":[{"count":28,"href":"https:\/\/www.cahuzac-sur-vere.fr\/web\/wp-json\/wp\/v2\/pages\/12177\/revisions"}],"predecessor-version":[{"id":16627,"href":"https:\/\/www.cahuzac-sur-vere.fr\/web\/wp-json\/wp\/v2\/pages\/12177\/revisions\/16627"}],"wp:attachment":[{"href":"https:\/\/www.cahuzac-sur-vere.fr\/web\/wp-json\/wp\/v2\/media?parent=12177"}],"curies":[{"name":"wp","href":"https:\/\/api.w.org\/{rel}","templated":true}]}}