{"id":12179,"date":"2020-08-26T11:39:11","date_gmt":"2020-08-26T09:39:11","guid":{"rendered":"http:\/\/www.cahuzac-sur-vere.fr\/web\/?page_id=12179"},"modified":"2025-03-24T11:18:38","modified_gmt":"2025-03-24T10:18:38","slug":"lecole-primvere","status":"publish","type":"page","link":"https:\/\/www.cahuzac-sur-vere.fr\/web\/lecole-primvere\/","title":{"rendered":"L\u2019Ecole Prim\u2019V\u00e8re"},"content":{"rendered":"<p><img loading=\"lazy\" decoding=\"async\" class=\"wp-image-12379 alignright\" src=\"https:\/\/www.cahuzac-sur-vere.fr\/web\/wp-content\/uploads\/2016\/11\/IMG_5566.jpg\" alt=\"img_5566\" width=\"334\" height=\"235\" \/> Cahuzac sur V\u00e8re dispose d\u2019une \u00e9cole qui accueille, en 2025,<br \/>\n<strong>134 enfants<\/strong> r\u00e9partis en <strong>6 classes<\/strong>.<\/p>\n<p><strong>Directrice : Madame Latch\u00e9 GARRIGUES<\/strong><\/p>\n<p><strong>Adresse<\/strong>\u00a0: Ecole Prim\u2019V\u00e8re, Rue des Ecoles, 81140 Cahuzac sur V\u00e8re<\/p>\n<p>T\u00e9l\u00e9phone : \u00a0 05.63.57.90.22<br \/>\nMail\u00a0: <a href=\"mailto:ce.0811171H@ac-toulouse.fr\">ce.0811171H@ac-toulouse.fr<\/a><\/p>\n<p><strong>Horaires d\u2019ouverture<\/strong><\/p>\n<table style=\"height: 205px; width: 101.104%; border-collapse: collapse; border-color: #000000; border-style: solid;\">\n<tbody>\n<tr style=\"height: 21px;\">\n<td style=\"width: 20.6859%; height: 21px; border-color: #000000; border-style: solid;\"><\/td>\n<td style=\"width: 13.9226%; height: 21px; text-align: center; border-color: #000000; border-style: solid;\"><strong>Lundi<\/strong><\/td>\n<td style=\"width: 15.8515%; height: 21px; text-align: center; border-color: #000000; border-style: solid;\"><strong>Mardi<\/strong><\/td>\n<td style=\"width: 16.5283%; height: 21px; text-align: center; border-color: #000000; border-style: solid;\"><strong>Mercredi<\/strong><\/td>\n<td style=\"width: 16.3452%; height: 21px; text-align: center; border-color: #000000; border-style: solid;\"><strong>Jeudi<\/strong><\/td>\n<td style=\"width: 18.4352%; height: 21px; text-align: center; border-color: #000000; border-style: solid;\"><strong>Vendredi<\/strong><\/td>\n<\/tr>\n<tr style=\"height: 49px;\">\n<td style=\"width: 20.6859%; height: 49px; border-color: #000000; border-style: solid;\"><strong>MATIN<\/strong><\/td>\n<td style=\"width: 13.9226%; height: 49px; border-color: #000000; border-style: solid;\"><span style=\"font-size: 8pt;\">8h35\/45 \u00e0 12h15<\/span><\/td>\n<td style=\"width: 15.8515%; height: 49px; border-color: #000000; border-style: solid; text-align: center;\">\u00a0<span style=\"font-size: 8pt;\">8h35\/45 \u00e0 12h15<\/span><\/td>\n<td style=\"width: 16.5283%; height: 49px; border-color: #000000; border-style: solid; text-align: center;\">\u00a0<span style=\"font-size: 8pt;\">8h35\/45 \u00e0 12h15<\/span><\/td>\n<td style=\"width: 16.3452%; height: 49px; border-color: #000000; border-style: solid; text-align: center;\">\u00a0<span style=\"font-size: 8pt;\">8h35\/45 \u00e0 12h15<\/span><\/td>\n<td style=\"width: 18.4352%; height: 49px; border-color: #000000; border-style: solid; text-align: center;\">\u00a0<span style=\"font-size: 8pt;\">8h35\/45 \u00e0 12h15<\/span><\/td>\n<\/tr>\n<tr style=\"height: 21px;\">\n<td style=\"width: 20.6859%; height: 21px; border-color: #000000; border-style: solid;\"><span style=\"font-size: 10pt;\"><strong>12h15 \u00e0 13h40\/50<\/strong><\/span><\/td>\n<td style=\"width: 13.9226%; height: 21px; background-color: #f2ef1b; border-color: #000000; border-style: solid;\"><\/td>\n<td style=\"width: 15.8515%; height: 21px; background-color: #f2ef1b; border-color: #000000; border-style: solid;\"><\/td>\n<td style=\"width: 16.5283%; height: 21px; background-color: #f2ef1b; border-color: #000000; border-style: solid;\"><\/td>\n<td style=\"width: 16.3452%; height: 21px; background-color: #f2ef1b; border-color: #000000; border-style: solid;\"><\/td>\n<td style=\"width: 18.4352%; height: 21px; background-color: #f2ef1b; border-color: #000000; border-style: solid;\"><\/td>\n<\/tr>\n<tr style=\"height: 113px;\">\n<td style=\"width: 20.6859%; height: 114px; border-color: #000000; border-style: solid;\"><strong>APRES-MIDI<\/strong><\/td>\n<td style=\"width: 13.9226%; height: 114px; border-color: #000000; border-style: solid; text-align: center;\"><span style=\"font-size: 8pt;\">13h40\/50 \u00e0 16h<\/span><\/td>\n<td style=\"width: 15.8515%; height: 114px; border-color: #000000; border-style: solid; text-align: center;\"><span style=\"font-size: 8pt;\">13h40\/50 \u00e0 16h<\/span><\/td>\n<td style=\"width: 16.5283%; height: 114px; background-color: #a65f1c; border-color: #000000; border-style: solid;\"><\/td>\n<td style=\"width: 16.3452%; height: 114px; background-color: #56ed28; border-color: #000000; border-style: solid;\">\n<p style=\"text-align: center;\">NAP *<\/p>\n<p style=\"text-align: center;\"><span style=\"font-size: 8pt;\">13h40\/50 \u00e0 16h<\/span><\/p>\n<\/td>\n<td style=\"width: 18.4352%; height: 114px; border-color: #000000; border-style: solid; text-align: center;\"><span style=\"font-size: 8pt;\">13h40\/50 \u00e0 16h<\/span><\/td>\n<\/tr>\n<\/tbody>\n<\/table>\n<p>&nbsp;<\/p>\n<p><em>*Les <strong>N.A.P.<\/strong> sont des activit\u00e9s p\u00e9riscolaires participant \u00e0 l\u2019\u00e9veil et \u00e0 la culture de l\u2019enfant, mises en place par les collectivit\u00e9s territoriales (Communaut\u00e9 d&rsquo;agglom\u00e9ration Gaillac Graulhet) apr\u00e8s la classe et qui sont facultatives. <\/em><\/p>\n<p><strong>Un service de restauration scolaire (cantine)<\/strong> est aussi mis en place les lundi, mardi, jeudi et vendredi.<\/p>\n<p><strong>Un ramassage scolaire<\/strong> est mis en place tous les jours \u00e0 16 h 30.<\/p>\n<p><img loading=\"lazy\" decoding=\"async\" class=\"wp-image-12380 aligncenter\" src=\"https:\/\/www.cahuzac-sur-vere.fr\/web\/wp-content\/uploads\/2016\/11\/IMG_5568.jpg\" alt=\"Version 2\" width=\"321\" height=\"217\" srcset=\"https:\/\/www.cahuzac-sur-vere.fr\/web\/wp-content\/uploads\/2016\/11\/IMG_5568-200x135.jpg 200w, https:\/\/www.cahuzac-sur-vere.fr\/web\/wp-content\/uploads\/2016\/11\/IMG_5568-300x203.jpg 300w, https:\/\/www.cahuzac-sur-vere.fr\/web\/wp-content\/uploads\/2016\/11\/IMG_5568-400x270.jpg 400w, https:\/\/www.cahuzac-sur-vere.fr\/web\/wp-content\/uploads\/2016\/11\/IMG_5568-600x406.jpg 600w, https:\/\/www.cahuzac-sur-vere.fr\/web\/wp-content\/uploads\/2016\/11\/IMG_5568-768x519.jpg 768w, https:\/\/www.cahuzac-sur-vere.fr\/web\/wp-content\/uploads\/2016\/11\/IMG_5568-800x541.jpg 800w, https:\/\/www.cahuzac-sur-vere.fr\/web\/wp-content\/uploads\/2016\/11\/IMG_5568-1024x692.jpg 1024w, https:\/\/www.cahuzac-sur-vere.fr\/web\/wp-content\/uploads\/2016\/11\/IMG_5568-1200x811.jpg 1200w, https:\/\/www.cahuzac-sur-vere.fr\/web\/wp-content\/uploads\/2016\/11\/IMG_5568.jpg 3372w\" sizes=\"(max-width: 321px) 100vw, 321px\" \/><\/p>\n","protected":false},"excerpt":{"rendered":"<p>Cahuzac sur V\u00e8re dispose d\u2019une \u00e9cole qui accueille, en 2025, 134 enfants r\u00e9partis en 6 classes. Directrice : Madame Latch\u00e9 GARRIGUES Adresse\u00a0: Ecole Prim\u2019V\u00e8re, Rue des Ecoles, 81140 Cahuzac sur V\u00e8re T\u00e9l\u00e9phone : \u00a0 05.63.57.90.22 Mail\u00a0: ce.0811171H@ac-toulouse.fr Horaires d\u2019ouverture Lundi Mardi Mercredi Jeudi Vendredi MATIN 8h35\/45 \u00e0 12h15 \u00a08h35\/45 \u00e0 12h15 \u00a08h35\/45 \u00e0 12h15 \u00a08h35\/45 \u00e0 [&hellip;]<\/p>\n","protected":false},"author":2,"featured_media":0,"parent":0,"menu_order":0,"comment_status":"closed","ping_status":"closed","template":"","meta":{"footnotes":""},"_links":{"self":[{"href":"https:\/\/www.cahuzac-sur-vere.fr\/web\/wp-json\/wp\/v2\/pages\/12179"}],"collection":[{"href":"https:\/\/www.cahuzac-sur-vere.fr\/web\/wp-json\/wp\/v2\/pages"}],"about":[{"href":"https:\/\/www.cahuzac-sur-vere.fr\/web\/wp-json\/wp\/v2\/types\/page"}],"author":[{"embeddable":true,"href":"https:\/\/www.cahuzac-sur-vere.fr\/web\/wp-json\/wp\/v2\/users\/2"}],"replies":[{"embeddable":true,"href":"https:\/\/www.cahuzac-sur-vere.fr\/web\/wp-json\/wp\/v2\/comments?post=12179"}],"version-history":[{"count":18,"href":"https:\/\/www.cahuzac-sur-vere.fr\/web\/wp-json\/wp\/v2\/pages\/12179\/revisions"}],"predecessor-version":[{"id":16516,"href":"https:\/\/www.cahuzac-sur-vere.fr\/web\/wp-json\/wp\/v2\/pages\/12179\/revisions\/16516"}],"wp:attachment":[{"href":"https:\/\/www.cahuzac-sur-vere.fr\/web\/wp-json\/wp\/v2\/media?parent=12179"}],"curies":[{"name":"wp","href":"https:\/\/api.w.org\/{rel}","templated":true}]}}