{"id":12207,"date":"2016-11-10T17:11:51","date_gmt":"2016-11-10T16:11:51","guid":{"rendered":"http:\/\/www.cahuzac-sur-vere.fr\/web\/?page_id=12207"},"modified":"2025-07-02T11:02:58","modified_gmt":"2025-07-02T09:02:58","slug":"les-marches-2","status":"publish","type":"page","link":"https:\/\/www.cahuzac-sur-vere.fr\/web\/les-marches-2\/","title":{"rendered":"Les march\u00e9s"},"content":{"rendered":"<p>En plus d\u2019une grande vari\u00e9t\u00e9 de commerces ( voir page \u00ab\u00a0<a href=\"https:\/\/www.cahuzac-sur-vere.fr\/web\/entreprises\/\">Entreprises et Commerces<\/a>\u00a0\u00bb), Cahuzac dispose de march\u00e9s.<br \/>\n<span style=\"color: #0000ff;\"><strong><img loading=\"lazy\" decoding=\"async\" class=\"wp-image-12270 alignright\" src=\"https:\/\/www.cahuzac-sur-vere.fr\/web\/wp-content\/uploads\/2016\/11\/marche1.jpg\" alt=\"marche1\" width=\"301\" height=\"195\" srcset=\"https:\/\/www.cahuzac-sur-vere.fr\/web\/wp-content\/uploads\/2016\/11\/marche1-200x130.jpg 200w, https:\/\/www.cahuzac-sur-vere.fr\/web\/wp-content\/uploads\/2016\/11\/marche1-300x195.jpg 300w, https:\/\/www.cahuzac-sur-vere.fr\/web\/wp-content\/uploads\/2016\/11\/marche1-400x259.jpg 400w, https:\/\/www.cahuzac-sur-vere.fr\/web\/wp-content\/uploads\/2016\/11\/marche1.jpg 600w\" sizes=\"(max-width: 301px) 100vw, 301px\" \/><\/strong><\/span><\/p>\n<ul>\n<li><span style=\"color: #000000;\"><span style=\"color: #0000ff;\"><strong><strong>March\u00e9 du mercredi:<\/strong> <\/strong><\/span>Chaque mercredi matin, sur la Place d&rsquo;Hautpoul , au pied du Monument aux morts, vous trouverez, selon\u00a0la saison, des\u00a0marchands de primeurs, de fleurs. , de <\/span>charcuterie de Lacaune, de fromage, de miel, et de plats cuisin\u00e9s.<\/li>\n<\/ul>\n<p>&nbsp;<\/p>\n<p>&nbsp;<\/p>\n<p>&nbsp;<\/p>\n<p>&nbsp;<\/p>\n<p><span style=\"font-size: 14pt;\"><strong>Pr\u00e9servons notre petit march\u00e9 : venez consommer local<\/strong><\/span><br \/>\nChaque mercredi matin, retrouvez la qualit\u00e9 et la convivialit\u00e9 sur notre march\u00e9. Si vous aimez les produits frais, les rencontres chaleureuses et que vous souhaitez soutenir l\u2019\u00e9conomie locale n\u2019h\u00e9sitez pas \u00e0 venir faire vos achats chez nos fid\u00e8les producteurs.<\/p>\n<p><strong><span style=\"color: #ff0000;\">EARL Rech<\/span><\/strong><\/p>\n<p><strong><span style=\"color: #ff0000;\">\u00a0 \u00a0<img loading=\"lazy\" decoding=\"async\" class=\"alignnone size-medium wp-image-16651\" src=\"https:\/\/www.cahuzac-sur-vere.fr\/web\/wp-content\/uploads\/2025\/07\/MARCHE-RECH-300x139.jpg\" alt=\"\" width=\"300\" height=\"139\" srcset=\"https:\/\/www.cahuzac-sur-vere.fr\/web\/wp-content\/uploads\/2025\/07\/MARCHE-RECH-200x92.jpg 200w, https:\/\/www.cahuzac-sur-vere.fr\/web\/wp-content\/uploads\/2025\/07\/MARCHE-RECH-300x139.jpg 300w, https:\/\/www.cahuzac-sur-vere.fr\/web\/wp-content\/uploads\/2025\/07\/MARCHE-RECH-400x185.jpg 400w, https:\/\/www.cahuzac-sur-vere.fr\/web\/wp-content\/uploads\/2025\/07\/MARCHE-RECH-600x277.jpg 600w, https:\/\/www.cahuzac-sur-vere.fr\/web\/wp-content\/uploads\/2025\/07\/MARCHE-RECH-768x355.jpg 768w, https:\/\/www.cahuzac-sur-vere.fr\/web\/wp-content\/uploads\/2025\/07\/MARCHE-RECH-800x370.jpg 800w, https:\/\/www.cahuzac-sur-vere.fr\/web\/wp-content\/uploads\/2025\/07\/MARCHE-RECH-1024x473.jpg 1024w, https:\/\/www.cahuzac-sur-vere.fr\/web\/wp-content\/uploads\/2025\/07\/MARCHE-RECH-1200x554.jpg 1200w, https:\/\/www.cahuzac-sur-vere.fr\/web\/wp-content\/uploads\/2025\/07\/MARCHE-RECH-1536x710.jpg 1536w, https:\/\/www.cahuzac-sur-vere.fr\/web\/wp-content\/uploads\/2025\/07\/MARCHE-RECH.jpg 1786w\" sizes=\"(max-width: 300px) 100vw, 300px\" \/><\/span><\/strong><br \/>\nEntreprise de mara\u00eechage et d&rsquo;horticulture bas\u00e9e \u00e0 Senouillac. Cyril, le chef d&rsquo;exploitation, travaille avec sa fille depuis de nombreuses ann\u00e9es pour vous proposer des l\u00e9gumes, plants et fleurs de saison. Il pratique une agriculture raisonn\u00e9e que vous pouvez retrouver sur le march\u00e9 de Cahuzac sur V\u00e8re, tous les mercredi matin. Ils ont \u00e0 coeur de privil\u00e9gier les circuits courts pour que le client sache d&rsquo;o\u00f9 vient ce qu&rsquo;il met dans son assiette et que le produit soit le plus frais possible.<\/p>\n<p><strong><span style=\"color: #ff0000;\">Miel des ruches du pic<\/span><\/strong><br \/>\n<strong><span style=\"color: #ff0000;\"><img loading=\"lazy\" decoding=\"async\" class=\"alignnone size-medium wp-image-16649\" src=\"https:\/\/www.cahuzac-sur-vere.fr\/web\/wp-content\/uploads\/2025\/07\/MARCHE-MIEL-300x139.jpg\" alt=\"\" width=\"300\" height=\"139\" srcset=\"https:\/\/www.cahuzac-sur-vere.fr\/web\/wp-content\/uploads\/2025\/07\/MARCHE-MIEL-200x92.jpg 200w, https:\/\/www.cahuzac-sur-vere.fr\/web\/wp-content\/uploads\/2025\/07\/MARCHE-MIEL-300x139.jpg 300w, https:\/\/www.cahuzac-sur-vere.fr\/web\/wp-content\/uploads\/2025\/07\/MARCHE-MIEL-400x185.jpg 400w, https:\/\/www.cahuzac-sur-vere.fr\/web\/wp-content\/uploads\/2025\/07\/MARCHE-MIEL-600x277.jpg 600w, https:\/\/www.cahuzac-sur-vere.fr\/web\/wp-content\/uploads\/2025\/07\/MARCHE-MIEL-768x355.jpg 768w, https:\/\/www.cahuzac-sur-vere.fr\/web\/wp-content\/uploads\/2025\/07\/MARCHE-MIEL-800x370.jpg 800w, https:\/\/www.cahuzac-sur-vere.fr\/web\/wp-content\/uploads\/2025\/07\/MARCHE-MIEL-1024x473.jpg 1024w, https:\/\/www.cahuzac-sur-vere.fr\/web\/wp-content\/uploads\/2025\/07\/MARCHE-MIEL-1200x554.jpg 1200w, https:\/\/www.cahuzac-sur-vere.fr\/web\/wp-content\/uploads\/2025\/07\/MARCHE-MIEL-1536x710.jpg 1536w, https:\/\/www.cahuzac-sur-vere.fr\/web\/wp-content\/uploads\/2025\/07\/MARCHE-MIEL.jpg 1773w\" sizes=\"(max-width: 300px) 100vw, 300px\" \/><\/span><\/strong><\/p>\n<p>Amadieu Patrick est apiculteur amateur \u00e9prit et respectueux de la nature de notre belle r\u00e9gion. Son rucher se situe \u00e0 5 km de Cahuzac-sur-V\u00e8re sur la commune de Broze. Pendant de nombreuses ann\u00e9es il disposait de 20 \u00e0 30 ruches \u00e0 ce jour il ne lui reste qu&rsquo;une dizaine de ruches suite aux d\u00e9g\u00e2ts provoqu\u00e9s par le frelon asiatique et les pesticides. Sa r\u00e9colte est locale Il ne transhume plus pour pouvoir surveiller davantage ses colonies d&rsquo;abeilles. Depuis que son \u00e9pouse est \u00e0 la retraite elle vend leur miel uniquement sur le march\u00e9 de Cahuzac-sur-V\u00e8re le mercredi matin.<\/p>\n<p><strong><span style=\"color: #ff0000;\">L\u2019\u00e9tal du gourmet Lacaune<\/span><\/strong><br \/>\n<strong><span style=\"color: #ff0000;\"><img loading=\"lazy\" decoding=\"async\" class=\"alignnone size-medium wp-image-16648\" src=\"https:\/\/www.cahuzac-sur-vere.fr\/web\/wp-content\/uploads\/2025\/07\/MARCHE-ETAL-DU-GOURMET-300x139.jpg\" alt=\"\" width=\"300\" height=\"139\" srcset=\"https:\/\/www.cahuzac-sur-vere.fr\/web\/wp-content\/uploads\/2025\/07\/MARCHE-ETAL-DU-GOURMET-200x92.jpg 200w, https:\/\/www.cahuzac-sur-vere.fr\/web\/wp-content\/uploads\/2025\/07\/MARCHE-ETAL-DU-GOURMET-300x139.jpg 300w, https:\/\/www.cahuzac-sur-vere.fr\/web\/wp-content\/uploads\/2025\/07\/MARCHE-ETAL-DU-GOURMET-400x185.jpg 400w, https:\/\/www.cahuzac-sur-vere.fr\/web\/wp-content\/uploads\/2025\/07\/MARCHE-ETAL-DU-GOURMET-600x277.jpg 600w, https:\/\/www.cahuzac-sur-vere.fr\/web\/wp-content\/uploads\/2025\/07\/MARCHE-ETAL-DU-GOURMET-768x355.jpg 768w, https:\/\/www.cahuzac-sur-vere.fr\/web\/wp-content\/uploads\/2025\/07\/MARCHE-ETAL-DU-GOURMET-800x369.jpg 800w, https:\/\/www.cahuzac-sur-vere.fr\/web\/wp-content\/uploads\/2025\/07\/MARCHE-ETAL-DU-GOURMET-1024x473.jpg 1024w, https:\/\/www.cahuzac-sur-vere.fr\/web\/wp-content\/uploads\/2025\/07\/MARCHE-ETAL-DU-GOURMET-1200x554.jpg 1200w, https:\/\/www.cahuzac-sur-vere.fr\/web\/wp-content\/uploads\/2025\/07\/MARCHE-ETAL-DU-GOURMET-1536x709.jpg 1536w, https:\/\/www.cahuzac-sur-vere.fr\/web\/wp-content\/uploads\/2025\/07\/MARCHE-ETAL-DU-GOURMET.jpg 1836w\" sizes=\"(max-width: 300px) 100vw, 300px\" \/><\/span><\/strong><\/p>\n<p>Tous les mercredi matin depuis bient\u00f4t 11 ans, Christelle et Jean-Pierre proposent leurs produits artisanaux de Lacaune sur votre march\u00e9 vous pouvez retrouver : charcuterie artisanale, viande de porc fran\u00e7aise et fromages locaux.<\/p>\n<p><strong><span style=\"color: #ff0000;\">Poules et coqs nains d&rsquo;ornement :<\/span><\/strong><br \/>\n<strong><span style=\"color: #ff0000;\"><img loading=\"lazy\" decoding=\"async\" class=\"alignnone size-medium wp-image-16650\" src=\"https:\/\/www.cahuzac-sur-vere.fr\/web\/wp-content\/uploads\/2025\/07\/marche-poulet-300x139.jpg\" alt=\"\" width=\"300\" height=\"139\" srcset=\"https:\/\/www.cahuzac-sur-vere.fr\/web\/wp-content\/uploads\/2025\/07\/marche-poulet-200x92.jpg 200w, https:\/\/www.cahuzac-sur-vere.fr\/web\/wp-content\/uploads\/2025\/07\/marche-poulet-300x139.jpg 300w, https:\/\/www.cahuzac-sur-vere.fr\/web\/wp-content\/uploads\/2025\/07\/marche-poulet-400x185.jpg 400w, https:\/\/www.cahuzac-sur-vere.fr\/web\/wp-content\/uploads\/2025\/07\/marche-poulet-600x277.jpg 600w, https:\/\/www.cahuzac-sur-vere.fr\/web\/wp-content\/uploads\/2025\/07\/marche-poulet-768x355.jpg 768w, https:\/\/www.cahuzac-sur-vere.fr\/web\/wp-content\/uploads\/2025\/07\/marche-poulet-800x370.jpg 800w, https:\/\/www.cahuzac-sur-vere.fr\/web\/wp-content\/uploads\/2025\/07\/marche-poulet-1024x473.jpg 1024w, https:\/\/www.cahuzac-sur-vere.fr\/web\/wp-content\/uploads\/2025\/07\/marche-poulet-1200x554.jpg 1200w, https:\/\/www.cahuzac-sur-vere.fr\/web\/wp-content\/uploads\/2025\/07\/marche-poulet-1536x710.jpg 1536w\" sizes=\"(max-width: 300px) 100vw, 300px\" \/><\/span><\/strong><\/p>\n<p>Latge Christian vient de Broze. Il est un collectionneur passionn\u00e9 de volailles d&rsquo;ornement. Vari\u00e9t\u00e9s race rustique ancestrale.<br \/>\nVous pourrez retrouver aussi, d\u2019autres artisans, producteurs ou commer\u00e7ants venant de fa\u00e7on plus occasionnelle.<\/p>\n<p>&nbsp;<\/p>\n","protected":false},"excerpt":{"rendered":"<p>En plus d\u2019une grande vari\u00e9t\u00e9 de commerces ( voir page \u00ab\u00a0Entreprises et Commerces\u00a0\u00bb), Cahuzac dispose de march\u00e9s. March\u00e9 du mercredi: Chaque mercredi matin, sur la Place d&rsquo;Hautpoul , au pied du Monument aux morts, vous trouverez, selon\u00a0la saison, des\u00a0marchands de primeurs, de fleurs. , de charcuterie de Lacaune, de fromage, de miel, et de plats cuisin\u00e9s. [&hellip;]<\/p>\n","protected":false},"author":2,"featured_media":0,"parent":0,"menu_order":0,"comment_status":"closed","ping_status":"closed","template":"","meta":{"footnotes":""},"_links":{"self":[{"href":"https:\/\/www.cahuzac-sur-vere.fr\/web\/wp-json\/wp\/v2\/pages\/12207"}],"collection":[{"href":"https:\/\/www.cahuzac-sur-vere.fr\/web\/wp-json\/wp\/v2\/pages"}],"about":[{"href":"https:\/\/www.cahuzac-sur-vere.fr\/web\/wp-json\/wp\/v2\/types\/page"}],"author":[{"embeddable":true,"href":"https:\/\/www.cahuzac-sur-vere.fr\/web\/wp-json\/wp\/v2\/users\/2"}],"replies":[{"embeddable":true,"href":"https:\/\/www.cahuzac-sur-vere.fr\/web\/wp-json\/wp\/v2\/comments?post=12207"}],"version-history":[{"count":12,"href":"https:\/\/www.cahuzac-sur-vere.fr\/web\/wp-json\/wp\/v2\/pages\/12207\/revisions"}],"predecessor-version":[{"id":16658,"href":"https:\/\/www.cahuzac-sur-vere.fr\/web\/wp-json\/wp\/v2\/pages\/12207\/revisions\/16658"}],"wp:attachment":[{"href":"https:\/\/www.cahuzac-sur-vere.fr\/web\/wp-json\/wp\/v2\/media?parent=12207"}],"curies":[{"name":"wp","href":"https:\/\/api.w.org\/{rel}","templated":true}]}}