{"id":12214,"date":"2016-11-14T09:57:43","date_gmt":"2016-11-14T08:57:43","guid":{"rendered":"http:\/\/www.cahuzac-sur-vere.fr\/web\/?page_id=12214"},"modified":"2018-12-19T12:42:11","modified_gmt":"2018-12-19T11:42:11","slug":"tarifs","status":"publish","type":"page","link":"https:\/\/www.cahuzac-sur-vere.fr\/web\/tarifs\/","title":{"rendered":"Tarifs"},"content":{"rendered":"<p>De nouveaux tarifs sont applicables \u00e0 partir du 1er janvier 2019\u00a0( d\u00e9lib\u00e9ration du 18 d\u00e9cembre 2018)<\/p>\n<p><span style=\"color: #cc0066;\"><strong>1 &#8211; PARTICULIERS , JEUX DE LOTOS et autres \u00e9v\u00e9nements ponctuels:\u00a0<\/strong><\/span><\/p>\n<p><strong><span style=\"color: #0000ff;\">a . Particuliers domicili\u00e9s dans la commune:<\/span>\u00a0<\/strong><\/p>\n<table style=\"border-collapse: collapse; width: 99.99999999999999%; height: 115px;\" border=\"1\">\n<tbody>\n<tr style=\"height: 46px;\">\n<td style=\"width: 16.038961038961038%; height: 46px;\"><\/td>\n<td style=\"width: 30.58441558441558%; text-align: center; height: 46px;\">\u00a0<strong>Salle des F\u00eates<\/strong><br \/>\n<span style=\"font-size: 10pt;\">(236 places assises)<\/span><\/td>\n<td style=\"width: 28.376623376623378%; text-align: center; height: 46px;\"><strong>Salles 1 et 2<\/strong> <span style=\"font-size: 10pt;\">( \u00e9tage S.des F\u00eates), 15-20 personnes\u00a0<\/span><\/td>\n<td style=\"width: 25%; text-align: center; height: 46px;\"><strong>Maison des associations<\/strong><\/td>\n<\/tr>\n<tr style=\"height: 23px;\">\n<td style=\"width: 16.038961038961038%; height: 23px; text-align: center;\">Location<\/td>\n<td style=\"width: 30.58441558441558%; text-align: center; height: 23px;\">150 \u20ac<\/td>\n<td style=\"width: 28.376623376623378%; text-align: center; height: 23px;\">55 \u20ac<\/td>\n<td style=\"width: 25%; text-align: center; height: 23px;\">60 \u20ac<\/td>\n<\/tr>\n<tr style=\"height: 23px;\">\n<td style=\"width: 16.038961038961038%; height: 23px; text-align: center;\">Forfait EDF<\/td>\n<td style=\"width: 30.58441558441558%; text-align: center; height: 23px;\">30 \u20ac<\/td>\n<td style=\"width: 28.376623376623378%; text-align: center; height: 23px;\">15 \u20ac<\/td>\n<td style=\"width: 25%; text-align: center; height: 23px;\">15 \u20ac<\/td>\n<\/tr>\n<tr style=\"height: 23px;\">\n<td style=\"width: 16.038961038961038%; height: 23px; text-align: center;\">Caution m\u00e9nage<\/td>\n<td style=\"width: 30.58441558441558%; text-align: center; height: 23px;\">70 \u20ac<\/td>\n<td style=\"width: 28.376623376623378%; text-align: center; height: 23px;\">30 \u20ac<\/td>\n<td style=\"width: 25%; text-align: center; height: 23px;\">30 \u20ac<\/td>\n<\/tr>\n<tr>\n<td style=\"width: 16.038961038961038%; text-align: center;\"><span style=\"color: #ff0000;\"><strong>Caution pour la salle<\/strong><\/span><\/td>\n<td style=\"width: 30.58441558441558%; text-align: center;\">800 \u20ac payable en deux ch\u00e8ques<\/td>\n<td style=\"width: 28.376623376623378%; text-align: center;\">250 \u20ac<\/td>\n<td style=\"width: 25%; text-align: center;\">250\u20ac<\/td>\n<\/tr>\n<\/tbody>\n<\/table>\n<p>&nbsp;<\/p>\n<table>\n<tbody>\n<tr style=\"height: 48.4333px;\">\n<td style=\"height: 48.4333px;\"><strong><span style=\"color: #ff0000;\">Attention!<\/span> <\/strong><br \/>\n<span style=\"color: #0000ff;\">La salle des associations ne peut \u00eatre lou\u00e9e pour des anniversaires\u00a0 ou des soir\u00e9es dansantes, pour des raisons de voisinage. \u00a0<\/span><\/td>\n<\/tr>\n<\/tbody>\n<\/table>\n<p>&nbsp;<\/p>\n<p><strong><span style=\"color: #0000ff;\">b. Particuliers ext\u00e9rieurs \u00e0 la commune :<\/span>\u00a0<\/strong><\/p>\n<table style=\"border-collapse: collapse; width: 100%; height: 115px;\" border=\"1\">\n<tbody>\n<tr style=\"height: 46px;\">\n<td style=\"width: 16.038961038961038%; height: 46px;\"><\/td>\n<td style=\"width: 30.58441558441558%; text-align: center; height: 46px;\">\u00a0<strong>Salle des F\u00eates<\/strong><br \/>\n<span style=\"font-size: 10pt;\">(236 places assises)<\/span><\/td>\n<td style=\"width: 28.376623376623378%; text-align: center; height: 46px;\"><strong>Salles 1 et 2<\/strong> <span style=\"font-size: 10pt;\">( \u00e9tage S.des F\u00eates), 15-20 personnes\u00a0<\/span><\/td>\n<td style=\"width: 25%; text-align: center; height: 46px;\"><strong>Maison des associations<\/strong><\/td>\n<\/tr>\n<tr style=\"height: 23px;\">\n<td style=\"width: 16.038961038961038%; height: 23px;\">Location<\/td>\n<td style=\"width: 30.58441558441558%; text-align: center; height: 23px;\">300 \u20ac<\/td>\n<td style=\"width: 28.376623376623378%; text-align: center; height: 23px;\">150 \u20ac<\/td>\n<td style=\"width: 25%; text-align: center; height: 23px;\">150 \u20ac<\/td>\n<\/tr>\n<tr style=\"height: 23px;\">\n<td style=\"width: 16.038961038961038%; height: 23px;\">Forfait EDF<\/td>\n<td style=\"width: 30.58441558441558%; text-align: center; height: 23px;\">30 \u20ac<\/td>\n<td style=\"width: 28.376623376623378%; text-align: center; height: 23px;\">15 \u20ac<\/td>\n<td style=\"width: 25%; text-align: center; height: 23px;\">15 \u20ac<\/td>\n<\/tr>\n<tr style=\"height: 23px;\">\n<td style=\"width: 16.038961038961038%; height: 23px;\">Caution m\u00e9nage<\/td>\n<td style=\"width: 30.58441558441558%; text-align: center; height: 23px;\">70 \u20ac<\/td>\n<td style=\"width: 28.376623376623378%; text-align: center; height: 23px;\">30 \u20ac<\/td>\n<td style=\"width: 25%; text-align: center; height: 23px;\">30 \u20ac<\/td>\n<\/tr>\n<tr>\n<td style=\"width: 16.038961038961038%; text-align: center;\"><strong><span style=\"color: #ff0000;\">Caution pour la salle<\/span><\/strong><\/td>\n<td style=\"width: 30.58441558441558%; text-align: center;\">800 \u20ac payable en deux ch\u00e8ques<\/td>\n<td style=\"width: 28.376623376623378%; text-align: center;\">250 \u20ac<\/td>\n<td style=\"width: 25%; text-align: center;\">250\u20ac<\/td>\n<\/tr>\n<\/tbody>\n<\/table>\n<p>&nbsp;<\/p>\n<p><span style=\"color: #0000ff;\"><strong>c. Jeux de lotos et autres animations ponctuelles organis\u00e9es par des associations de la commune :\u00a0<\/strong><\/span><br \/>\n&#8211; Salle des F\u00eates (236 places assises) : 25 \u20ac<br \/>\n+ Caution de m\u00e9nage: 70 \u20ac<\/p>\n<p><span style=\"color: #ff0000;\"><strong><u>Paiement<\/u>\u00a0:<\/strong> <\/span>50 % de la location, repr\u00e9sentant des arrhes, seront vers\u00e9s au moment de la r\u00e9servation et le solde \u00e0 la prise de possession de la salle.<u><\/u><\/p>\n<p><strong><u>Une attestation d\u2019assurance responsabilit\u00e9 civile <\/u><\/strong>sera d\u00e9pos\u00e9e avec le ch\u00e8que de caution.<\/p>\n<p>&nbsp;<\/p>\n<p><strong><span style=\"color: #cc0066;\">2 &#8211; ASSOCIATIONS UTILISANT R\u00c9GULI\u00c8REMENT LA SALLE DES F\u00caTES:\u00a0<\/span><\/strong><\/p>\n<p>Afin de participer aux frais de chauffage et d\u2019\u00e9lectricit\u00e9 de la salle des f\u00eates, , une participation forfaitaire annuelle est demand\u00e9e aux associations utilisant r\u00e9guli\u00e8rement cette salle :<\/p>\n<table style=\"border-collapse: collapse; width: 90.88541666666669%; height: 190px;\" border=\"1\">\n<tbody>\n<tr>\n<td style=\"width: 33.333333333333336%; text-align: center;\" colspan=\"3\"><strong><span style=\"color: #ff0000;\">Nouveaux tarifs applicables au 1er janvier 2019<\/span><br \/>\n<\/strong><\/td>\n<\/tr>\n<tr>\n<td style=\"width: 33.333333333333336%; text-align: center;\"><strong>Salles des F\u00eates<\/strong><\/td>\n<td style=\"width: 33.333333333333336%; text-align: center;\"><strong>Salles 1 et 2 ,<\/strong> \u00e9tage S.d.F\u00eates<\/td>\n<td style=\"width: 33.333333333333336%; text-align: center;\"><strong>Maison des associations<\/strong><\/td>\n<\/tr>\n<tr>\n<td style=\"width: 33.333333333333336%;\">1h \u00e0 2h : \u00a0 \u00a0 \u00a0 \u00a0 <strong>60 \u20ac<\/strong><br \/>\n3h \u00e0 4h : \u00a0 \u00a0 \u00a0<strong> 110 \u20ac\u00a0<\/strong><br \/>\n5h \u00e0 10 h : \u00a0 \u00a0<strong>210 \u20ac<\/strong><br \/>\nau-del\u00e0 \u00a0: \u00a0 \u00a0 <strong>300 \u20ac<\/strong><\/td>\n<td style=\"width: 33.333333333333336%;\" colspan=\"2\">\n<p style=\"text-align: center;\">1h : \u00a0 \u00a0 \u00a0 \u00a0 \u00a0 \u00a0 <strong>20 \u20ac<\/strong><br \/>\n2h : \u00a0 \u00a0 \u00a0 \u00a0 \u00a0 <strong>\u00a040 \u20ac<\/strong><br \/>\n3 \u00e0 4h : \u00a0 \u00a0 \u00a0<strong>80 \u20ac<\/strong><br \/>\n5 \u00e0 10h : \u00a0 <strong>150 \u20ac<\/strong><br \/>\nau-del\u00e0: \u00a0 \u00a0<strong>200\u20ac<\/strong><\/p>\n<\/td>\n<\/tr>\n<\/tbody>\n<\/table>\n<p>&nbsp;<\/p>\n<p><span style=\"color: #ff0000;\"><strong>Nous vous demandons aussi de bien vouloir laisser les lieux propres et poubelles vid\u00e9es apr\u00e8s chaque utilisation.\u00a0<\/strong><\/span><\/p>\n","protected":false},"excerpt":{"rendered":"<p>De nouveaux tarifs sont applicables \u00e0 partir du 1er janvier 2019\u00a0( d\u00e9lib\u00e9ration du 18 d\u00e9cembre 2018) 1 &#8211; PARTICULIERS , JEUX DE LOTOS et autres \u00e9v\u00e9nements ponctuels:\u00a0 a . Particuliers domicili\u00e9s dans la commune:\u00a0 \u00a0Salle des F\u00eates (236 places assises) Salles 1 et 2 ( \u00e9tage S.des F\u00eates), 15-20 personnes\u00a0 Maison des associations Location 150 \u20ac [&hellip;]<\/p>\n","protected":false},"author":2,"featured_media":0,"parent":0,"menu_order":0,"comment_status":"closed","ping_status":"closed","template":"","meta":{"footnotes":""},"_links":{"self":[{"href":"https:\/\/www.cahuzac-sur-vere.fr\/web\/wp-json\/wp\/v2\/pages\/12214"}],"collection":[{"href":"https:\/\/www.cahuzac-sur-vere.fr\/web\/wp-json\/wp\/v2\/pages"}],"about":[{"href":"https:\/\/www.cahuzac-sur-vere.fr\/web\/wp-json\/wp\/v2\/types\/page"}],"author":[{"embeddable":true,"href":"https:\/\/www.cahuzac-sur-vere.fr\/web\/wp-json\/wp\/v2\/users\/2"}],"replies":[{"embeddable":true,"href":"https:\/\/www.cahuzac-sur-vere.fr\/web\/wp-json\/wp\/v2\/comments?post=12214"}],"version-history":[{"count":14,"href":"https:\/\/www.cahuzac-sur-vere.fr\/web\/wp-json\/wp\/v2\/pages\/12214\/revisions"}],"predecessor-version":[{"id":14334,"href":"https:\/\/www.cahuzac-sur-vere.fr\/web\/wp-json\/wp\/v2\/pages\/12214\/revisions\/14334"}],"wp:attachment":[{"href":"https:\/\/www.cahuzac-sur-vere.fr\/web\/wp-json\/wp\/v2\/media?parent=12214"}],"curies":[{"name":"wp","href":"https:\/\/api.w.org\/{rel}","templated":true}]}}