{"id":12234,"date":"2016-11-14T11:01:11","date_gmt":"2016-11-14T10:01:11","guid":{"rendered":"http:\/\/www.cahuzac-sur-vere.fr\/web\/?page_id=12234"},"modified":"2016-11-14T11:01:11","modified_gmt":"2016-11-14T10:01:11","slug":"les-cinq-cimetieres","status":"publish","type":"page","link":"https:\/\/www.cahuzac-sur-vere.fr\/web\/les-cinq-cimetieres\/","title":{"rendered":"Les Cinq Cimeti\u00e8res"},"content":{"rendered":"<p><strong>La commune de Cahuzac sur V\u00e8re compte 5 cimeti\u00e8res\u00a0:<\/strong><br \/>\n&#8211; Arzac<br \/>\n&#8211; Cahuzac sur V\u00e8re<br \/>\n&#8211; Granejouls<br \/>\n&#8211; Lintin<br \/>\n&#8211; Salettes<\/p>\n<p><strong>Les tarifs \u00e0 compter du 2 juin 2015 sont\u00a0: <\/strong><br \/>\n&#8211; Concessions : 120\u20ac par m2 conc\u00e9d\u00e9 &#8211; Dur\u00e9e 30 ans<br \/>\n&#8211; Colombarium : 700\u20ac la case &#8211; Dur\u00e9e 50 ans<\/p>\n<p><strong>Contact Secr\u00e9tariat\u00a0: <\/strong>05 63 33 90 18<\/p>\n","protected":false},"excerpt":{"rendered":"<p>La commune de Cahuzac sur V\u00e8re compte 5 cimeti\u00e8res\u00a0: &#8211; Arzac &#8211; Cahuzac sur V\u00e8re &#8211; Granejouls &#8211; Lintin &#8211; Salettes Les tarifs \u00e0 compter du 2 juin 2015 sont\u00a0: &#8211; Concessions : 120\u20ac par m2 conc\u00e9d\u00e9 &#8211; Dur\u00e9e 30 ans &#8211; Colombarium : 700\u20ac la case &#8211; Dur\u00e9e 50 ans Contact Secr\u00e9tariat\u00a0: 05 63 33 [&hellip;]<\/p>\n","protected":false},"author":2,"featured_media":0,"parent":0,"menu_order":0,"comment_status":"closed","ping_status":"closed","template":"","meta":{"footnotes":""},"_links":{"self":[{"href":"https:\/\/www.cahuzac-sur-vere.fr\/web\/wp-json\/wp\/v2\/pages\/12234"}],"collection":[{"href":"https:\/\/www.cahuzac-sur-vere.fr\/web\/wp-json\/wp\/v2\/pages"}],"about":[{"href":"https:\/\/www.cahuzac-sur-vere.fr\/web\/wp-json\/wp\/v2\/types\/page"}],"author":[{"embeddable":true,"href":"https:\/\/www.cahuzac-sur-vere.fr\/web\/wp-json\/wp\/v2\/users\/2"}],"replies":[{"embeddable":true,"href":"https:\/\/www.cahuzac-sur-vere.fr\/web\/wp-json\/wp\/v2\/comments?post=12234"}],"version-history":[{"count":1,"href":"https:\/\/www.cahuzac-sur-vere.fr\/web\/wp-json\/wp\/v2\/pages\/12234\/revisions"}],"predecessor-version":[{"id":12235,"href":"https:\/\/www.cahuzac-sur-vere.fr\/web\/wp-json\/wp\/v2\/pages\/12234\/revisions\/12235"}],"wp:attachment":[{"href":"https:\/\/www.cahuzac-sur-vere.fr\/web\/wp-json\/wp\/v2\/media?parent=12234"}],"curies":[{"name":"wp","href":"https:\/\/api.w.org\/{rel}","templated":true}]}}