{"id":12405,"date":"2016-11-17T16:37:20","date_gmt":"2016-11-17T15:37:20","guid":{"rendered":"http:\/\/www.cahuzac-sur-vere.fr\/web\/?page_id=12405"},"modified":"2025-06-27T10:55:17","modified_gmt":"2025-06-27T08:55:17","slug":"les-commercants","status":"publish","type":"page","link":"https:\/\/www.cahuzac-sur-vere.fr\/web\/les-commercants\/","title":{"rendered":"Les commer\u00e7ants"},"content":{"rendered":"<p><img loading=\"lazy\" decoding=\"async\" class=\"size-full wp-image-12406 alignright\" src=\"https:\/\/www.cahuzac-sur-vere.fr\/web\/wp-content\/uploads\/2016\/11\/commercesaulieres.jpg\" alt=\"commercesaulieres\" width=\"194\" height=\"106\" \/><strong>SAULI\u00c8RES PHILIPPE<\/strong><br \/>\nBoulangerie \u2013 P\u00e2tisserie<br \/>\n10-12 Rue du Barry\u00a0 05.63.33.90.15<br \/>\nOuverte du Lundi au Samedi de 6 h 30 \u00e0 13 h et de 16 h \u00e0 19 h<br \/>\nDimanche de 6 h 30 \u00e0 13 h<br \/>\nFerm\u00e9e le Mercredi<\/p>\n<p><strong><img loading=\"lazy\" decoding=\"async\" class=\"size-full wp-image-12408 alignright\" src=\"https:\/\/www.cahuzac-sur-vere.fr\/web\/wp-content\/uploads\/2016\/11\/commercecoteacote.jpg\" alt=\"commercecoteacote\" width=\"208\" height=\"126\" srcset=\"https:\/\/www.cahuzac-sur-vere.fr\/web\/wp-content\/uploads\/2016\/11\/commercecoteacote-200x121.jpg 200w, https:\/\/www.cahuzac-sur-vere.fr\/web\/wp-content\/uploads\/2016\/11\/commercecoteacote.jpg 208w\" sizes=\"(max-width: 208px) 100vw, 208px\" \/>COTE A COTE <\/strong><br \/>\nBoucherie \u2013 Epicerie &#8211; Pain<br \/>\n16 Route de Cordes\u00a0 05.63.33.94.22<br \/>\nOuverture du Mardi au Samedi de 8 h \u00e0 12 h 30 et de 16 h \u00e0 19 h 30<br \/>\nDimanche de 8 h \u00e0 12 h 30 durant la belle saison.<br \/>\nFermeture : le lundi<\/p>\n<p><strong><img loading=\"lazy\" decoding=\"async\" class=\"wp-image-12410 alignright\" src=\"https:\/\/www.cahuzac-sur-vere.fr\/web\/wp-content\/uploads\/2016\/11\/vival.jpg\" alt=\"vival\" width=\"205\" height=\"146\" srcset=\"https:\/\/www.cahuzac-sur-vere.fr\/web\/wp-content\/uploads\/2016\/11\/vival-200x143.jpg 200w, https:\/\/www.cahuzac-sur-vere.fr\/web\/wp-content\/uploads\/2016\/11\/vival-300x214.jpg 300w, https:\/\/www.cahuzac-sur-vere.fr\/web\/wp-content\/uploads\/2016\/11\/vival-400x286.jpg 400w, https:\/\/www.cahuzac-sur-vere.fr\/web\/wp-content\/uploads\/2016\/11\/vival.jpg 480w\" sizes=\"(max-width: 205px) 100vw, 205px\" \/>VIVAL<\/strong><br \/>\nEpicerie BARRAU \u2013 alimentation g\u00e9n\u00e9rale<br \/>\n3 Rue du Barry\u00a0 05.63.33.98.77<br \/>\nOuverture :<br \/>\n&#8211;\u00a0 le matin : du Lundi au Samedi de 8 h \u00e0 12 h 30<br \/>\nle Dimanche de 8 h \u00e0 12 h 30<br \/>\n&#8211; l&rsquo;apr\u00e8s-midi\u00a0: le Lundi de 16 h 30 \u00e0 19 h<br \/>\ndu Mardi au Samedi de 15 h \u00e0 19 h<br \/>\nFermeture : Mercredi apr\u00e8s-midi et dimanche apr\u00e8s midi<\/p>\n<p><strong>BAR LE CAHU<\/strong><\/p>\n<p><img loading=\"lazy\" decoding=\"async\" class=\" wp-image-15803 alignright\" src=\"https:\/\/www.cahuzac-sur-vere.fr\/web\/wp-content\/uploads\/2022\/09\/facebook_1664554620442_6981648102739628870-300x225.jpg\" alt=\"\" width=\"197\" height=\"148\" srcset=\"https:\/\/www.cahuzac-sur-vere.fr\/web\/wp-content\/uploads\/2022\/09\/facebook_1664554620442_6981648102739628870-200x150.jpg 200w, https:\/\/www.cahuzac-sur-vere.fr\/web\/wp-content\/uploads\/2022\/09\/facebook_1664554620442_6981648102739628870-300x225.jpg 300w, https:\/\/www.cahuzac-sur-vere.fr\/web\/wp-content\/uploads\/2022\/09\/facebook_1664554620442_6981648102739628870-400x300.jpg 400w, https:\/\/www.cahuzac-sur-vere.fr\/web\/wp-content\/uploads\/2022\/09\/facebook_1664554620442_6981648102739628870-600x450.jpg 600w, https:\/\/www.cahuzac-sur-vere.fr\/web\/wp-content\/uploads\/2022\/09\/facebook_1664554620442_6981648102739628870-768x576.jpg 768w, https:\/\/www.cahuzac-sur-vere.fr\/web\/wp-content\/uploads\/2022\/09\/facebook_1664554620442_6981648102739628870-800x600.jpg 800w, https:\/\/www.cahuzac-sur-vere.fr\/web\/wp-content\/uploads\/2022\/09\/facebook_1664554620442_6981648102739628870-1024x768.jpg 1024w, https:\/\/www.cahuzac-sur-vere.fr\/web\/wp-content\/uploads\/2022\/09\/facebook_1664554620442_6981648102739628870.jpg 1080w\" sizes=\"(max-width: 197px) 100vw, 197px\" \/>Bar \u2013 Tabac \u2013 Journaux<\/p>\n<p>Ferm\u00e9 actuellement<\/p>\n<p><strong>LA COULEUR DES SAISONS :<\/strong><br \/>\n5 Route de Cordes<br \/>\nT\u00e9l : 06.14.80.91.85 ou 05.63.34.84.54<br \/>\n<img loading=\"lazy\" decoding=\"async\" class=\"wp-image-16568 alignright\" src=\"https:\/\/www.cahuzac-sur-vere.fr\/web\/wp-content\/uploads\/2025\/05\/fleuriste-300x174.jpg\" alt=\"\" width=\"234\" height=\"136\" srcset=\"https:\/\/www.cahuzac-sur-vere.fr\/web\/wp-content\/uploads\/2025\/05\/fleuriste-200x116.jpg 200w, https:\/\/www.cahuzac-sur-vere.fr\/web\/wp-content\/uploads\/2025\/05\/fleuriste-300x174.jpg 300w, https:\/\/www.cahuzac-sur-vere.fr\/web\/wp-content\/uploads\/2025\/05\/fleuriste-400x232.jpg 400w, https:\/\/www.cahuzac-sur-vere.fr\/web\/wp-content\/uploads\/2025\/05\/fleuriste-600x348.jpg 600w, https:\/\/www.cahuzac-sur-vere.fr\/web\/wp-content\/uploads\/2025\/05\/fleuriste-768x446.jpg 768w, https:\/\/www.cahuzac-sur-vere.fr\/web\/wp-content\/uploads\/2025\/05\/fleuriste-800x464.jpg 800w, https:\/\/www.cahuzac-sur-vere.fr\/web\/wp-content\/uploads\/2025\/05\/fleuriste-1024x594.jpg 1024w, https:\/\/www.cahuzac-sur-vere.fr\/web\/wp-content\/uploads\/2025\/05\/fleuriste-1200x696.jpg 1200w, https:\/\/www.cahuzac-sur-vere.fr\/web\/wp-content\/uploads\/2025\/05\/fleuriste-1536x891.jpg 1536w\" sizes=\"(max-width: 234px) 100vw, 234px\" \/><\/p>\n<p>ouvert du mardi au dimanche<br \/>\nFerm\u00e9 le lundi<br \/>\nFleurs coup\u00e9es, plantes, toutes compositions florales, mariage, deuil.<\/p>\n<p><strong>LA LAVANDIERE de CAHU:<\/strong><\/p>\n<p>B\u00e9n\u00e9dicte Roumegoux assure lavage, blanchissage, repassage, retouches de v\u00eatements.<strong><img loading=\"lazy\" decoding=\"async\" class=\" wp-image-15166 alignright\" src=\"https:\/\/www.cahuzac-sur-vere.fr\/web\/wp-content\/uploads\/2020\/04\/la-landi\u00e8re-de-cahu-295x300.png\" alt=\"\" width=\"141\" height=\"143\" srcset=\"https:\/\/www.cahuzac-sur-vere.fr\/web\/wp-content\/uploads\/2020\/04\/la-landi\u00e8re-de-cahu-66x66.png 66w, https:\/\/www.cahuzac-sur-vere.fr\/web\/wp-content\/uploads\/2020\/04\/la-landi\u00e8re-de-cahu-200x203.png 200w, https:\/\/www.cahuzac-sur-vere.fr\/web\/wp-content\/uploads\/2020\/04\/la-landi\u00e8re-de-cahu-295x300.png 295w, https:\/\/www.cahuzac-sur-vere.fr\/web\/wp-content\/uploads\/2020\/04\/la-landi\u00e8re-de-cahu-400x407.png 400w, https:\/\/www.cahuzac-sur-vere.fr\/web\/wp-content\/uploads\/2020\/04\/la-landi\u00e8re-de-cahu-600x610.png 600w, https:\/\/www.cahuzac-sur-vere.fr\/web\/wp-content\/uploads\/2020\/04\/la-landi\u00e8re-de-cahu-768x781.png 768w, https:\/\/www.cahuzac-sur-vere.fr\/web\/wp-content\/uploads\/2020\/04\/la-landi\u00e8re-de-cahu-800x813.png 800w, https:\/\/www.cahuzac-sur-vere.fr\/web\/wp-content\/uploads\/2020\/04\/la-landi\u00e8re-de-cahu.png 893w\" sizes=\"(max-width: 141px) 100vw, 141px\" \/><\/strong><\/p>\n<p><b><br \/>\n<\/b>Atelier ouvert du <strong>lundi au vendredi , de 7h30 \u00e0 12h<\/strong>.<\/p>\n<p>Place de la Salle des F\u00eates , \u00e0 Cahuzac sur V\u00e8re.<br \/>\nTel: 07 66 31 08 17<\/p>\n<p><strong><img loading=\"lazy\" decoding=\"async\" class=\"wp-image-12640 alignright\" src=\"https:\/\/www.cahuzac-sur-vere.fr\/web\/wp-content\/uploads\/2016\/11\/friperie.jpg\" alt=\"friperie\" width=\"202\" height=\"109\" srcset=\"https:\/\/www.cahuzac-sur-vere.fr\/web\/wp-content\/uploads\/2016\/11\/friperie-200x108.jpg 200w, https:\/\/www.cahuzac-sur-vere.fr\/web\/wp-content\/uploads\/2016\/11\/friperie-300x161.jpg 300w, https:\/\/www.cahuzac-sur-vere.fr\/web\/wp-content\/uploads\/2016\/11\/friperie-400x215.jpg 400w, https:\/\/www.cahuzac-sur-vere.fr\/web\/wp-content\/uploads\/2016\/11\/friperie-600x323.jpg 600w, https:\/\/www.cahuzac-sur-vere.fr\/web\/wp-content\/uploads\/2016\/11\/friperie-768x413.jpg 768w, https:\/\/www.cahuzac-sur-vere.fr\/web\/wp-content\/uploads\/2016\/11\/friperie-800x430.jpg 800w, https:\/\/www.cahuzac-sur-vere.fr\/web\/wp-content\/uploads\/2016\/11\/friperie.jpg 850w\" sizes=\"(max-width: 202px) 100vw, 202px\" \/>LA P&rsquo;TITE FRIPERIE<\/strong><br \/>\nAssociation Loi 1901 qui tient une boutique de vente de v\u00eatements \u00e0 prix tr\u00e8s modiques.<br \/>\n10 Route de Gaillac &#8211; 81140 Cahuzac sur V\u00e8re<br \/>\n<strong><u>Ouvert les:<br \/>\n<\/u><\/strong>&#8211; <strong>mercredi<\/strong> de 10h \u00e0 12 h (\u00e0 partir de juin: de 9h30 \u00e0 12h)<br \/>\n&#8211; <strong>mardi, jeudi, vendredi<\/strong> : 15 h \u00e0 17h.<\/p>\n<p><strong><img loading=\"lazy\" decoding=\"async\" class=\" wp-image-12418 alignright\" src=\"https:\/\/www.cahuzac-sur-vere.fr\/web\/wp-content\/uploads\/2016\/11\/bonneauberge.jpg\" alt=\"bonneauberge\" width=\"210\" height=\"142\" srcset=\"https:\/\/www.cahuzac-sur-vere.fr\/web\/wp-content\/uploads\/2016\/11\/bonneauberge-200x135.jpg 200w, https:\/\/www.cahuzac-sur-vere.fr\/web\/wp-content\/uploads\/2016\/11\/bonneauberge-300x202.jpg 300w, https:\/\/www.cahuzac-sur-vere.fr\/web\/wp-content\/uploads\/2016\/11\/bonneauberge.jpg 359w\" sizes=\"(max-width: 210px) 100vw, 210px\" \/>CAF\u00c9 &#8211; RESTAURANT \u00ab LA BONNE AUBERGE \u00bb<\/strong><br \/>\nT\u00e9l : 05.63.33.90.17, 2 Rue de l&rsquo;Eglise, 81140, Cahuzac sur V\u00e8re<br \/>\nAu centre du village, petit restaurant sympa o\u00f9 le repas est copieux et le menu pas tr\u00e8s cher.<br \/>\nCuisine traditionnelle.<br \/>\nOuvert les midis du Dimanche au Jeudi.<br \/>\nFerm\u00e9 le soir, le vendredi et le samedi.<\/p>\n<p><strong><img loading=\"lazy\" decoding=\"async\" class=\"wp-image-12613 alignright\" src=\"https:\/\/www.cahuzac-sur-vere.fr\/web\/wp-content\/uploads\/2016\/11\/chateau-salettes2.jpg\" alt=\"chateau-salettes2\" width=\"203\" height=\"135\" srcset=\"https:\/\/www.cahuzac-sur-vere.fr\/web\/wp-content\/uploads\/2016\/11\/chateau-salettes2-200x133.jpg 200w, https:\/\/www.cahuzac-sur-vere.fr\/web\/wp-content\/uploads\/2016\/11\/chateau-salettes2-300x200.jpg 300w, https:\/\/www.cahuzac-sur-vere.fr\/web\/wp-content\/uploads\/2016\/11\/chateau-salettes2-400x267.jpg 400w, https:\/\/www.cahuzac-sur-vere.fr\/web\/wp-content\/uploads\/2016\/11\/chateau-salettes2.jpg 570w\" sizes=\"(max-width: 203px) 100vw, 203px\" \/>H\u00d4TEL RESTAURANT DU CH\u00c2TEAU DE SALETTES<br \/>\n<\/strong>T\u00e9l : 05.63.33.60.60<br \/>\n1350 Route de Salettes, 81140, Cahuzac sur V\u00e8re.<br \/>\nSitu\u00e9 au c\u0153ur du vignoble ce restaurant gastronomique vous accueille dans un cadre exceptionnel.<br \/>\nVous trouverez sur son site les jours et heures d&rsquo;ouverture du restaurant, selon les saisons.<br \/>\n<a href=\"http:\/\/www.chateaudesalettes.com\/\" target=\"_blank\" rel=\"noopener noreferrer\">www.chateaudesalettes.com<\/a>[\/fusion_text]\n<p><strong>PIZZERIA LA CASITA\u00a0 \u00a0 \u00a0 \u00a0 \u00a0 \u00a0 \u00a0 \u00a0 \u00a0 \u00a0 \u00a0 \u00a0 \u00a0 \u00a0 \u00a0 \u00a0 \u00a0 \u00a0 \u00a0 \u00a0 \u00a0 \u00a0 \u00a0 \u00a0 \u00a0 \u00a0 \u00a0 \u00a0 \u00a0 \u00a0 \u00a0 \u00a0 \u00a0 \u00a0 \u00a0 \u00a0 \u00a0 \u00a0 \u00a0 \u00a0 \u00a0 \u00a0 \u00a0 \u00a0 \u00a0 \u00a0 \u00a0 \u00a0 \u00a0 \u00a0 \u00a0 \u00a0 \u00a0 \u00a0 \u00a0 \u00a0 \u00a0 \u00a0 \u00a0 \u00a0 \u00a0 \u00a0 \u00a0 \u00a0 \u00a0 \u00a0 \u00a0 \u00a0 \u00a0 \u00a0 \u00a0 \u00a0 \u00a0 \u00a0 \u00a0 \u00a0 \u00a0Pizzas \u00e0 emporter ou sur place <img loading=\"lazy\" decoding=\"async\" class=\"size-medium wp-image-16494 alignright\" src=\"https:\/\/www.cahuzac-sur-vere.fr\/web\/wp-content\/uploads\/2025\/02\/Capture-decran_12-2-2025_11831_www.tripadvisor.fr_-300x149.jpeg\" alt=\"\" width=\"300\" height=\"149\" \/><\/strong><\/p>\n<p>6 Route de Gaillac\u00a0 \u00a0 \u00a0 \u00a0 \u00a0 \u00a0 \u00a0 \u00a0 \u00a0 \u00a0 \u00a0 \u00a0 \u00a0 \u00a0 \u00a0 \u00a0 \u00a0 \u00a0 \u00a0 \u00a0 \u00a0 \u00a0 \u00a0 \u00a0 \u00a0 \u00a0 \u00a0 \u00a0 \u00a0 \u00a0 \u00a0 \u00a0 \u00a0 \u00a0 \u00a0 \u00a0 \u00a0 \u00a0 \u00a0 \u00a0 \u00a0 \u00a0 \u00a0 Tel : 06.80.60.77.26<\/p>\n<p>&nbsp;<\/p>\n<p>&nbsp;<\/p>\n<p><strong>GIANOLLA PIZZAS<br \/>\n<\/strong>T\u00e9l: 06 33 82 41 49 \u00a0 \u00ab\u00a0Food truck local\u00a0\u00bb<br \/>\nArtisan pizzaiolo itin\u00e9rante, Isabelle est pr\u00e9sente sur la place Hautpoul, \u00e0\u00a0 Cahuzac sur V\u00e8re, le mardi midi, le vendredi midi et le samedi soir .<a href=\"http:\/\/gianollapizzas.over-blog.fr\/\"><img loading=\"lazy\" decoding=\"async\" class=\"wp-image-12797 alignright\" src=\"https:\/\/www.cahuzac-sur-vere.fr\/web\/wp-content\/uploads\/2016\/11\/gianolla-pizza.png\" alt=\"\" width=\"299\" height=\"55\" srcset=\"https:\/\/www.cahuzac-sur-vere.fr\/web\/wp-content\/uploads\/2016\/11\/gianolla-pizza-200x37.png 200w, https:\/\/www.cahuzac-sur-vere.fr\/web\/wp-content\/uploads\/2016\/11\/gianolla-pizza-300x55.png 300w, https:\/\/www.cahuzac-sur-vere.fr\/web\/wp-content\/uploads\/2016\/11\/gianolla-pizza-400x73.png 400w, https:\/\/www.cahuzac-sur-vere.fr\/web\/wp-content\/uploads\/2016\/11\/gianolla-pizza-600x110.png 600w, https:\/\/www.cahuzac-sur-vere.fr\/web\/wp-content\/uploads\/2016\/11\/gianolla-pizza-768x141.png 768w, https:\/\/www.cahuzac-sur-vere.fr\/web\/wp-content\/uploads\/2016\/11\/gianolla-pizza-800x147.png 800w, https:\/\/www.cahuzac-sur-vere.fr\/web\/wp-content\/uploads\/2016\/11\/gianolla-pizza.png 900w\" sizes=\"(max-width: 299px) 100vw, 299px\" \/><\/a><br \/>\nElle \u00e9labore vos commandes \u00e0 la demande.<br \/>\nSuivez-la sur son blog:<a href=\"http:\/\/gianollapizzas.over-blog.fr\/\"> gianollapizzas.over-blog.f<\/a><\/p>\n<p>&nbsp;<\/p>\n","protected":false},"excerpt":{"rendered":"<p>SAULI\u00c8RES PHILIPPE Boulangerie \u2013 P\u00e2tisserie 10-12 Rue du Barry\u00a0 05.63.33.90.15 Ouverte du Lundi au Samedi de 6 h 30 \u00e0 13 h et de 16 h \u00e0 19 h Dimanche de 6 h 30 \u00e0 13 h Ferm\u00e9e le Mercredi COTE A COTE Boucherie \u2013 Epicerie &#8211; Pain 16 Route de Cordes\u00a0 05.63.33.94.22 Ouverture du Mardi [&hellip;]<\/p>\n","protected":false},"author":2,"featured_media":0,"parent":0,"menu_order":0,"comment_status":"closed","ping_status":"closed","template":"","meta":{"footnotes":""},"_links":{"self":[{"href":"https:\/\/www.cahuzac-sur-vere.fr\/web\/wp-json\/wp\/v2\/pages\/12405"}],"collection":[{"href":"https:\/\/www.cahuzac-sur-vere.fr\/web\/wp-json\/wp\/v2\/pages"}],"about":[{"href":"https:\/\/www.cahuzac-sur-vere.fr\/web\/wp-json\/wp\/v2\/types\/page"}],"author":[{"embeddable":true,"href":"https:\/\/www.cahuzac-sur-vere.fr\/web\/wp-json\/wp\/v2\/users\/2"}],"replies":[{"embeddable":true,"href":"https:\/\/www.cahuzac-sur-vere.fr\/web\/wp-json\/wp\/v2\/comments?post=12405"}],"version-history":[{"count":30,"href":"https:\/\/www.cahuzac-sur-vere.fr\/web\/wp-json\/wp\/v2\/pages\/12405\/revisions"}],"predecessor-version":[{"id":16628,"href":"https:\/\/www.cahuzac-sur-vere.fr\/web\/wp-json\/wp\/v2\/pages\/12405\/revisions\/16628"}],"wp:attachment":[{"href":"https:\/\/www.cahuzac-sur-vere.fr\/web\/wp-json\/wp\/v2\/media?parent=12405"}],"curies":[{"name":"wp","href":"https:\/\/api.w.org\/{rel}","templated":true}]}}