{"id":12426,"date":"2016-11-17T17:03:19","date_gmt":"2016-11-17T16:03:19","guid":{"rendered":"http:\/\/www.cahuzac-sur-vere.fr\/web\/?page_id=12426"},"modified":"2021-03-11T10:15:40","modified_gmt":"2021-03-11T09:15:40","slug":"les-artisans","status":"publish","type":"page","link":"https:\/\/www.cahuzac-sur-vere.fr\/web\/les-artisans\/","title":{"rendered":"Les artisans"},"content":{"rendered":"<p><span style=\"color: #cc0066; font-size: 14pt;\"><strong>Beaut\u00e9-coiffure<\/strong><\/span><u><\/u><\/p>\n<p>&#8211; <strong>Salon Franck ALARY- <\/strong>Place d\u2019Hautpoul<strong><br \/>\n<\/strong>05.63.33.96.54<br \/>\n&#8211; <strong>Mme Champion \u00ab De m\u00e8che avec vous\u00a0\u00bb &#8211; <\/strong>Route de Gaillac<br \/>\nT\u00e9l: 05.63.58.34.45.<\/p>\n<p>&#8211; <strong>L&rsquo;\u00e9chapp\u00e9e coquette &#8211; <\/strong>Parking de l&rsquo;\u00e9cole tous les jeudis de 9 h \u00e0 19 h<br \/>\nT\u00e9l: 07.81.78.73.06<\/p>\n<p><span style=\"color: #cc0066; font-size: 14pt;\"><strong>B\u00e2timent<\/strong><\/span><\/p>\n<p><strong><span style=\"color: #0000ff;\">Electricit\u00e9:<\/span><\/strong><\/p>\n<p><span style=\"color: #000000;\"><strong>&#8211; MAS ENTREPRISE &#8211; <\/strong>Electricit\u00e9 \u2013 Taillades<br \/>\n05.63.33.98.38<\/span><\/p>\n<p><span style=\"color: #000000;\">&#8211; <strong>TAILLEFER J\u00e9r\u00f4me<\/strong> &#8211; Electricit\u00e9 g\u00e9n\u00e9rale (neuf et r\u00e9novation) au Mas Del Sol<br \/>\nmail : <a href=\"mailto:jthomeso@ymail.com\">jthomeso@ymail.com\u00a0<\/a><\/span><\/p>\n<p><strong><span style=\"color: #0000ff;\">Fa\u00e7adier: <\/span><\/strong><\/p>\n<p><span style=\"color: #000000;\"><strong>&#8211; DURAND Fr\u00e9d\u00e9ric <\/strong>&#8211; Fa\u00e7adier<br \/>\n<\/span><span style=\"color: #000000;\">TECHNI CHAPES &#8211; Laubarel, \u00a0Route\u00a0de la Belauti\u00e9<br \/>\n05.63.33.95.07<\/span><\/p>\n<p><span style=\"color: #0000ff;\"><strong>Ma\u00e7on : <\/strong><\/span><\/p>\n<p><strong>&#8211; Ga\u00ebl MORTIER <\/strong>&#8211; Rosanat&rsquo;R\u00e9novation<br \/>\n390 Route de la Gare<br \/>\n05.63.40.50.35 &#8211; 06.83.82.65.19<\/p>\n<p>&#8211;<strong>BATI RENOV \u2013 <\/strong>Ma\u00e7onnerie g\u00e9n\u00e9rale, charpente, isolation<br \/>\n05.63.53.19.08<\/p>\n<p><span style=\"color: #0000ff;\"><strong>Menuisier:<\/strong><\/span><br \/>\n&#8211; MAZEL Patrice &#8211; Charpentier \u2013 Chemin de Gimel<br \/>\n05.63.33.91.13<\/p>\n<p>&#8211; <strong>Menuiserie BAMBERGER<\/strong> &#8211; Menuisier-Ebeniste \u00e0 Lintin<br \/>\nmail : <a href=\"mailto:menuiserie.bamberger@gmail.com\">menuiserie.bamberger@gmail.com<\/a><br \/>\n06.15.34.08.07<br \/>\n05.63.56.36.57<\/p>\n<p><strong><span style=\"color: #0000ff;\">Peintre:<br \/>\n<\/span><\/strong><\/p>\n<p>&#8211; <strong>CARBONELL Pierre<\/strong> &#8211; Peintures \u2013 Planolles<br \/>\n05.63.33.95.83<\/p>\n<p>&#8211; <strong>CARBONELL Sylvain<\/strong> &#8211; Peintures &#8211; La Peyre<br \/>\n<a href=\"mailto:sylvaincarbonell@wanadoo.fr\">sylvaincarbonell@wanadoo.fr<\/a><br \/>\n06.70.55.13.12<\/p>\n<p>&#8211; <strong>TOMI Peintures &#8211; <\/strong>970 Route de Gaillac<br \/>\nT\u00e9l: 06.74.92.88.21<\/p>\n<p><strong><span style=\"color: #0000ff;\">Plombier:<\/span><\/strong><\/p>\n<p><span style=\"color: #0000ff;\"><span style=\"color: #000000;\"><strong>&#8211; DE MAGALHAES Antoine<\/strong> &#8211; Plomberie &#8211; Climatisation \u2013 Chauffage\u00a0\u00a0\u00a0 Les Tuileries<\/span><\/span><span style=\"color: #0000ff;\"><br \/>\n<span style=\"color: #000000;\">05.63.33.97.28<\/span><\/span><\/p>\n<p>&#8211; <strong>NOUVELLE ENTREPRISE MARRAGOU\u00a0: M. METGE<\/strong> &#8211; Sanitaire \u2013 Chauffage &#8211; Electricit\u00e9 &#8211; Route de la B\u00e9lauti\u00e9<br \/>\n05.63.33.90.32<\/p>\n<p><span style=\"color: #cc0066; font-size: 14pt;\"><strong>Automobile<\/strong><\/span><\/p>\n<p>&#8211; <strong>BAYLE Laurent<\/strong> &#8211; Garage automobile &#8211; M\u00e9canicien \u2013 Carrossier \u2013 Rozi\u00e8s<br \/>\n05.63.33.95.01<\/p>\n<p>&#8211; <strong>CAVAILL\u00c8S Christian<\/strong> &#8211; Garagiste (agricole \u2013 utilitaire) Route de Gaillac<br \/>\n05.63.33.91.04<\/p>\n<p>&#8211; <strong>Garage MOREL <\/strong>entretien, diagnostics, r\u00e9parations, m\u00e9canique g\u00e9n\u00e9rale, multimarques-<br \/>\n20 rue de l&rsquo;artisanat &#8211; ZAC de Rozi\u00e8s<br \/>\nHoraires: du \u00a0lundi au vendredi de 8h30 \u00e0 12h00 et de 14h \u00e0 19h.<br \/>\nT\u00e9l: 07.80.32.87.97<\/p>\n<p><span style=\"color: #cc0066;\"><strong><span style=\"font-size: 14pt;\">Jardinage , espaces verts<\/span><br \/>\n<\/strong><\/span><br \/>\n&#8211; <strong>REMOND Teddy<\/strong> &#8211; Entretien espaces verts<br \/>\n06.63.83.70.48<\/p>\n","protected":false},"excerpt":{"rendered":"<p>Beaut\u00e9-coiffure &#8211; Salon Franck ALARY- Place d\u2019Hautpoul 05.63.33.96.54 &#8211; Mme Champion \u00ab De m\u00e8che avec vous\u00a0\u00bb &#8211; Route de Gaillac T\u00e9l: 05.63.58.34.45. &#8211; L&rsquo;\u00e9chapp\u00e9e coquette &#8211; Parking de l&rsquo;\u00e9cole tous les jeudis de 9 h \u00e0 19 h T\u00e9l: 07.81.78.73.06 B\u00e2timent Electricit\u00e9: &#8211; MAS ENTREPRISE &#8211; Electricit\u00e9 \u2013 Taillades 05.63.33.98.38 &#8211; TAILLEFER J\u00e9r\u00f4me &#8211; Electricit\u00e9 g\u00e9n\u00e9rale [&hellip;]<\/p>\n","protected":false},"author":2,"featured_media":0,"parent":0,"menu_order":0,"comment_status":"closed","ping_status":"closed","template":"","meta":{"footnotes":""},"_links":{"self":[{"href":"https:\/\/www.cahuzac-sur-vere.fr\/web\/wp-json\/wp\/v2\/pages\/12426"}],"collection":[{"href":"https:\/\/www.cahuzac-sur-vere.fr\/web\/wp-json\/wp\/v2\/pages"}],"about":[{"href":"https:\/\/www.cahuzac-sur-vere.fr\/web\/wp-json\/wp\/v2\/types\/page"}],"author":[{"embeddable":true,"href":"https:\/\/www.cahuzac-sur-vere.fr\/web\/wp-json\/wp\/v2\/users\/2"}],"replies":[{"embeddable":true,"href":"https:\/\/www.cahuzac-sur-vere.fr\/web\/wp-json\/wp\/v2\/comments?post=12426"}],"version-history":[{"count":17,"href":"https:\/\/www.cahuzac-sur-vere.fr\/web\/wp-json\/wp\/v2\/pages\/12426\/revisions"}],"predecessor-version":[{"id":15486,"href":"https:\/\/www.cahuzac-sur-vere.fr\/web\/wp-json\/wp\/v2\/pages\/12426\/revisions\/15486"}],"wp:attachment":[{"href":"https:\/\/www.cahuzac-sur-vere.fr\/web\/wp-json\/wp\/v2\/media?parent=12426"}],"curies":[{"name":"wp","href":"https:\/\/api.w.org\/{rel}","templated":true}]}}