{"id":12431,"date":"2016-11-17T17:15:16","date_gmt":"2016-11-17T16:15:16","guid":{"rendered":"http:\/\/www.cahuzac-sur-vere.fr\/web\/?page_id=12431"},"modified":"2019-11-06T11:33:09","modified_gmt":"2019-11-06T10:33:09","slug":"artisans-dart","status":"publish","type":"page","link":"https:\/\/www.cahuzac-sur-vere.fr\/web\/artisans-dart\/","title":{"rendered":"Artisans d&rsquo;art"},"content":{"rendered":"<p><img loading=\"lazy\" decoding=\"async\" class=\" wp-image-12432 alignright\" src=\"https:\/\/www.cahuzac-sur-vere.fr\/web\/wp-content\/uploads\/2016\/11\/missterre.jpg\" alt=\"missterre\" width=\"249\" height=\"140\" srcset=\"https:\/\/www.cahuzac-sur-vere.fr\/web\/wp-content\/uploads\/2016\/11\/missterre-200x113.jpg 200w, https:\/\/www.cahuzac-sur-vere.fr\/web\/wp-content\/uploads\/2016\/11\/missterre-300x169.jpg 300w, https:\/\/www.cahuzac-sur-vere.fr\/web\/wp-content\/uploads\/2016\/11\/missterre.jpg 400w\" sizes=\"(max-width: 249px) 100vw, 249px\" \/>&#8211; <strong>Cr\u00e9ations MISS TERRE<\/strong> &#8211; Perles et Bijoux Artisanaux en C\u00e9ramique<br \/>\nChristelle CACERES<br \/>\nRoute de Cordes<br \/>\nSite web : <a href=\"http:\/\/creationsmissterre.com\" target=\"_blank\" rel=\"noopener noreferrer\">http:\/\/creationsmissterre.com<\/a><br \/>\nFacebook : <a href=\"https:\/\/www.facebook.com\/ceramistemissterre\" target=\"_blank\" rel=\"noopener noreferrer\">https:\/\/www.facebook.com\/ceramistemissterre<\/a><br \/>\n06 12 99 16 81<\/p>\n<p>&nbsp;<\/p>\n<p>&nbsp;<\/p>\n<p>&#8211; <strong>Ateliers Les Landes<\/strong><img loading=\"lazy\" decoding=\"async\" class=\" wp-image-12436 alignright\" src=\"https:\/\/www.cahuzac-sur-vere.fr\/web\/wp-content\/uploads\/2016\/11\/leslandesStudio2.jpg\" alt=\"leslandesstudio2\" width=\"283\" height=\"130\" srcset=\"https:\/\/www.cahuzac-sur-vere.fr\/web\/wp-content\/uploads\/2016\/11\/leslandesStudio2-200x92.jpg 200w, https:\/\/www.cahuzac-sur-vere.fr\/web\/wp-content\/uploads\/2016\/11\/leslandesStudio2-300x138.jpg 300w, https:\/\/www.cahuzac-sur-vere.fr\/web\/wp-content\/uploads\/2016\/11\/leslandesStudio2.jpg 400w\" sizes=\"(max-width: 283px) 100vw, 283px\" \/><br \/>\nAtelier de photographie<br \/>\nPauline Janmaat<br \/>\n<a href=\"http:\/\/photo.ateliersleslandes.com\" target=\"_blank\" rel=\"noopener noreferrer\">http:\/\/photo.ateliersleslandes.com<\/a><\/p>\n<p>&nbsp;<\/p>\n<p>&nbsp;<\/p>\n<p>&#8211; <strong>Boutique Farfelue<\/strong><br \/>\nNad\u00e8ge MOMESSO vous propose de participer \u00e0 des \u00ab\u00a0Ateliers cr\u00e9atifs\u00a0\u00bb : d\u00e9coration, recyclage, cr\u00e9ation d\u00e9co no\u00ebl-halloween-carnaval-p\u00e2ques-anniversaire, etc. Ces ateliers s&rsquo;adressent aux enfants comme aux adultes et se tiennent \u00e0 son domicile : 1 rue Clos du vallon \u00e0 Cahuzac-sur-v\u00e8re, deux fois par mois (possibilit\u00e9 de cours individuels).<br \/>\nPour plus de renseignements, la contacter courriel : <a href=\"mailto:casi4@hotmail.fr\">casi4@hotmail.fr<\/a><\/p>\n<p>&nbsp;<\/p>\n<p><strong>&#8211;<span style=\"font-size: 12pt;\">Ma Bulle de Verre<\/span><br \/>\n&#8211;<\/strong><span style=\"font-size: 10pt;\"> Cr\u00e9ations en verre<\/span><strong><br \/>\n<span style=\"font-size: 10pt;\">&#8211; <\/span><\/strong><span style=\"font-size: 10pt;\">possibilit\u00e9 de personnaliser vous<\/span><strong><span style=\"font-size: 10pt;\">&#8211;<\/span><\/strong><span style=\"font-size: 10pt;\">m\u00eame votre pi\u00e8ce<\/span><strong><img loading=\"lazy\" decoding=\"async\" class=\"wp-image-14561 alignright\" src=\"https:\/\/www.cahuzac-sur-vere.fr\/web\/wp-content\/uploads\/2019\/04\/poterie-300x207.jpg\" alt=\"\" width=\"271\" height=\"187\" srcset=\"https:\/\/www.cahuzac-sur-vere.fr\/web\/wp-content\/uploads\/2019\/04\/poterie-200x138.jpg 200w, https:\/\/www.cahuzac-sur-vere.fr\/web\/wp-content\/uploads\/2019\/04\/poterie-300x207.jpg 300w, https:\/\/www.cahuzac-sur-vere.fr\/web\/wp-content\/uploads\/2019\/04\/poterie-400x276.jpg 400w, https:\/\/www.cahuzac-sur-vere.fr\/web\/wp-content\/uploads\/2019\/04\/poterie-600x415.jpg 600w, https:\/\/www.cahuzac-sur-vere.fr\/web\/wp-content\/uploads\/2019\/04\/poterie-768x531.jpg 768w, https:\/\/www.cahuzac-sur-vere.fr\/web\/wp-content\/uploads\/2019\/04\/poterie-800x553.jpg 800w, https:\/\/www.cahuzac-sur-vere.fr\/web\/wp-content\/uploads\/2019\/04\/poterie.jpg 877w\" sizes=\"(max-width: 271px) 100vw, 271px\" \/><br \/>\n<span style=\"font-size: 10pt;\">&#8211;<\/span><\/strong><span style=\"font-size: 10pt;\"> \u00e9tude de projet sur demande<\/span><br \/>\n<strong><span style=\"font-size: 10pt;\">Agn\u00e8s NOYER Puech Gaubil 81140 Cahuzac sur V\u00e8re.<\/span><br \/>\n<span style=\"font-size: 10pt;\">06.89.09.44.83<\/span><br \/>\n<span style=\"font-size: 10pt;\">email: <a href=\"mailto:mabulledeverre@orange.fr\">mabulledeverre@orange.fr<\/a><\/span><br \/>\n<a href=\"https:\/\/www.facebook.com\/mabulledeverre\"><span style=\"font-size: 10pt;\">https:\/\/www.facebook.com\/mabulledeverre<\/span><\/a><\/strong><\/p>\n<p>&nbsp;<\/p>\n<p>&nbsp;<\/p>\n<p>&nbsp;<\/p>\n<p>&nbsp;<\/p>\n<p>&nbsp;<\/p>\n","protected":false},"excerpt":{"rendered":"<p>&#8211; Cr\u00e9ations MISS TERRE &#8211; Perles et Bijoux Artisanaux en C\u00e9ramique Christelle CACERES Route de Cordes Site web : http:\/\/creationsmissterre.com Facebook : https:\/\/www.facebook.com\/ceramistemissterre 06 12 99 16 81 &nbsp; &nbsp; &#8211; Ateliers Les Landes Atelier de photographie Pauline Janmaat http:\/\/photo.ateliersleslandes.com &nbsp; &nbsp; &#8211; Boutique Farfelue Nad\u00e8ge MOMESSO vous propose de participer \u00e0 des \u00ab\u00a0Ateliers cr\u00e9atifs\u00a0\u00bb : [&hellip;]<\/p>\n","protected":false},"author":2,"featured_media":0,"parent":0,"menu_order":0,"comment_status":"closed","ping_status":"closed","template":"","meta":{"footnotes":""},"_links":{"self":[{"href":"https:\/\/www.cahuzac-sur-vere.fr\/web\/wp-json\/wp\/v2\/pages\/12431"}],"collection":[{"href":"https:\/\/www.cahuzac-sur-vere.fr\/web\/wp-json\/wp\/v2\/pages"}],"about":[{"href":"https:\/\/www.cahuzac-sur-vere.fr\/web\/wp-json\/wp\/v2\/types\/page"}],"author":[{"embeddable":true,"href":"https:\/\/www.cahuzac-sur-vere.fr\/web\/wp-json\/wp\/v2\/users\/2"}],"replies":[{"embeddable":true,"href":"https:\/\/www.cahuzac-sur-vere.fr\/web\/wp-json\/wp\/v2\/comments?post=12431"}],"version-history":[{"count":7,"href":"https:\/\/www.cahuzac-sur-vere.fr\/web\/wp-json\/wp\/v2\/pages\/12431\/revisions"}],"predecessor-version":[{"id":14917,"href":"https:\/\/www.cahuzac-sur-vere.fr\/web\/wp-json\/wp\/v2\/pages\/12431\/revisions\/14917"}],"wp:attachment":[{"href":"https:\/\/www.cahuzac-sur-vere.fr\/web\/wp-json\/wp\/v2\/media?parent=12431"}],"curies":[{"name":"wp","href":"https:\/\/api.w.org\/{rel}","templated":true}]}}