{"id":12441,"date":"2016-11-17T17:23:50","date_gmt":"2016-11-17T16:23:50","guid":{"rendered":"http:\/\/www.cahuzac-sur-vere.fr\/web\/?page_id=12441"},"modified":"2026-01-28T11:17:49","modified_gmt":"2026-01-28T10:17:49","slug":"les-entreprises","status":"publish","type":"page","link":"https:\/\/www.cahuzac-sur-vere.fr\/web\/les-entreprises\/","title":{"rendered":"Les entreprises"},"content":{"rendered":"<p>&nbsp;<\/p>\n<ul>\n<li><strong>DELMAS Henri<\/strong> &#8211; Bestiaux \u2013 N\u00e9goce Bestiaux<br \/>\nCap Blanc, 721 Chemin de Blazi &#8211; \u00a08140 Cahuzac sur V\u00e8re<br \/>\nTel: 05.63.33.97.18<\/li>\n<li><strong>GRACIEUX Daniel &#8211; <\/strong>Services annexes agriculture \u2013 610 Route de Lendaro , 81140 Cahuzac sur V\u00e8re<br \/>\nTel: 05.63.33.92.75<\/li>\n<li><strong>HAPPY FOALING: <\/strong>M. Yvon Chaume , fabricant de mat\u00e9riel \u00e9lectronique pour chevaux. Sp\u00e9cialiste de la surveillance \u00e9quine. \u00a0 \u00a01320, route d&rsquo;Istricou &#8211; 81140 Cahuzac sur V\u00e8re ; Tel: 05 63 41 13 18<img loading=\"lazy\" decoding=\"async\" class=\" wp-image-12648 alignright\" src=\"https:\/\/www.cahuzac-sur-vere.fr\/web\/wp-content\/uploads\/2016\/11\/infaco.jpg\" alt=\"infaco\" width=\"215\" height=\"144\" srcset=\"https:\/\/www.cahuzac-sur-vere.fr\/web\/wp-content\/uploads\/2016\/11\/infaco-200x134.jpg 200w, https:\/\/www.cahuzac-sur-vere.fr\/web\/wp-content\/uploads\/2016\/11\/infaco-300x201.jpg 300w, https:\/\/www.cahuzac-sur-vere.fr\/web\/wp-content\/uploads\/2016\/11\/infaco-400x268.jpg 400w, https:\/\/www.cahuzac-sur-vere.fr\/web\/wp-content\/uploads\/2016\/11\/infaco.jpg 500w\" sizes=\"(max-width: 215px) 100vw, 215px\" \/><\/li>\n<li><strong>INFACO\u00a0 S.A. : \u00a0<\/strong>Inventeur et leader mondial du s\u00e9cateur \u00e9lectronique (ELECTROCOUP),\u00a0entreprise familiale fond\u00e9e en<br \/>\n1984 par Daniel Delmas et dirig\u00e9e conjointement avec son fils Davy.<br \/>\nBP 2 &#8211; 210 Route du Bois de Rozies, 81140 Cahuzac sur V\u00e8re<br \/>\n<a href=\"http:\/\/www.infaco.com\" target=\"_blank\" rel=\"noopener noreferrer\">http:\/\/www.infaco.com<\/a><br \/>\nTel:\u00a005.63.33.91.49<\/li>\n<\/ul>\n<ul>\n<li><strong>LA CHAISE VOLANTE<\/strong> &#8211; Atelier de tapisserie \u2013 les 7 viols, 25 Route des Vignals, 81140 Cahuzac sur V\u00e8re. \u00a0 T\u00e9l: \u00a005.63.41.04.68<\/li>\n<\/ul>\n<ul>\n<li><strong>MARQUES Jos\u00e9<\/strong> &#8211; R\u00e9parateur appareils viticoles, Z.A. de Rozi\u00e8s, 171 Rue de l&rsquo;artisanat &#8211; 81140 &#8211; Cahuzac sur V\u00e8re<br \/>\nTel: 06.32.13.52.81<\/li>\n<li><strong>MA\u00cfSAGRI<\/strong>\u00a0&#8211; N\u00e9gociant produits agricoles \u2013 32 Route de Gaillac, 81140 Cahuzac sur V\u00e8re, \u00a0Tel: 05.63.33.90.50<\/li>\n<\/ul>\n<ul>\n<li><strong>VIGROUX Yoann &#8211; <\/strong>Travaux publics, terrassements &#8211; La Plaine de la Colombari\u00e9 , 3470 Route d&rsquo;Albi &#8211; 81140 Cahuzac sur V\u00e8re \u00a0\u00a0T\u00e9l: 06.12.95.37.89<\/li>\n<li><strong>BATI RENOV &#8211; <\/strong>Ma\u00e7onnerie g\u00e9n\u00e9rale, charpente, isolation- \u00a0 M. Clergue, T\u00e9l: 05.63.53.19.08<\/li>\n<li><strong>Jo le nettoyeur<\/strong> &#8211; Nettoyage int\u00e9rieur de v\u00e9hicules, vitres, canap\u00e9 et autre sur demande &#8211; Particulier ou professionnel<\/li>\n<\/ul>\n<p>Johan BES 07 54 39 27 21 &#8211; jolenettoyeur@gmail.com\u00a0 \u00a0 \u00a0 \u00a0 \u00a0 \u00a0<a href=\"https:\/\/www.jolenettoyeur.fr\/\">https:\/\/www.jolenettoyeur.fr\/<\/a> <img loading=\"lazy\" decoding=\"async\" class=\"wp-image-16876 alignleft\" src=\"https:\/\/www.cahuzac-sur-vere.fr\/web\/wp-content\/uploads\/2026\/01\/Capture-decran-2026-01-28-100751-300x290.png\" alt=\"\" width=\"142\" height=\"137\" srcset=\"https:\/\/www.cahuzac-sur-vere.fr\/web\/wp-content\/uploads\/2026\/01\/Capture-decran-2026-01-28-100751-200x193.png 200w, https:\/\/www.cahuzac-sur-vere.fr\/web\/wp-content\/uploads\/2026\/01\/Capture-decran-2026-01-28-100751-300x290.png 300w, https:\/\/www.cahuzac-sur-vere.fr\/web\/wp-content\/uploads\/2026\/01\/Capture-decran-2026-01-28-100751-400x386.png 400w, https:\/\/www.cahuzac-sur-vere.fr\/web\/wp-content\/uploads\/2026\/01\/Capture-decran-2026-01-28-100751-600x579.png 600w, https:\/\/www.cahuzac-sur-vere.fr\/web\/wp-content\/uploads\/2026\/01\/Capture-decran-2026-01-28-100751-768x742.png 768w, https:\/\/www.cahuzac-sur-vere.fr\/web\/wp-content\/uploads\/2026\/01\/Capture-decran-2026-01-28-100751-800x773.png 800w, https:\/\/www.cahuzac-sur-vere.fr\/web\/wp-content\/uploads\/2026\/01\/Capture-decran-2026-01-28-100751.png 906w\" sizes=\"(max-width: 142px) 100vw, 142px\" \/><\/p>\n","protected":false},"excerpt":{"rendered":"<p>&nbsp; DELMAS Henri &#8211; Bestiaux \u2013 N\u00e9goce Bestiaux Cap Blanc, 721 Chemin de Blazi &#8211; \u00a08140 Cahuzac sur V\u00e8re Tel: 05.63.33.97.18 GRACIEUX Daniel &#8211; Services annexes agriculture \u2013 610 Route de Lendaro , 81140 Cahuzac sur V\u00e8re Tel: 05.63.33.92.75 HAPPY FOALING: M. Yvon Chaume , fabricant de mat\u00e9riel \u00e9lectronique pour chevaux. Sp\u00e9cialiste de la surveillance \u00e9quine. [&hellip;]<\/p>\n","protected":false},"author":2,"featured_media":0,"parent":0,"menu_order":0,"comment_status":"closed","ping_status":"closed","template":"","meta":{"footnotes":""},"_links":{"self":[{"href":"https:\/\/www.cahuzac-sur-vere.fr\/web\/wp-json\/wp\/v2\/pages\/12441"}],"collection":[{"href":"https:\/\/www.cahuzac-sur-vere.fr\/web\/wp-json\/wp\/v2\/pages"}],"about":[{"href":"https:\/\/www.cahuzac-sur-vere.fr\/web\/wp-json\/wp\/v2\/types\/page"}],"author":[{"embeddable":true,"href":"https:\/\/www.cahuzac-sur-vere.fr\/web\/wp-json\/wp\/v2\/users\/2"}],"replies":[{"embeddable":true,"href":"https:\/\/www.cahuzac-sur-vere.fr\/web\/wp-json\/wp\/v2\/comments?post=12441"}],"version-history":[{"count":14,"href":"https:\/\/www.cahuzac-sur-vere.fr\/web\/wp-json\/wp\/v2\/pages\/12441\/revisions"}],"predecessor-version":[{"id":16877,"href":"https:\/\/www.cahuzac-sur-vere.fr\/web\/wp-json\/wp\/v2\/pages\/12441\/revisions\/16877"}],"wp:attachment":[{"href":"https:\/\/www.cahuzac-sur-vere.fr\/web\/wp-json\/wp\/v2\/media?parent=12441"}],"curies":[{"name":"wp","href":"https:\/\/api.w.org\/{rel}","templated":true}]}}