{"id":12516,"date":"2016-11-18T09:58:39","date_gmt":"2016-11-18T08:58:39","guid":{"rendered":"http:\/\/www.cahuzac-sur-vere.fr\/web\/?page_id=12516"},"modified":"2019-04-15T19:00:04","modified_gmt":"2019-04-15T17:00:04","slug":"circuits-touristiques-a-pied","status":"publish","type":"page","link":"https:\/\/www.cahuzac-sur-vere.fr\/web\/circuits-touristiques-a-pied\/","title":{"rendered":"Circuits touristiques &#8211; A pied"},"content":{"rendered":"<ul style=\"list-style-type: disc;\">\n<li><span style=\"font-size: 14pt;\"><span style=\"font-size: 14pt;\"><strong><span style=\"color: #0000ff;\">Autour de Cahuzac.. \u00a0 \u00a0 \u00a0 \u00a0 \u00a0 \u00a0 \u00a0 \u00a0 \u00a0 \u00a0 \u00a0 \u00a0 \u00a0 \u00a0 \u00a0 \u00a0 \u00a0 \u00a0 \u00a0 \u00a0 \u00a0 \u00a0 \u00a0<span style=\"color: #ff6600;\"><em>Site \u00e0 consulter:<\/em><\/span> <a href=\"https:\/\/www.81rando.fr\"><strong style=\"caret-color: #333333; color: #333333;\"><span style=\"color: #0000ff;\"><img loading=\"lazy\" decoding=\"async\" class=\" wp-image-14528 alignright\" src=\"https:\/\/www.cahuzac-sur-vere.fr\/web\/wp-content\/uploads\/2019\/04\/Logo-81rando-150x71.png\" alt=\"\" width=\"182\" height=\"86\" \/><\/span><\/strong><\/a><\/span><\/strong><\/span><\/span><\/li>\n<\/ul>\n<p>&nbsp;<\/p>\n<p>Plusieurs circuits <strong>labellis\u00e9s par la F\u00e9d\u00e9ration Fran\u00e7aise de randonn\u00e9e<\/strong> traversent ou partent de Cahuzac sur V\u00e8re.<br \/>\n<em><strong><span style=\"color: #0000ff;\">Pour plus de renseignements, cliquez sur les noms des sentiers.<\/span><\/strong><\/em><\/p>\n<p><span style=\"color: #2e8c2e;\"><strong><u>Le GR46 et le Chemin de Conques \u00e0 Compostelle\u00a0<\/u><\/strong>:<\/span><br \/>\nC\u2019est un nouvel itin\u00e9raire, reprenant une voie secondaire du p\u00e8lerinage de Compostelle, emprunt\u00e9e depuis le Moyen Age par les Jacquets. Elle relie Conques (haut-lieu du p\u00e8lerinage de Saint Jacques sur la voie du Puy en Velay) \u00e0 Toulouse, point de passage de la voie d\u2019Arles, en passant par Cordes, Cahuzac sur V\u00e8re, puis longe la plaine du Tarn jusqu\u2019\u00e0 Rabastens.<br \/>\n<a href=\"https:\/\/www.cahuzac-sur-vere.fr\/web\/wp-content\/uploads\/2016\/11\/0000501_le-chemin-de-conques-a-toulouse.jpg\"><img loading=\"lazy\" decoding=\"async\" class=\"wp-image-12522 alignright\" src=\"https:\/\/www.cahuzac-sur-vere.fr\/web\/wp-content\/uploads\/2016\/11\/0000501_le-chemin-de-conques-a-toulouse.jpg\" alt=\"0000501_le-chemin-de-conques-a-toulouse\" width=\"123\" height=\"154\" srcset=\"https:\/\/www.cahuzac-sur-vere.fr\/web\/wp-content\/uploads\/2016\/11\/0000501_le-chemin-de-conques-a-toulouse-200x250.jpg 200w, https:\/\/www.cahuzac-sur-vere.fr\/web\/wp-content\/uploads\/2016\/11\/0000501_le-chemin-de-conques-a-toulouse-240x300.jpg 240w, https:\/\/www.cahuzac-sur-vere.fr\/web\/wp-content\/uploads\/2016\/11\/0000501_le-chemin-de-conques-a-toulouse-400x500.jpg 400w, https:\/\/www.cahuzac-sur-vere.fr\/web\/wp-content\/uploads\/2016\/11\/0000501_le-chemin-de-conques-a-toulouse-600x750.jpg 600w, https:\/\/www.cahuzac-sur-vere.fr\/web\/wp-content\/uploads\/2016\/11\/0000501_le-chemin-de-conques-a-toulouse-768x960.jpg 768w, https:\/\/www.cahuzac-sur-vere.fr\/web\/wp-content\/uploads\/2016\/11\/0000501_le-chemin-de-conques-a-toulouse-800x1000.jpg 800w, https:\/\/www.cahuzac-sur-vere.fr\/web\/wp-content\/uploads\/2016\/11\/0000501_le-chemin-de-conques-a-toulouse-819x1024.jpg 819w, https:\/\/www.cahuzac-sur-vere.fr\/web\/wp-content\/uploads\/2016\/11\/0000501_le-chemin-de-conques-a-toulouse.jpg 1024w\" sizes=\"(max-width: 123px) 100vw, 123px\" \/><\/a>Dans notre secteur, le marcheur peut suivre plusieurs itin\u00e9raires selon qu\u2019il est un simple randonneur <span style=\"color: #008000;\"><a style=\"color: #008000;\" href=\"http:\/\/www.balades-randonnees-tarn.com\/carto\/rando\/ITIMIP0810000039\/02.01.07.01.05\/GR%A8%2046,%20les%20Bastides%20albigeoises\" target=\"_blank\" rel=\"noopener noreferrer\"><strong>(GR46)<\/strong><\/a><\/span><strong> ou<\/strong> un p\u00e8lerin en route pour Compostelle <span style=\"color: #008000;\"><strong><a style=\"color: #008000;\" href=\"http:\/\/www.balades-randonnees-tarn.com\/carto\/rando\/ITIMIP0810000189\/02.01.07.01.05\/Le%20Chemin%20de%20Conques%20%88%20Toulouse\" target=\"_blank\" rel=\"noopener noreferrer\">(Chemin de Conques \u00e0 Compostelle)<br \/>\n<\/a><\/strong><\/span><em>La travers\u00e9e du village de Cahuzac sur V\u00e8re est guid\u00e9e par des coquilles Saint jacques riv\u00e9es dans le sol.<\/em><\/p>\n<p><span style=\"color: #2e8c2e;\"><a style=\"color: #2e8c2e;\" href=\"http:\/\/www.balades-randonnees-tarn.com\/carto\/rando\/ITIMIP0810000024\/02.01.07.01.05\/Sentier%20de%20Vignoble%20et%20Ch%89teaux\" target=\"_blank\" rel=\"noopener noreferrer\"><strong>Le sentier Vignobles et Ch\u00e2teaux\u00a0:<\/strong><\/a><strong> 4h30<\/strong><\/span><a href=\"http:\/\/www.balades-randonnees-tarn.com\/carto\/rando\/ITIMIP0810000024\/02.01.07.01.05\/Sentier%20de%20Vignoble%20et%20Ch%89teaux\" target=\"_blank\" rel=\"noopener noreferrer\"><strong><br \/>\n<\/strong><\/a>Cette longue boucle de 17,5 kilom\u00e8tres en plein c\u0153ur des coteaux gaillacois, vous emm\u00e8ne \u00e0 la rencontre des paysages diversifi\u00e9s que sont les vignobles, les bosquets, les landes et les vallons. Les ch\u00e2teaux, les pigeonniers typiques de cette r\u00e9gion ainsi que des mas orn\u00e9s de pins parasols sont autant de points d\u2019int\u00e9r\u00eats \u00e0 ne surtout pas rater. Les villages de Broze, Mauriac et le ch\u00e2teau de Salettes se distinguent par leur caract\u00e8re historique<\/p>\n<p><span style=\"color: #2e8c2e;\"><strong>Circuit historique de Cahuzac sur V\u00e8re : 1h00<\/strong><\/span><br \/>\nA travers le village, des panneaux d&rsquo;information\u00a0 font revivre l&rsquo;histoire du bourg, avec son ch\u00e2teau, ses places, son \u00e9glise, ses remparts, ses combats contre Simon de Montfort durant la Croisade des Albigeois, son pont romain, son vieux cimeti\u00e8re Saint Vincent hors les murs&#8230;.<\/p>\n<p><span style=\"color: #2e8c2e;\"><a style=\"color: #2e8c2e;\" href=\"http:\/\/www.balades-randonnees-tarn.com\/carto\/rando\/ITIMIP0810000019\/02.01.07.01.05\/De%20V%8Fre%20au%20Saint-Hussou\" target=\"_blank\" rel=\"noopener noreferrer\"><strong>Le sentier de V\u00e8re \u00e0 Saint Hussou\u00a0<\/strong><\/a><strong>:<\/strong> <strong>3h30<\/strong><\/span><br \/>\nLes 12 kilom\u00e8tres du chemin de la V\u00e8re au Saint-Hussou repr\u00e9sentent une magnifique balade \u00e0 travers les rives ombrag\u00e9es de la V\u00e8re, les paysages vallonn\u00e9s et les vignobles. Les villages pittoresques de Vieux et d&rsquo;Andillac vous charmeront, tout comme le mus\u00e9e-ch\u00e2teau du Cayla qui fut la maison natale des po\u00e8tes romantiques Maurice et Eug\u00e9nie de Gu\u00e9rin.<\/p>\n<p><span style=\"color: #2e8c2e;\"><a style=\"color: #2e8c2e;\" href=\"http:\/\/www.tourisme-vignoble-bastides.com\/sites\/pays_vignoble\/files\/randofiches_tarn_sentierlavoirs.pdf\" target=\"_blank\" rel=\"noopener noreferrer\"><strong>Le sentier des lavoirs\u00a0:<\/strong><\/a><\/span><strong><span style=\"color: #2e8c2e;\"> 4h00<\/span><br \/>\n<\/strong>La campagne de Cahuzac sur V\u00e8re est parsem\u00e9e de lavoirs , parfois perdus dans la campagne, au pied de sources fra\u00eeches. Ces lavoirs ont jou\u00e9 un r\u00f4le social tr\u00e8s important\u00a0: on les surnommait \u00ab\u00a0le Parlement des femmes\u00a0\u00bb.<br \/>\nDe nos jours, on les a un peu oubli\u00e9s, malgr\u00e9 leur charme, et le sentier de 16 km vous permettra de red\u00e9couvrir tout ce petit patrimoine local en admirant es beaux paysages vallonn\u00e9s sur les coteaux du Gaillacois.<\/p>\n<p>&nbsp;<\/p>\n<ul style=\"list-style-type: disc;\">\n<li><strong><span style=\"color: #0000ff; font-size: 14pt;\">Dans les communes voisines<\/span><\/strong>, d\u2019autres sentiers de randonn\u00e9e vous permettent de d\u00e9couvrir nos paysages bucoliques et nos larges horizons. Peut \u00eatre m\u00eame verrez vous les Pyr\u00e9n\u00e9es au loin\u00a0!<\/li>\n<\/ul>\n<p><strong>Cestayrols\u00a0:<\/strong><span style=\"color: #2e8c2e;\"><a style=\"color: #2e8c2e;\" href=\"http:\/\/www.balades-randonnees-tarn.com\/carto\/rando\/ITIMIP0810000023\/02.01.07.01.05\/Sentier%20des%20C%99teaux\" target=\"_blank\" rel=\"noopener noreferrer\"><strong> Le sentier des c\u00f4teaux<\/strong><\/a> : <\/span><strong><span style=\"color: #2e8c2e;\">3h30<\/span><br \/>\n<\/strong>Au cours des 9,5 kilom\u00e8tres de cette boucle, au d\u00e9part du village de Cestayrols (pr\u00e8s de Gaillac), une grande diversit\u00e9 de paysages constitu\u00e9s de coteaux de vignes, de vallons et de champs de tournesols s&rsquo;offrira \u00e0 vos yeux. Lors de votre p\u00e9riple, vous d\u00e9couvrirez \u00e9galement le patrimoine rural, avec notamment ses pigeonniers et ses lavoirs t\u00e9moins des activit\u00e9s de nos anc\u00eatres.<\/p>\n<p><strong>Andillac\u00a0: <\/strong><span style=\"color: #008000;\"><a style=\"color: #008000;\" href=\"http:\/\/www.balades-randonnees-tarn.com\/carto\/rando\/ITIMIP0810000132\/02.01.07.01.05\/Sentier%20du%20Cayla\" target=\"_blank\" rel=\"noopener noreferrer\"><strong>Le sentier du Cayla<\/strong><\/a>:<\/span><strong><span style=\"color: #008000;\"> 1h00<\/span><br \/>\n<\/strong>Ce Petit parcours facile de 2,5 kilom\u00e8tres vous emm\u00e8ne sur le domaine du Cayla avec ses ambiances de campagnes anciennes. Lieu de vie et d&rsquo;inspiration de Maurice et Eug\u00e9nie de Gu\u00e9rin, po\u00e8tes romantiques du d\u00e9but du XIX\u00e8me si\u00e8cle, ce lieu invite \u00e0 prendre le temps pour faire rimer paysage et litt\u00e9rature.<\/p>\n<p><strong>Souel\u00a0: <\/strong><span style=\"color: #2e8c2e;\"><a style=\"color: #2e8c2e;\" href=\"http:\/\/www.balades-randonnees-tarn.com\/carto\/rando\/ITIMIP0810000170\/02.01.07.01.05\/Sentier%20du%20Causse\" target=\"_blank\" rel=\"noopener noreferrer\"><strong>Le sentier du Causse\u00a0<\/strong><\/a><\/span><strong><span style=\"color: #2e8c2e;\">: 4h00<\/span><br \/>\n<\/strong>En parcourant les 12 kilom\u00e8tres de ce sentier, vous foulerez la roche calcaire sur les chemins menant par des vallons festonn\u00e9s de corniches au plateau de Souel-Livers et ses fins paysages de vignes o\u00f9 la pierre blanche \u00e9claire les belles architectures. Le parcours est marqu\u00e9 par un point de vue sur la cit\u00e9 m\u00e9di\u00e9vale de Cordes-sur- Ciel<\/p>\n<p><strong><span style=\"color: #339966;\">Vous trouverez d\u2019autres exemples de randonn\u00e9e,<\/span><\/strong> sur le site <a href=\"http:\/\/www.tourisme-tarn.com\" target=\"_blank\" rel=\"noopener noreferrer\">www.tourisme-tarn.com<\/a> , ainsi que sur le site de <a href=\"http:\/\/www.tourisme-vignoble-bastides.com\/fr\/randonner-dans-le-vignoble\" target=\"_blank\" rel=\"noopener noreferrer\">http:\/\/www.tourisme-vignoble-bastides.com\/fr\/randonner-dans-le-vignoble<\/a><\/p>\n","protected":false},"excerpt":{"rendered":"<p>Autour de Cahuzac.. \u00a0 \u00a0 \u00a0 \u00a0 \u00a0 \u00a0 \u00a0 \u00a0 \u00a0 \u00a0 \u00a0 \u00a0 \u00a0 \u00a0 \u00a0 \u00a0 \u00a0 \u00a0 \u00a0 \u00a0 \u00a0 \u00a0 \u00a0Site \u00e0 consulter: &nbsp; Plusieurs circuits labellis\u00e9s par la F\u00e9d\u00e9ration Fran\u00e7aise de randonn\u00e9e traversent ou partent de Cahuzac sur V\u00e8re. Pour plus de renseignements, cliquez sur les noms des sentiers. Le [&hellip;]<\/p>\n","protected":false},"author":2,"featured_media":0,"parent":0,"menu_order":0,"comment_status":"closed","ping_status":"closed","template":"","meta":{"footnotes":""},"_links":{"self":[{"href":"https:\/\/www.cahuzac-sur-vere.fr\/web\/wp-json\/wp\/v2\/pages\/12516"}],"collection":[{"href":"https:\/\/www.cahuzac-sur-vere.fr\/web\/wp-json\/wp\/v2\/pages"}],"about":[{"href":"https:\/\/www.cahuzac-sur-vere.fr\/web\/wp-json\/wp\/v2\/types\/page"}],"author":[{"embeddable":true,"href":"https:\/\/www.cahuzac-sur-vere.fr\/web\/wp-json\/wp\/v2\/users\/2"}],"replies":[{"embeddable":true,"href":"https:\/\/www.cahuzac-sur-vere.fr\/web\/wp-json\/wp\/v2\/comments?post=12516"}],"version-history":[{"count":16,"href":"https:\/\/www.cahuzac-sur-vere.fr\/web\/wp-json\/wp\/v2\/pages\/12516\/revisions"}],"predecessor-version":[{"id":12518,"href":"https:\/\/www.cahuzac-sur-vere.fr\/web\/wp-json\/wp\/v2\/pages\/12516\/revisions\/12518"}],"wp:attachment":[{"href":"https:\/\/www.cahuzac-sur-vere.fr\/web\/wp-json\/wp\/v2\/media?parent=12516"}],"curies":[{"name":"wp","href":"https:\/\/api.w.org\/{rel}","templated":true}]}}