{"id":12524,"date":"2016-11-18T10:38:10","date_gmt":"2016-11-18T09:38:10","guid":{"rendered":"http:\/\/www.cahuzac-sur-vere.fr\/web\/?page_id=12524"},"modified":"2016-11-21T17:46:40","modified_gmt":"2016-11-21T16:46:40","slug":"circuits-touristiques-a-cheval","status":"publish","type":"page","link":"https:\/\/www.cahuzac-sur-vere.fr\/web\/circuits-touristiques-a-cheval\/","title":{"rendered":"Circuits touristiques \u2013 A cheval"},"content":{"rendered":"<p><a href=\"http:\/\/www.balades-randonnees-tarn.com\/carto\/rando\/ITIMIP0810000307\/02.01.07.01.02\/Variante%20Castelnau%20de%20Montmiral\" target=\"_blank\"><strong><img loading=\"lazy\" decoding=\"async\" class=\"wp-image-12525 alignright\" src=\"https:\/\/www.cahuzac-sur-vere.fr\/web\/wp-content\/uploads\/2016\/11\/sticker-promenade-a-cheval.png\" alt=\"sticker-promenade-a-cheval\" width=\"203\" height=\"203\" srcset=\"https:\/\/www.cahuzac-sur-vere.fr\/web\/wp-content\/uploads\/2016\/11\/sticker-promenade-a-cheval-66x66.png 66w, https:\/\/www.cahuzac-sur-vere.fr\/web\/wp-content\/uploads\/2016\/11\/sticker-promenade-a-cheval-150x150.png 150w, https:\/\/www.cahuzac-sur-vere.fr\/web\/wp-content\/uploads\/2016\/11\/sticker-promenade-a-cheval-200x200.png 200w, https:\/\/www.cahuzac-sur-vere.fr\/web\/wp-content\/uploads\/2016\/11\/sticker-promenade-a-cheval-300x300.png 300w, https:\/\/www.cahuzac-sur-vere.fr\/web\/wp-content\/uploads\/2016\/11\/sticker-promenade-a-cheval-400x400.png 400w, https:\/\/www.cahuzac-sur-vere.fr\/web\/wp-content\/uploads\/2016\/11\/sticker-promenade-a-cheval.png 600w\" sizes=\"(max-width: 203px) 100vw, 203px\" \/><span style=\"color: #339966;\">Le Tarn \u00e0 cheval,<\/span><\/strong><\/a> de Castelnau de Montmiral \u00e0 Cordes sur Ciel, en passant par Cahuzac sur V\u00e8re. <strong>50 km <\/strong>.<br \/>\nCet itin\u00e9raire s\u2019appuie en grande partie sur le r\u00e9seau GR et longe la jolie vall\u00e9e de la V\u00e8re qu\u2019il domine, puis serpente sur le plateau \u00e0 travers les vignes, les champs et les bois , passe au pied du ch\u00e2teau du Cayla, puis remonte sur le plateau cordais, avant de d\u00e9couvrir Cordes sur Ciel et la vall\u00e9e du C\u00e9rou. A faire absolument avec votre cheval ou en vous joignant sur une randonn\u00e9e de l\u2019un des 10 centres de tourismes \u00e9questres affili\u00e9s au Comit\u00e9 D\u00e9partemental de Tourisme Equestre du Tarn.<\/p>\n<p><strong>Ce circuit est balis\u00e9<\/strong>.<\/p>\n","protected":false},"excerpt":{"rendered":"<p>Le Tarn \u00e0 cheval, de Castelnau de Montmiral \u00e0 Cordes sur Ciel, en passant par Cahuzac sur V\u00e8re. 50 km . Cet itin\u00e9raire s\u2019appuie en grande partie sur le r\u00e9seau GR et longe la jolie vall\u00e9e de la V\u00e8re qu\u2019il domine, puis serpente sur le plateau \u00e0 travers les vignes, les champs et les bois , [&hellip;]<\/p>\n","protected":false},"author":2,"featured_media":0,"parent":0,"menu_order":0,"comment_status":"closed","ping_status":"closed","template":"","meta":{"footnotes":""},"_links":{"self":[{"href":"https:\/\/www.cahuzac-sur-vere.fr\/web\/wp-json\/wp\/v2\/pages\/12524"}],"collection":[{"href":"https:\/\/www.cahuzac-sur-vere.fr\/web\/wp-json\/wp\/v2\/pages"}],"about":[{"href":"https:\/\/www.cahuzac-sur-vere.fr\/web\/wp-json\/wp\/v2\/types\/page"}],"author":[{"embeddable":true,"href":"https:\/\/www.cahuzac-sur-vere.fr\/web\/wp-json\/wp\/v2\/users\/2"}],"replies":[{"embeddable":true,"href":"https:\/\/www.cahuzac-sur-vere.fr\/web\/wp-json\/wp\/v2\/comments?post=12524"}],"version-history":[{"count":2,"href":"https:\/\/www.cahuzac-sur-vere.fr\/web\/wp-json\/wp\/v2\/pages\/12524\/revisions"}],"predecessor-version":[{"id":12555,"href":"https:\/\/www.cahuzac-sur-vere.fr\/web\/wp-json\/wp\/v2\/pages\/12524\/revisions\/12555"}],"wp:attachment":[{"href":"https:\/\/www.cahuzac-sur-vere.fr\/web\/wp-json\/wp\/v2\/media?parent=12524"}],"curies":[{"name":"wp","href":"https:\/\/api.w.org\/{rel}","templated":true}]}}