{"id":12528,"date":"2016-11-18T10:44:20","date_gmt":"2016-11-18T09:44:20","guid":{"rendered":"http:\/\/www.cahuzac-sur-vere.fr\/web\/?page_id=12528"},"modified":"2019-07-30T11:20:34","modified_gmt":"2019-07-30T09:20:34","slug":"circuits-touristiques-en-vtt","status":"publish","type":"page","link":"https:\/\/www.cahuzac-sur-vere.fr\/web\/circuits-touristiques-en-vtt\/","title":{"rendered":"Circuits touristiques \u2013 En VTT"},"content":{"rendered":"<p><a href=\"https:\/\/www.tourisme-tarn.com\/a-voir-a-faire\/balades-et-randonnees\/trouver-une-randonnee?gclid=CjwKCAjw_MnmBRAoEiwAPRRWWxcdLgf7PG5ji2fsrEUUxkAIaiTiLp0P5OHj55Qz72iCti2EWJSZ6xoCoSkQAvD_BwE&amp;mb_page=circuit&amp;mb_id=65572&amp;mb_titre=circuit-n-12-vtt-chemin-de-la-vere-au-saint-hussou&amp;mbScrollTo=module\" target=\"_blank\" rel=\"noopener noreferrer\"><strong><img loading=\"lazy\" decoding=\"async\" class=\" wp-image-12529 alignright\" src=\"https:\/\/www.cahuzac-sur-vere.fr\/web\/wp-content\/uploads\/2016\/11\/vtt.jpg\" alt=\"vtt\" width=\"134\" height=\"149\" \/><\/strong><\/a><strong><span style=\"color: #339966;\">Le circuit VTT N\u00b0 12<\/span><\/strong> <span style=\"color: #339966;\"><strong>( 13km environ)<\/strong>\u00a0: <a href=\"https:\/\/www.tourisme-tarn.com\/a-voir-a-faire\/balades-et-randonnees\/trouver-une-randonnee?gclid=CjwKCAjw_MnmBRAoEiwAPRRWWxcdLgf7PG5ji2fsrEUUxkAIaiTiLp0P5OHj55Qz72iCti2EWJSZ6xoCoSkQAvD_BwE&amp;mb_page=circuit&amp;mb_id=65572&amp;mb_titre=circuit-n-12-vtt-chemin-de-la-vere-au-saint-hussou&amp;mbScrollTo=module\"><strong>Du Chemin de la V\u00e8re au Saint Hussou<\/strong><\/a>\u00a0<\/span>d\u00e9marre de Cahuzac sur V\u00e8re .<br \/>\nIl reprend le trajet du <span style=\"color: #339966;\">Chemin de la V\u00e8re au Saint Hussou <span style=\"color: #000000;\">(<\/span><\/span>voir \u00ab\u00a0randonn\u00e9es \u00e0 pied ). Tr\u00e8s bon circuit pour d\u00e9couvrir la rando en \u00a0VTT.<\/p>\n<p>&nbsp;<\/p>\n<p><strong><span style=\"color: #339966;\">Le Circuit n\u00b010 VTT:<\/span> <a href=\"https:\/\/www.tourisme-tarn.com\/a-voir-a-faire\/balades-et-randonnees\/trouver-une-randonnee?gclid=CjwKCAjw_MnmBRAoEiwAPRRWWxcdLgf7PG5ji2fsrEUUxkAIaiTiLp0P5OHj55Qz72iCti2EWJSZ6xoCoSkQAvD_BwE&amp;mb_page=circuit&amp;mb_id=65570&amp;mb_titre=circuit-n-10-vtt-les-hauts-du-gaillac-noir&amp;mbScrollTo=module\">\u00a0Les Hauts du Gaillac Noir:\u00a0<\/a><\/strong><br \/>\n48 km.<br \/>\nD\u00e9part depuis la Base de loisirs V\u00e8re Gr\u00e9signe, circuit plut\u00f4t roulant pour d\u00e9couvrir la richesse du vignoble Gaillacois.<\/p>\n<p>&nbsp;<\/p>\n<p><span style=\"color: #339966;\"><strong>Le Circuit n\u00b011 VTT:\u00a0<\/strong><\/span><strong><a href=\"https:\/\/www.tourisme-tarn.com\/a-voir-a-faire\/balades-et-randonnees\/trouver-une-randonnee?gclid=CjwKCAjw_MnmBRAoEiwAPRRWWxcdLgf7PG5ji2fsrEUUxkAIaiTiLp0P5OHj55Qz72iCti2EWJSZ6xoCoSkQAvD_BwE&amp;mb_page=circuit&amp;mb_id=65571&amp;mb_titre=circuit-n-11-vtt-les-hauts-du-gaillac-rouge&amp;mbScrollTo=module\">\u00a0Les Hauts du Gaillac rouge<\/a><br \/>\n<\/strong>35 km.<br \/>\nD\u00e9part depuis la Base de loisirs V\u00e8re Gr\u00e9signe, circuit plut\u00f4t roulant pour d\u00e9couvrir la richesse du vignoble Gaillacois.<\/p>\n<p>&nbsp;<\/p>\n<p>&nbsp;<\/p>\n<p>&nbsp;<\/p>\n","protected":false},"excerpt":{"rendered":"<p>Le circuit VTT N\u00b0 12 ( 13km environ)\u00a0: Du Chemin de la V\u00e8re au Saint Hussou\u00a0d\u00e9marre de Cahuzac sur V\u00e8re . Il reprend le trajet du Chemin de la V\u00e8re au Saint Hussou (voir \u00ab\u00a0randonn\u00e9es \u00e0 pied ). Tr\u00e8s bon circuit pour d\u00e9couvrir la rando en \u00a0VTT. &nbsp; Le Circuit n\u00b010 VTT: \u00a0Les Hauts du Gaillac [&hellip;]<\/p>\n","protected":false},"author":2,"featured_media":0,"parent":0,"menu_order":0,"comment_status":"closed","ping_status":"closed","template":"","meta":{"footnotes":""},"_links":{"self":[{"href":"https:\/\/www.cahuzac-sur-vere.fr\/web\/wp-json\/wp\/v2\/pages\/12528"}],"collection":[{"href":"https:\/\/www.cahuzac-sur-vere.fr\/web\/wp-json\/wp\/v2\/pages"}],"about":[{"href":"https:\/\/www.cahuzac-sur-vere.fr\/web\/wp-json\/wp\/v2\/types\/page"}],"author":[{"embeddable":true,"href":"https:\/\/www.cahuzac-sur-vere.fr\/web\/wp-json\/wp\/v2\/users\/2"}],"replies":[{"embeddable":true,"href":"https:\/\/www.cahuzac-sur-vere.fr\/web\/wp-json\/wp\/v2\/comments?post=12528"}],"version-history":[{"count":6,"href":"https:\/\/www.cahuzac-sur-vere.fr\/web\/wp-json\/wp\/v2\/pages\/12528\/revisions"}],"predecessor-version":[{"id":14779,"href":"https:\/\/www.cahuzac-sur-vere.fr\/web\/wp-json\/wp\/v2\/pages\/12528\/revisions\/14779"}],"wp:attachment":[{"href":"https:\/\/www.cahuzac-sur-vere.fr\/web\/wp-json\/wp\/v2\/media?parent=12528"}],"curies":[{"name":"wp","href":"https:\/\/api.w.org\/{rel}","templated":true}]}}