{"id":12531,"date":"2016-11-18T10:49:35","date_gmt":"2016-11-18T09:49:35","guid":{"rendered":"http:\/\/www.cahuzac-sur-vere.fr\/web\/?page_id=12531"},"modified":"2019-07-30T11:21:56","modified_gmt":"2019-07-30T09:21:56","slug":"circuits-touristiques-en-moto","status":"publish","type":"page","link":"https:\/\/www.cahuzac-sur-vere.fr\/web\/circuits-touristiques-en-moto\/","title":{"rendered":"Circuits touristiques \u2013 En moto"},"content":{"rendered":"<p><strong><a href=\"http:\/\/fr.calameo.com\/read\/00001097726f139c4a067\" target=\"_blank\" rel=\"noopener noreferrer\"><br \/>\n<span style=\"color: #339966;\">Le Tarn \u00e0 moto<\/span><\/a><span style=\"color: #339966;\">\u00a0<\/span><\/strong><u><\/u>: Cahuzac sur V\u00e8re se situe au c\u0153ur de ce circuit et et nombreux motards le traverse d\u00e8s les beaux jours arriv\u00e9s.<br \/>\nIl suit en grande partie la <span style=\"color: #339966;\"><a style=\"color: #339966;\" href=\"http:\/\/www.tourisme-tarn.com\/fr\/organiser\/activites\/circuit-voiture\/circuit-voiture-bastides-albigeoises-et-vignoble-du-gaillac\" target=\"_blank\" rel=\"noopener noreferrer\"><strong>route touristique des bastides albigeoises<\/strong><\/a>,<\/span> mais une travers\u00e9e de la Gr\u00e9signe sur une piste, constitue une option s\u00e9duisante pour les motos trial.<\/p>\n<p>En parcourant ce circuit, vous d\u00e9couvrirez une grande vari\u00e9t\u00e9 de paysages, compos\u00e9s de magnifiques for\u00eats telle la Gr\u00e9signe, du vignoble s\u00e9culaire de Gaillac, des Gorges de l\u2019Aveyron et de nombreux sites historiques du Tarn, dont certains comme Cordes sur ciel sont class\u00e9s \u00ab\u00a0Grands sites\u00a0\u00bb de la r\u00e9gion Occitanie-Pyr\u00e9n\u00e9es-M\u00e9diterran\u00e9e.<\/p>\n<p>Ce circuit ne peut que s\u00e9duire nos touristes motards.<\/p>\n","protected":false},"excerpt":{"rendered":"<p>Le Tarn \u00e0 moto\u00a0: Cahuzac sur V\u00e8re se situe au c\u0153ur de ce circuit et et nombreux motards le traverse d\u00e8s les beaux jours arriv\u00e9s. Il suit en grande partie la route touristique des bastides albigeoises, mais une travers\u00e9e de la Gr\u00e9signe sur une piste, constitue une option s\u00e9duisante pour les motos trial. En parcourant ce [&hellip;]<\/p>\n","protected":false},"author":2,"featured_media":0,"parent":0,"menu_order":0,"comment_status":"closed","ping_status":"closed","template":"","meta":{"footnotes":""},"_links":{"self":[{"href":"https:\/\/www.cahuzac-sur-vere.fr\/web\/wp-json\/wp\/v2\/pages\/12531"}],"collection":[{"href":"https:\/\/www.cahuzac-sur-vere.fr\/web\/wp-json\/wp\/v2\/pages"}],"about":[{"href":"https:\/\/www.cahuzac-sur-vere.fr\/web\/wp-json\/wp\/v2\/types\/page"}],"author":[{"embeddable":true,"href":"https:\/\/www.cahuzac-sur-vere.fr\/web\/wp-json\/wp\/v2\/users\/2"}],"replies":[{"embeddable":true,"href":"https:\/\/www.cahuzac-sur-vere.fr\/web\/wp-json\/wp\/v2\/comments?post=12531"}],"version-history":[{"count":4,"href":"https:\/\/www.cahuzac-sur-vere.fr\/web\/wp-json\/wp\/v2\/pages\/12531\/revisions"}],"predecessor-version":[{"id":14781,"href":"https:\/\/www.cahuzac-sur-vere.fr\/web\/wp-json\/wp\/v2\/pages\/12531\/revisions\/14781"}],"wp:attachment":[{"href":"https:\/\/www.cahuzac-sur-vere.fr\/web\/wp-json\/wp\/v2\/media?parent=12531"}],"curies":[{"name":"wp","href":"https:\/\/api.w.org\/{rel}","templated":true}]}}