{"id":12573,"date":"2016-11-22T14:49:19","date_gmt":"2016-11-22T13:49:19","guid":{"rendered":"http:\/\/www.cahuzac-sur-vere.fr\/web\/?page_id=12573"},"modified":"2016-11-28T18:28:25","modified_gmt":"2016-11-28T17:28:25","slug":"un-riche-patrimoine","status":"publish","type":"page","link":"https:\/\/www.cahuzac-sur-vere.fr\/web\/un-riche-patrimoine\/","title":{"rendered":"Un riche patrimoine"},"content":{"rendered":"<table border=\"0\" width=\"100%\" cellspacing=\"0\" cellpadding=\"0\">\n<tbody>\n<tr>\n<td align=\"center\" width=\"33%\"><a href=\"https:\/\/www.cahuzac-sur-vere.fr\/web\/wp-content\/uploads\/2016\/11\/eglisecahuzac2-1.jpg\"><img loading=\"lazy\" decoding=\"async\" class=\"alignnone wp-image-12579\" src=\"https:\/\/www.cahuzac-sur-vere.fr\/web\/wp-content\/uploads\/2016\/11\/eglisecahuzac2-1.jpg\" alt=\"eglisecahuzac2-1\" width=\"120\" height=\"160\" srcset=\"https:\/\/www.cahuzac-sur-vere.fr\/web\/wp-content\/uploads\/2016\/11\/eglisecahuzac2-1-200x267.jpg 200w, https:\/\/www.cahuzac-sur-vere.fr\/web\/wp-content\/uploads\/2016\/11\/eglisecahuzac2-1-225x300.jpg 225w, https:\/\/www.cahuzac-sur-vere.fr\/web\/wp-content\/uploads\/2016\/11\/eglisecahuzac2-1.jpg 360w\" sizes=\"(max-width: 120px) 100vw, 120px\" \/><\/a><\/td>\n<td align=\"center\" width=\"33%\"><a href=\"https:\/\/www.cahuzac-sur-vere.fr\/web\/wp-content\/uploads\/2016\/11\/arzac.jpg\"><img loading=\"lazy\" decoding=\"async\" class=\"alignnone wp-image-12580\" src=\"https:\/\/www.cahuzac-sur-vere.fr\/web\/wp-content\/uploads\/2016\/11\/arzac.jpg\" alt=\"arzac\" width=\"240\" height=\"160\" srcset=\"https:\/\/www.cahuzac-sur-vere.fr\/web\/wp-content\/uploads\/2016\/11\/arzac-200x133.jpg 200w, https:\/\/www.cahuzac-sur-vere.fr\/web\/wp-content\/uploads\/2016\/11\/arzac-300x200.jpg 300w, https:\/\/www.cahuzac-sur-vere.fr\/web\/wp-content\/uploads\/2016\/11\/arzac-400x267.jpg 400w, https:\/\/www.cahuzac-sur-vere.fr\/web\/wp-content\/uploads\/2016\/11\/arzac.jpg 570w\" sizes=\"(max-width: 240px) 100vw, 240px\" \/><\/a><\/td>\n<td align=\"center\" width=\"33%\"><a href=\"https:\/\/www.cahuzac-sur-vere.fr\/web\/wp-content\/uploads\/2016\/11\/eglisesalette-300x200.jpg\"><img loading=\"lazy\" decoding=\"async\" class=\"alignnone wp-image-12586\" src=\"https:\/\/www.cahuzac-sur-vere.fr\/web\/wp-content\/uploads\/2016\/11\/eglisesalette-300x200.jpg\" alt=\"eglisesalette\" width=\"240\" height=\"160\" srcset=\"https:\/\/www.cahuzac-sur-vere.fr\/web\/wp-content\/uploads\/2016\/11\/eglisesalette-200x133.jpg 200w, https:\/\/www.cahuzac-sur-vere.fr\/web\/wp-content\/uploads\/2016\/11\/eglisesalette-300x200.jpg 300w, https:\/\/www.cahuzac-sur-vere.fr\/web\/wp-content\/uploads\/2016\/11\/eglisesalette-400x267.jpg 400w, https:\/\/www.cahuzac-sur-vere.fr\/web\/wp-content\/uploads\/2016\/11\/eglisesalette.jpg 570w\" sizes=\"(max-width: 240px) 100vw, 240px\" \/><\/a><\/td>\n<\/tr>\n<tr>\n<td align=\"center\" width=\"33%\">Eglise de Cahuzac-sur-V\u00e8re<\/td>\n<td align=\"center\" width=\"33%\">Eglise d&rsquo;Arzac<\/td>\n<td align=\"center\" width=\"33%\">\u00a0Eglise de Salette<\/td>\n<\/tr>\n<tr>\n<td align=\"center\" width=\"33%\"><\/td>\n<td align=\"center\" width=\"33%\"><\/td>\n<td align=\"center\" width=\"33%\"><\/td>\n<\/tr>\n<tr>\n<td align=\"center\" width=\"33%\">\u00a0<a href=\"https:\/\/www.cahuzac-sur-vere.fr\/web\/wp-content\/uploads\/2016\/11\/granejoulseglise.jpg\"><img loading=\"lazy\" decoding=\"async\" class=\"alignnone wp-image-12591\" src=\"https:\/\/www.cahuzac-sur-vere.fr\/web\/wp-content\/uploads\/2016\/11\/granejoulseglise.jpg\" alt=\"granejoulseglise\" width=\"240\" height=\"160\" srcset=\"https:\/\/www.cahuzac-sur-vere.fr\/web\/wp-content\/uploads\/2016\/11\/granejoulseglise-200x133.jpg 200w, https:\/\/www.cahuzac-sur-vere.fr\/web\/wp-content\/uploads\/2016\/11\/granejoulseglise-300x200.jpg 300w, https:\/\/www.cahuzac-sur-vere.fr\/web\/wp-content\/uploads\/2016\/11\/granejoulseglise-400x267.jpg 400w, https:\/\/www.cahuzac-sur-vere.fr\/web\/wp-content\/uploads\/2016\/11\/granejoulseglise.jpg 570w\" sizes=\"(max-width: 240px) 100vw, 240px\" \/><\/a><\/td>\n<td align=\"center\" width=\"33%\"><a href=\"https:\/\/www.cahuzac-sur-vere.fr\/web\/wp-content\/uploads\/2016\/11\/lintineglise.jpg\"><img loading=\"lazy\" decoding=\"async\" class=\"alignnone wp-image-12592\" src=\"https:\/\/www.cahuzac-sur-vere.fr\/web\/wp-content\/uploads\/2016\/11\/lintineglise.jpg\" alt=\"lintineglise\" width=\"241\" height=\"160\" srcset=\"https:\/\/www.cahuzac-sur-vere.fr\/web\/wp-content\/uploads\/2016\/11\/lintineglise-200x133.jpg 200w, https:\/\/www.cahuzac-sur-vere.fr\/web\/wp-content\/uploads\/2016\/11\/lintineglise-300x200.jpg 300w, https:\/\/www.cahuzac-sur-vere.fr\/web\/wp-content\/uploads\/2016\/11\/lintineglise-400x267.jpg 400w, https:\/\/www.cahuzac-sur-vere.fr\/web\/wp-content\/uploads\/2016\/11\/lintineglise.jpg 570w\" sizes=\"(max-width: 241px) 100vw, 241px\" \/><\/a><\/td>\n<td align=\"center\" width=\"33%\">\u00a0<a href=\"https:\/\/www.cahuzac-sur-vere.fr\/web\/wp-content\/uploads\/2016\/11\/ruecahuzac2.jpg\"><img loading=\"lazy\" decoding=\"async\" class=\"alignnone wp-image-12593\" src=\"https:\/\/www.cahuzac-sur-vere.fr\/web\/wp-content\/uploads\/2016\/11\/ruecahuzac2.jpg\" alt=\"ruecahuzac2\" width=\"241\" height=\"160\" srcset=\"https:\/\/www.cahuzac-sur-vere.fr\/web\/wp-content\/uploads\/2016\/11\/ruecahuzac2-200x133.jpg 200w, https:\/\/www.cahuzac-sur-vere.fr\/web\/wp-content\/uploads\/2016\/11\/ruecahuzac2-300x200.jpg 300w, https:\/\/www.cahuzac-sur-vere.fr\/web\/wp-content\/uploads\/2016\/11\/ruecahuzac2-400x267.jpg 400w, https:\/\/www.cahuzac-sur-vere.fr\/web\/wp-content\/uploads\/2016\/11\/ruecahuzac2.jpg 570w\" sizes=\"(max-width: 241px) 100vw, 241px\" \/><\/a><\/td>\n<\/tr>\n<tr>\n<td align=\"center\" width=\"33%\">Eglise de Granejouls<\/td>\n<td align=\"center\" width=\"33%\">\u00a0Eglise de Lintin<\/td>\n<td align=\"center\" width=\"33%\">Rues de Cahuzac-sur-V\u00e8re<\/td>\n<\/tr>\n<tr>\n<td align=\"center\" width=\"33%\"><\/td>\n<td align=\"center\" width=\"33%\"><\/td>\n<td align=\"center\" width=\"33%\"><\/td>\n<\/tr>\n<tr>\n<td align=\"center\" width=\"33%\">\u00a0<a href=\"https:\/\/www.cahuzac-sur-vere.fr\/web\/wp-content\/uploads\/2016\/11\/ruecahuzac1.jpg\"><img loading=\"lazy\" decoding=\"async\" class=\"alignnone wp-image-12594\" src=\"https:\/\/www.cahuzac-sur-vere.fr\/web\/wp-content\/uploads\/2016\/11\/ruecahuzac1.jpg\" alt=\"ruecahuzac1\" width=\"241\" height=\"160\" srcset=\"https:\/\/www.cahuzac-sur-vere.fr\/web\/wp-content\/uploads\/2016\/11\/ruecahuzac1-200x133.jpg 200w, https:\/\/www.cahuzac-sur-vere.fr\/web\/wp-content\/uploads\/2016\/11\/ruecahuzac1-300x200.jpg 300w, https:\/\/www.cahuzac-sur-vere.fr\/web\/wp-content\/uploads\/2016\/11\/ruecahuzac1-400x267.jpg 400w, https:\/\/www.cahuzac-sur-vere.fr\/web\/wp-content\/uploads\/2016\/11\/ruecahuzac1.jpg 570w\" sizes=\"(max-width: 241px) 100vw, 241px\" \/><\/a><\/td>\n<td align=\"center\" width=\"33%\"><a href=\"https:\/\/www.cahuzac-sur-vere.fr\/web\/wp-content\/uploads\/2016\/11\/ruecahuzac6.jpg\"><img loading=\"lazy\" decoding=\"async\" class=\"alignnone wp-image-12596\" src=\"https:\/\/www.cahuzac-sur-vere.fr\/web\/wp-content\/uploads\/2016\/11\/ruecahuzac6.jpg\" alt=\"ruecahuzac6\" width=\"241\" height=\"160\" srcset=\"https:\/\/www.cahuzac-sur-vere.fr\/web\/wp-content\/uploads\/2016\/11\/ruecahuzac6-200x133.jpg 200w, https:\/\/www.cahuzac-sur-vere.fr\/web\/wp-content\/uploads\/2016\/11\/ruecahuzac6-300x200.jpg 300w, https:\/\/www.cahuzac-sur-vere.fr\/web\/wp-content\/uploads\/2016\/11\/ruecahuzac6-400x267.jpg 400w, https:\/\/www.cahuzac-sur-vere.fr\/web\/wp-content\/uploads\/2016\/11\/ruecahuzac6.jpg 570w\" sizes=\"(max-width: 241px) 100vw, 241px\" \/><\/a><\/td>\n<td align=\"center\" width=\"33%\"><a href=\"https:\/\/www.cahuzac-sur-vere.fr\/web\/wp-content\/uploads\/2016\/11\/murs-cahuzac2.png\"><img loading=\"lazy\" decoding=\"async\" class=\"alignnone wp-image-12609\" src=\"https:\/\/www.cahuzac-sur-vere.fr\/web\/wp-content\/uploads\/2016\/11\/murs-cahuzac2.png\" alt=\"murs-cahuzac2\" width=\"241\" height=\"160\" srcset=\"https:\/\/www.cahuzac-sur-vere.fr\/web\/wp-content\/uploads\/2016\/11\/murs-cahuzac2-200x133.png 200w, https:\/\/www.cahuzac-sur-vere.fr\/web\/wp-content\/uploads\/2016\/11\/murs-cahuzac2-300x200.png 300w, https:\/\/www.cahuzac-sur-vere.fr\/web\/wp-content\/uploads\/2016\/11\/murs-cahuzac2-400x267.png 400w, https:\/\/www.cahuzac-sur-vere.fr\/web\/wp-content\/uploads\/2016\/11\/murs-cahuzac2.png 570w\" sizes=\"(max-width: 241px) 100vw, 241px\" \/><\/a><\/td>\n<\/tr>\n<tr>\n<td align=\"center\" width=\"33%\">\u00a0Rues de Cahuzac-sur-V\u00e8re<\/td>\n<td align=\"center\" width=\"33%\">Rues de Cahuzac-sur-V\u00e8re<\/td>\n<td align=\"center\" width=\"33%\">Les fa\u00e7ades des maisons de Cahuzac<\/td>\n<\/tr>\n<tr>\n<td align=\"center\" width=\"33%\"><\/td>\n<td align=\"center\" width=\"33%\"><\/td>\n<td align=\"center\" width=\"33%\"><\/td>\n<\/tr>\n<tr>\n<td align=\"center\">\u00a0<a href=\"https:\/\/www.cahuzac-sur-vere.fr\/web\/wp-content\/uploads\/2016\/11\/porte-chateau-cahuzac.jpg\"><img loading=\"lazy\" decoding=\"async\" class=\"alignnone wp-image-12605\" src=\"https:\/\/www.cahuzac-sur-vere.fr\/web\/wp-content\/uploads\/2016\/11\/porte-chateau-cahuzac.jpg\" alt=\"porte-chateau-cahuzac\" width=\"107\" height=\"161\" srcset=\"https:\/\/www.cahuzac-sur-vere.fr\/web\/wp-content\/uploads\/2016\/11\/porte-chateau-cahuzac-200x300.jpg 200w, https:\/\/www.cahuzac-sur-vere.fr\/web\/wp-content\/uploads\/2016\/11\/porte-chateau-cahuzac-400x600.jpg 400w, https:\/\/www.cahuzac-sur-vere.fr\/web\/wp-content\/uploads\/2016\/11\/porte-chateau-cahuzac-600x900.jpg 600w, https:\/\/www.cahuzac-sur-vere.fr\/web\/wp-content\/uploads\/2016\/11\/porte-chateau-cahuzac.jpg 640w\" sizes=\"(max-width: 107px) 100vw, 107px\" \/><\/a><\/td>\n<td align=\"center\"><a href=\"https:\/\/www.cahuzac-sur-vere.fr\/web\/wp-content\/uploads\/2016\/11\/chateau-salettes2.jpg\"><img loading=\"lazy\" decoding=\"async\" class=\"alignnone wp-image-12613\" src=\"https:\/\/www.cahuzac-sur-vere.fr\/web\/wp-content\/uploads\/2016\/11\/chateau-salettes2.jpg\" alt=\"chateau-salettes2\" width=\"241\" height=\"160\" srcset=\"https:\/\/www.cahuzac-sur-vere.fr\/web\/wp-content\/uploads\/2016\/11\/chateau-salettes2-200x133.jpg 200w, https:\/\/www.cahuzac-sur-vere.fr\/web\/wp-content\/uploads\/2016\/11\/chateau-salettes2-300x200.jpg 300w, https:\/\/www.cahuzac-sur-vere.fr\/web\/wp-content\/uploads\/2016\/11\/chateau-salettes2-400x267.jpg 400w, https:\/\/www.cahuzac-sur-vere.fr\/web\/wp-content\/uploads\/2016\/11\/chateau-salettes2.jpg 570w\" sizes=\"(max-width: 241px) 100vw, 241px\" \/><\/a><\/td>\n<td align=\"center\"><a href=\"https:\/\/www.cahuzac-sur-vere.fr\/web\/wp-content\/uploads\/2016\/11\/viaduc.jpg\"><img loading=\"lazy\" decoding=\"async\" class=\"alignnone wp-image-12615\" src=\"https:\/\/www.cahuzac-sur-vere.fr\/web\/wp-content\/uploads\/2016\/11\/viaduc.jpg\" alt=\"viaduc\" width=\"241\" height=\"160\" srcset=\"https:\/\/www.cahuzac-sur-vere.fr\/web\/wp-content\/uploads\/2016\/11\/viaduc-200x133.jpg 200w, https:\/\/www.cahuzac-sur-vere.fr\/web\/wp-content\/uploads\/2016\/11\/viaduc-300x200.jpg 300w, https:\/\/www.cahuzac-sur-vere.fr\/web\/wp-content\/uploads\/2016\/11\/viaduc-400x267.jpg 400w, https:\/\/www.cahuzac-sur-vere.fr\/web\/wp-content\/uploads\/2016\/11\/viaduc.jpg 570w\" sizes=\"(max-width: 241px) 100vw, 241px\" \/><\/a><\/td>\n<\/tr>\n<tr>\n<td align=\"center\">\u00a0La porte du Ch\u00e2teau de Cahuzac<\/td>\n<td align=\"center\">\u00a0Le ch\u00e2teau de Salettes<\/td>\n<td align=\"center\">Le viaduc d\u2019Arzac<\/td>\n<\/tr>\n<tr>\n<td align=\"center\"><\/td>\n<td align=\"center\"><\/td>\n<td align=\"center\"><\/td>\n<\/tr>\n<tr>\n<td align=\"center\">\u00a0<a href=\"https:\/\/www.cahuzac-sur-vere.fr\/web\/wp-content\/uploads\/2016\/11\/pigeonniers.jpg\"><img loading=\"lazy\" decoding=\"async\" class=\"alignnone wp-image-12617\" src=\"https:\/\/www.cahuzac-sur-vere.fr\/web\/wp-content\/uploads\/2016\/11\/pigeonniers.jpg\" alt=\"pigeonniers\" width=\"241\" height=\"160\" srcset=\"https:\/\/www.cahuzac-sur-vere.fr\/web\/wp-content\/uploads\/2016\/11\/pigeonniers-200x133.jpg 200w, https:\/\/www.cahuzac-sur-vere.fr\/web\/wp-content\/uploads\/2016\/11\/pigeonniers-300x200.jpg 300w, https:\/\/www.cahuzac-sur-vere.fr\/web\/wp-content\/uploads\/2016\/11\/pigeonniers-400x267.jpg 400w, https:\/\/www.cahuzac-sur-vere.fr\/web\/wp-content\/uploads\/2016\/11\/pigeonniers.jpg 570w\" sizes=\"(max-width: 241px) 100vw, 241px\" \/><\/a><\/td>\n<td align=\"center\"><a href=\"https:\/\/www.cahuzac-sur-vere.fr\/web\/wp-content\/uploads\/2016\/11\/lintin-pigeonnier.jpg\"><img loading=\"lazy\" decoding=\"async\" class=\"alignnone wp-image-12619\" src=\"https:\/\/www.cahuzac-sur-vere.fr\/web\/wp-content\/uploads\/2016\/11\/lintin-pigeonnier.jpg\" alt=\"lintin-pigeonnier\" width=\"223\" height=\"160\" srcset=\"https:\/\/www.cahuzac-sur-vere.fr\/web\/wp-content\/uploads\/2016\/11\/lintin-pigeonnier-200x144.jpg 200w, https:\/\/www.cahuzac-sur-vere.fr\/web\/wp-content\/uploads\/2016\/11\/lintin-pigeonnier-300x214.jpg 300w, https:\/\/www.cahuzac-sur-vere.fr\/web\/wp-content\/uploads\/2016\/11\/lintin-pigeonnier-400x287.jpg 400w, https:\/\/www.cahuzac-sur-vere.fr\/web\/wp-content\/uploads\/2016\/11\/lintin-pigeonnier.jpg 586w\" sizes=\"(max-width: 223px) 100vw, 223px\" \/><\/a><\/td>\n<td align=\"center\">\u00a0<a href=\"https:\/\/www.cahuzac-sur-vere.fr\/web\/wp-content\/uploads\/2016\/11\/cabanes2.jpg\"><img loading=\"lazy\" decoding=\"async\" class=\"alignnone wp-image-12621\" src=\"https:\/\/www.cahuzac-sur-vere.fr\/web\/wp-content\/uploads\/2016\/11\/cabanes2.jpg\" alt=\"cabanes2\" width=\"241\" height=\"160\" srcset=\"https:\/\/www.cahuzac-sur-vere.fr\/web\/wp-content\/uploads\/2016\/11\/cabanes2-200x133.jpg 200w, https:\/\/www.cahuzac-sur-vere.fr\/web\/wp-content\/uploads\/2016\/11\/cabanes2-300x200.jpg 300w, https:\/\/www.cahuzac-sur-vere.fr\/web\/wp-content\/uploads\/2016\/11\/cabanes2-400x267.jpg 400w, https:\/\/www.cahuzac-sur-vere.fr\/web\/wp-content\/uploads\/2016\/11\/cabanes2.jpg 570w\" sizes=\"(max-width: 241px) 100vw, 241px\" \/><\/a><\/td>\n<\/tr>\n<tr>\n<td align=\"center\">Les pigeonniers dans le village<\/td>\n<td align=\"center\">Pigeonnier de Lintin<\/td>\n<td align=\"center\">Les cabanes des vignes<\/td>\n<\/tr>\n<tr>\n<td align=\"center\"><\/td>\n<td align=\"center\"><\/td>\n<td align=\"center\"><\/td>\n<\/tr>\n<tr>\n<td align=\"center\"><\/td>\n<td align=\"center\"><\/td>\n<td align=\"center\"><\/td>\n<\/tr>\n<tr>\n<td align=\"center\"><\/td>\n<td align=\"center\"><\/td>\n<td align=\"center\"><\/td>\n<\/tr>\n<tr>\n<td align=\"center\"><\/td>\n<td align=\"center\"><\/td>\n<td align=\"center\"><\/td>\n<\/tr>\n<tr>\n<td align=\"center\"><\/td>\n<td align=\"center\"><\/td>\n<td align=\"center\"><\/td>\n<\/tr>\n<tr>\n<td align=\"center\"><\/td>\n<td align=\"center\"><\/td>\n<td align=\"center\"><\/td>\n<\/tr>\n<tr>\n<td align=\"center\" width=\"33%\"><\/td>\n<td align=\"center\" width=\"33%\"><\/td>\n<td align=\"center\" width=\"33%\"><\/td>\n<\/tr>\n<\/tbody>\n<\/table>\n","protected":false},"excerpt":{"rendered":"<p>Eglise de Cahuzac-sur-V\u00e8re Eglise d&rsquo;Arzac \u00a0Eglise de Salette \u00a0 \u00a0 Eglise de Granejouls \u00a0Eglise de Lintin Rues de Cahuzac-sur-V\u00e8re \u00a0 \u00a0Rues de Cahuzac-sur-V\u00e8re Rues de Cahuzac-sur-V\u00e8re Les fa\u00e7ades des maisons de Cahuzac \u00a0 \u00a0La porte du Ch\u00e2teau de Cahuzac \u00a0Le ch\u00e2teau de Salettes Le viaduc d\u2019Arzac \u00a0 \u00a0 Les pigeonniers dans le village Pigeonnier de Lintin [&hellip;]<\/p>\n","protected":false},"author":2,"featured_media":0,"parent":0,"menu_order":0,"comment_status":"closed","ping_status":"closed","template":"","meta":{"footnotes":""},"_links":{"self":[{"href":"https:\/\/www.cahuzac-sur-vere.fr\/web\/wp-json\/wp\/v2\/pages\/12573"}],"collection":[{"href":"https:\/\/www.cahuzac-sur-vere.fr\/web\/wp-json\/wp\/v2\/pages"}],"about":[{"href":"https:\/\/www.cahuzac-sur-vere.fr\/web\/wp-json\/wp\/v2\/types\/page"}],"author":[{"embeddable":true,"href":"https:\/\/www.cahuzac-sur-vere.fr\/web\/wp-json\/wp\/v2\/users\/2"}],"replies":[{"embeddable":true,"href":"https:\/\/www.cahuzac-sur-vere.fr\/web\/wp-json\/wp\/v2\/comments?post=12573"}],"version-history":[{"count":40,"href":"https:\/\/www.cahuzac-sur-vere.fr\/web\/wp-json\/wp\/v2\/pages\/12573\/revisions"}],"predecessor-version":[{"id":12674,"href":"https:\/\/www.cahuzac-sur-vere.fr\/web\/wp-json\/wp\/v2\/pages\/12573\/revisions\/12674"}],"wp:attachment":[{"href":"https:\/\/www.cahuzac-sur-vere.fr\/web\/wp-json\/wp\/v2\/media?parent=12573"}],"curies":[{"name":"wp","href":"https:\/\/api.w.org\/{rel}","templated":true}]}}