{"id":12762,"date":"2016-12-14T09:58:09","date_gmt":"2016-12-14T08:58:09","guid":{"rendered":"http:\/\/www.cahuzac-sur-vere.fr\/web\/?page_id=12762"},"modified":"2019-09-16T15:14:29","modified_gmt":"2019-09-16T13:14:29","slug":"agence-postale-2","status":"publish","type":"page","link":"https:\/\/www.cahuzac-sur-vere.fr\/web\/agence-postale-2\/","title":{"rendered":"Agence Postale"},"content":{"rendered":"<p><img loading=\"lazy\" decoding=\"async\" class=\"size-full wp-image-12765 alignright\" src=\"https:\/\/www.cahuzac-sur-vere.fr\/web\/wp-content\/uploads\/2016\/12\/agence-postale-communale1.png\" alt=\"\" width=\"258\" height=\"141\" srcset=\"https:\/\/www.cahuzac-sur-vere.fr\/web\/wp-content\/uploads\/2016\/12\/agence-postale-communale1-200x109.png 200w, https:\/\/www.cahuzac-sur-vere.fr\/web\/wp-content\/uploads\/2016\/12\/agence-postale-communale1.png 258w\" sizes=\"(max-width: 258px) 100vw, 258px\" \/><\/p>\n<p>Madame\u00a0\u00a0Nathalie Paluch\u00a0 vous accueillera tous les matins, du<strong> lundi au vendredi de 8 h 30 \u00e0 12 h<\/strong>.<\/p>\n<p>Les services disponibles sont:<\/p>\n<p><span style=\"color: #339966;\"><strong>COURRIERS ET COLIS<\/strong><\/span><\/p>\n<ul>\n<li>vente de timbres poste \u00e0 usage courant<\/li>\n<li>vente d&rsquo;enveloppes pr\u00eat-\u00e0-poster et emballages colissimo<\/li>\n<li>fourniture d&rsquo;autres produits courrier\/colis sur commande<\/li>\n<li>d\u00e9p\u00f4t des objets y compris recommand\u00e9s<\/li>\n<li>services de proximit\u00e9 (contrat de r\u00e9exp\u00e9dition du courrier, garde du courrier)<\/li>\n<\/ul>\n<p><span style=\"color: #339966;\"><strong>SERVICES FINANCIERS<\/strong><\/span><\/p>\n<ul>\n<li>retrait d&rsquo;esp\u00e8ces sur CCP et compte \u00e9pargne du titulaire dans la limite de 350 euros,par p\u00e9riode de 7 jours<\/li>\n<li>transmission au bureau de poste pour traitement selon les r\u00e8gles en vigueur :<\/li>\n<\/ul>\n<div>&#8211; des versements d&rsquo;esp\u00e8ces sur CCP et compte \u00e9pargne du titulaire dans la limte de 350 euros par p\u00e9riode de 7 jours<\/div>\n<div>&#8211; des procurations li\u00e9es aux services financiers<\/div>\n<div>&#8211; des demandes de services li\u00e9es au CCP<\/div>\n","protected":false},"excerpt":{"rendered":"<p>Madame\u00a0\u00a0Nathalie Paluch\u00a0 vous accueillera tous les matins, du lundi au vendredi de 8 h 30 \u00e0 12 h. Les services disponibles sont: COURRIERS ET COLIS vente de timbres poste \u00e0 usage courant vente d&rsquo;enveloppes pr\u00eat-\u00e0-poster et emballages colissimo fourniture d&rsquo;autres produits courrier\/colis sur commande d\u00e9p\u00f4t des objets y compris recommand\u00e9s services de proximit\u00e9 (contrat de r\u00e9exp\u00e9dition [&hellip;]<\/p>\n","protected":false},"author":2,"featured_media":0,"parent":0,"menu_order":0,"comment_status":"closed","ping_status":"closed","template":"","meta":{"footnotes":""},"_links":{"self":[{"href":"https:\/\/www.cahuzac-sur-vere.fr\/web\/wp-json\/wp\/v2\/pages\/12762"}],"collection":[{"href":"https:\/\/www.cahuzac-sur-vere.fr\/web\/wp-json\/wp\/v2\/pages"}],"about":[{"href":"https:\/\/www.cahuzac-sur-vere.fr\/web\/wp-json\/wp\/v2\/types\/page"}],"author":[{"embeddable":true,"href":"https:\/\/www.cahuzac-sur-vere.fr\/web\/wp-json\/wp\/v2\/users\/2"}],"replies":[{"embeddable":true,"href":"https:\/\/www.cahuzac-sur-vere.fr\/web\/wp-json\/wp\/v2\/comments?post=12762"}],"version-history":[{"count":6,"href":"https:\/\/www.cahuzac-sur-vere.fr\/web\/wp-json\/wp\/v2\/pages\/12762\/revisions"}],"predecessor-version":[{"id":14855,"href":"https:\/\/www.cahuzac-sur-vere.fr\/web\/wp-json\/wp\/v2\/pages\/12762\/revisions\/14855"}],"wp:attachment":[{"href":"https:\/\/www.cahuzac-sur-vere.fr\/web\/wp-json\/wp\/v2\/media?parent=12762"}],"curies":[{"name":"wp","href":"https:\/\/api.w.org\/{rel}","templated":true}]}}