{"id":12966,"date":"2017-01-24T12:28:08","date_gmt":"2017-01-24T11:28:08","guid":{"rendered":"http:\/\/www.cahuzac-sur-vere.fr\/web\/?page_id=12966"},"modified":"2017-02-20T20:52:02","modified_gmt":"2017-02-20T19:52:02","slug":"zero-phyto","status":"publish","type":"page","link":"https:\/\/www.cahuzac-sur-vere.fr\/web\/zero-phyto\/","title":{"rendered":"Z\u00e9ro Phyto"},"content":{"rendered":"<p><img loading=\"lazy\" decoding=\"async\" class=\"wp-image-12933 alignleft\" src=\"https:\/\/www.cahuzac-sur-vere.fr\/web\/wp-content\/uploads\/2017\/01\/Sans-titre.png\" alt=\"\" width=\"345\" height=\"142\" srcset=\"https:\/\/www.cahuzac-sur-vere.fr\/web\/wp-content\/uploads\/2017\/01\/Sans-titre-200x82.png 200w, https:\/\/www.cahuzac-sur-vere.fr\/web\/wp-content\/uploads\/2017\/01\/Sans-titre-300x123.png 300w, https:\/\/www.cahuzac-sur-vere.fr\/web\/wp-content\/uploads\/2017\/01\/Sans-titre-400x165.png 400w, https:\/\/www.cahuzac-sur-vere.fr\/web\/wp-content\/uploads\/2017\/01\/Sans-titre.png 435w\" sizes=\"(max-width: 345px) 100vw, 345px\" \/><\/p>\n<p>&nbsp;<\/p>\n<p>&nbsp;<\/p>\n<p><span style=\"font-size: 18pt; color: #008000;\"><strong>Z\u00e9ro Phyto, c\u2019est pour bient\u00f4t\u00a0! <\/strong><\/span><\/p>\n<p>&nbsp;<\/p>\n<p>Pr\u00e9vue pour 2020 et en l\u2019absence d\u2019une d\u00e9cision contradictoire de l\u2019UE pour l\u2019instant, <strong>la loi Labb\u00e9,<\/strong> interdisant l\u2019usage de produits phytosanitaires par les communes entrera en application le 1<sup>er<\/sup> janvier 2017.<\/p>\n<p><strong>Depuis le 1er janvier 2017, \u00a0<span style=\"color: #008000;\">le Plan Ecophyto,<\/span><\/strong> pilot\u00e9 par le Minist\u00e8re de l\u2019Agriculture, interdit l\u2019usage de tout pesticide, insecticide, herbicide, mais aussi de tous les produits contre les rongeurs, limaces ou escargots, par les collectivit\u00e9s (communes, d\u00e9partement, r\u00e9gion) et les administrations d\u2019Etat.<br \/>\nCette interdiction s\u2019\u00e9tendra ensuite aux particuliers en 2019.<\/p>\n<p>Avant m\u00eame d&rsquo;y \u00eatre oblig\u00e9es, plus de 40% des communes avaient d\u00e9j\u00e0 \u00a0franchi le pas.<\/p>\n<ul>\n<li><span style=\"color: #008000;\"><strong>Des agents toxiques.<\/strong><\/span><\/li>\n<\/ul>\n<p>Ces produits qui nous paraissent bien utiles et pratiques, semblent \u00eatre en r\u00e9alit\u00e9 des agents tr\u00e8s polluants pour les rivi\u00e8res et les eaux souterraines, mena\u00e7ants pour la biodiversit\u00e9 et toxiques pour les \u00eatres vivants, car les pesticides se dispersent et sont d\u00e9sormais pr\u00e9sents partout dans notre environnement\u00a0: ainsi ils sont une des causes de la disparition de pr\u00e8s de 500 000 colonies d\u2019abeilles ces 5 derni\u00e8res ann\u00e9es en France.<\/p>\n<p>Toute la cha\u00eene du vivant para\u00eet touch\u00e9e\u00a0: \u00a0l\u2019INSERM a d\u00e9montr\u00e9 dans une expertise collective de 2013 (1) les liens entre exposition professionnelle aux pesticides et le risque accru d\u2019un certain nombre de maladies humaines telles que les cancers (cancers de la prostate, du testicule, tumeurs c\u00e9r\u00e9brales, leuc\u00e9mie\u2026), la maladie de Parkinson ainsi que l\u2019augmentation des risques de fausses couches et d\u2019une baisse de la qualit\u00e9 des spermatozo\u00efdes.<br \/>\nCependant, les non-professionnels peuvent aussi \u00eatre touch\u00e9s particuli\u00e8rement les enfants vivant pr\u00e8s des zones d\u2019usage de pesticides\u00a0: malformation \u00e0 la naissance, faible poids, retard de d\u00e9veloppement psycho moteur (probl\u00e8mes de motricit\u00e9, de vision et de m\u00e9moire) sont plus fr\u00e9quents qu\u2019ailleurs, d\u2019apr\u00e8s cette \u00e9tude.<\/p>\n<ul>\n<li><span style=\"color: #008000;\"><strong>Changeons nos pratiques, changeons notre regard!\u00a0<\/strong><\/span><\/li>\n<\/ul>\n<p>Pour appliquer la loi et nous passer de tous ces produits r\u00e9cents, il va nous falloir adopter de nouvelles m\u00e9thodes de travail et remplacer le d\u00e9sherbage chimique par des \u00ab\u00a0d\u00e9sherbeurs\u00a0\u00bb thermiques, des d\u00e9broussailleuses ou des binettes.<img loading=\"lazy\" decoding=\"async\" class=\"wp-image-13063 alignright\" src=\"https:\/\/www.cahuzac-sur-vere.fr\/web\/wp-content\/uploads\/2017\/01\/au-choix.jpg\" alt=\"\" width=\"217\" height=\"285\" srcset=\"https:\/\/www.cahuzac-sur-vere.fr\/web\/wp-content\/uploads\/2017\/01\/au-choix-200x262.jpg 200w, https:\/\/www.cahuzac-sur-vere.fr\/web\/wp-content\/uploads\/2017\/01\/au-choix-229x300.jpg 229w, https:\/\/www.cahuzac-sur-vere.fr\/web\/wp-content\/uploads\/2017\/01\/au-choix-400x525.jpg 400w, https:\/\/www.cahuzac-sur-vere.fr\/web\/wp-content\/uploads\/2017\/01\/au-choix-600x787.jpg 600w, https:\/\/www.cahuzac-sur-vere.fr\/web\/wp-content\/uploads\/2017\/01\/au-choix-768x1007.jpg 768w, https:\/\/www.cahuzac-sur-vere.fr\/web\/wp-content\/uploads\/2017\/01\/au-choix-781x1024.jpg 781w, https:\/\/www.cahuzac-sur-vere.fr\/web\/wp-content\/uploads\/2017\/01\/au-choix-800x1049.jpg 800w, https:\/\/www.cahuzac-sur-vere.fr\/web\/wp-content\/uploads\/2017\/01\/au-choix-1200x1574.jpg 1200w, https:\/\/www.cahuzac-sur-vere.fr\/web\/wp-content\/uploads\/2017\/01\/au-choix.jpg 2104w\" sizes=\"(max-width: 217px) 100vw, 217px\" \/><br \/>\nCependant, le personnel communal \u00e9tant r\u00e9duit, il faut aussi changer notre regard sur nos villages et accepter que les bas-c\u00f4t\u00e9s de nos routes soient coup\u00e9s plus haut et que r\u00e9apparaissent dans nos rues une<br \/>\nflore spontan\u00e9e, autrement dit \u00ab\u00a0les mauvaises herbes\u00a0\u00bb.<br \/>\nD\u2019ailleurs, en quoi sont-elles si \u00ab\u00a0mauvaises\u00a0\u00bb, ces herbes\u00a0? En quoi\u00a0font elles sales\u00a0? Un peu de verdure sur notre bitume ou nos <img loading=\"lazy\" decoding=\"async\" class=\"wp-image-13062 alignleft\" src=\"https:\/\/www.cahuzac-sur-vere.fr\/web\/wp-content\/uploads\/2017\/01\/au-choix-selon-la-page.-.jpg\" alt=\"\" width=\"264\" height=\"202\" srcset=\"https:\/\/www.cahuzac-sur-vere.fr\/web\/wp-content\/uploads\/2017\/01\/au-choix-selon-la-page.--200x153.jpg 200w, https:\/\/www.cahuzac-sur-vere.fr\/web\/wp-content\/uploads\/2017\/01\/au-choix-selon-la-page.--300x229.jpg 300w, https:\/\/www.cahuzac-sur-vere.fr\/web\/wp-content\/uploads\/2017\/01\/au-choix-selon-la-page.--400x305.jpg 400w, https:\/\/www.cahuzac-sur-vere.fr\/web\/wp-content\/uploads\/2017\/01\/au-choix-selon-la-page.--600x458.jpg 600w, https:\/\/www.cahuzac-sur-vere.fr\/web\/wp-content\/uploads\/2017\/01\/au-choix-selon-la-page.--768x587.jpg 768w, https:\/\/www.cahuzac-sur-vere.fr\/web\/wp-content\/uploads\/2017\/01\/au-choix-selon-la-page.--800x611.jpg 800w, https:\/\/www.cahuzac-sur-vere.fr\/web\/wp-content\/uploads\/2017\/01\/au-choix-selon-la-page.--1024x782.jpg 1024w, https:\/\/www.cahuzac-sur-vere.fr\/web\/wp-content\/uploads\/2017\/01\/au-choix-selon-la-page.--1200x916.jpg 1200w, https:\/\/www.cahuzac-sur-vere.fr\/web\/wp-content\/uploads\/2017\/01\/au-choix-selon-la-page.-.jpg 2696w\" sizes=\"(max-width: 264px) 100vw, 264px\" \/>all\u00e9es n\u2019est finalement pas bien nuisible\u00a0! Ces herbes sont au contraire de v\u00e9ritables r\u00e9servoirs de biodiversit\u00e9 et si elles prolif\u00e8rent un peu trop, nous vous demandons de bien vouloir nous aider et vous \u2026 pencher, \u2026 saisir, \u2026 et arracher\u00a0! Merci d\u2019avance\u00a0!<\/p>\n<p>&nbsp;<\/p>\n<p>&nbsp;<\/p>\n<p><em>(1) Expertise collective de l\u2019INSERM, 2013\u00a0: lien\u00a0: <\/em><a href=\"http:\/\/presse.inserm.fr\/pesticides-effets-sur-la-sante-une-expertise-collective-de-linserm\/8463\/\"><em>http:\/\/presse.inserm.fr\/pesticides-effets-sur-la-sante-une-expertise-collective-de-linserm\/8463\/<\/em><\/a><em>,<\/em><\/p>\n","protected":false},"excerpt":{"rendered":"<p>&nbsp; &nbsp; Z\u00e9ro Phyto, c\u2019est pour bient\u00f4t\u00a0! &nbsp; Pr\u00e9vue pour 2020 et en l\u2019absence d\u2019une d\u00e9cision contradictoire de l\u2019UE pour l\u2019instant, la loi Labb\u00e9, interdisant l\u2019usage de produits phytosanitaires par les communes entrera en application le 1er janvier 2017. Depuis le 1er janvier 2017, \u00a0le Plan Ecophyto, pilot\u00e9 par le Minist\u00e8re de l\u2019Agriculture, interdit l\u2019usage de [&hellip;]<\/p>\n","protected":false},"author":2,"featured_media":0,"parent":0,"menu_order":0,"comment_status":"closed","ping_status":"closed","template":"","meta":{"footnotes":""},"_links":{"self":[{"href":"https:\/\/www.cahuzac-sur-vere.fr\/web\/wp-json\/wp\/v2\/pages\/12966"}],"collection":[{"href":"https:\/\/www.cahuzac-sur-vere.fr\/web\/wp-json\/wp\/v2\/pages"}],"about":[{"href":"https:\/\/www.cahuzac-sur-vere.fr\/web\/wp-json\/wp\/v2\/types\/page"}],"author":[{"embeddable":true,"href":"https:\/\/www.cahuzac-sur-vere.fr\/web\/wp-json\/wp\/v2\/users\/2"}],"replies":[{"embeddable":true,"href":"https:\/\/www.cahuzac-sur-vere.fr\/web\/wp-json\/wp\/v2\/comments?post=12966"}],"version-history":[{"count":3,"href":"https:\/\/www.cahuzac-sur-vere.fr\/web\/wp-json\/wp\/v2\/pages\/12966\/revisions"}],"predecessor-version":[{"id":12990,"href":"https:\/\/www.cahuzac-sur-vere.fr\/web\/wp-json\/wp\/v2\/pages\/12966\/revisions\/12990"}],"wp:attachment":[{"href":"https:\/\/www.cahuzac-sur-vere.fr\/web\/wp-json\/wp\/v2\/media?parent=12966"}],"curies":[{"name":"wp","href":"https:\/\/api.w.org\/{rel}","templated":true}]}}