{"id":13021,"date":"2017-02-15T11:49:55","date_gmt":"2017-02-15T10:49:55","guid":{"rendered":"http:\/\/www.cahuzac-sur-vere.fr\/web\/?page_id=13021"},"modified":"2024-10-21T11:10:56","modified_gmt":"2024-10-21T09:10:56","slug":"mediatheque","status":"publish","type":"page","link":"https:\/\/www.cahuzac-sur-vere.fr\/web\/mediatheque\/","title":{"rendered":"M\u00e9diath\u00e8que"},"content":{"rendered":"<p>La m\u00e9diath\u00e8que de Cahuzac sur V\u00e8re a \u00e9t\u00e9 cr\u00e9\u00e9e par \u00a0l&rsquo;association \u00ab\u00a0Lire \u00e0 Cahuzac sur V\u00e8re\u00a0\u00bb et les b\u00e9n\u00e9voles continue de l&rsquo;animer sous la direction de Mme Dan\u00e8s.<\/p>\n<p><strong>La m\u00e9diath\u00e8que fait d\u00e9sormais partie du <span style=\"color: #ff0000;\">r\u00e9seau des m\u00e9diath\u00e8ques de l&rsquo;Agglom\u00e9ration Gaillac -Graulhet.<\/span><\/strong><br \/>\nPortail: <a href=\"http:\/\/media.ted.fr\"><strong>media.ted.fr\u00a0<\/strong><\/a><\/p>\n<p><strong>Vous la trouverez<\/strong> : 28 Route de Gaillac, en face de l&rsquo;Agence Postale.<\/p>\n<p>Vous pourrez d\u00e9sormais:<\/p>\n<ul>\n<li>avoir acc\u00e8s \u00e0 <strong>toutes les ressources des m\u00e9diath\u00e8ques de toute l&rsquo;Agglom\u00e9ration<\/strong> et emprunter dans les diff\u00e9rents points du r\u00e9seau: livres, vid\u00e9os, musique, etc&#8230;<\/li>\n<li>Avoir acc\u00e8s \u00e0 la <strong>Biblioth\u00e8que en ligne<\/strong> ( cours en ligne, vid\u00e9o \u00e0 la demande, musique en streaming, livres num\u00e9riques&#8230;)<\/li>\n<li><strong>r\u00e9server des documents en ligne<\/strong> \u00a0( jusqu&rsquo;\u00e0 6 documents) , en utilisant tous les fonds documentaires des m\u00e9diath\u00e8ques du r\u00e9seau.: ces documents seront apport\u00e9s \u00e0 la M\u00e9diath\u00e8que de Cahuzac si celle-ci ne poss\u00e8de pas le document.<\/li>\n<li><strong>avoir acc\u00e8s \u00e0 des animations<\/strong> propos\u00e9es par les m\u00e9diath\u00e8ques: <a href=\"http:\/\/media.ted.fr\/animations\/a-venir\">http::\/\/media.ted.fr\/animations\/a-venir<\/a><\/li>\n<li><strong>Acc\u00e9der \u00e0 Internet<\/strong> par des postes mis \u00e0 disposition.<\/li>\n<\/ul>\n<p><span style=\"color: #0000ff;\"><strong>HORAIRES:<\/strong><\/span><br \/>\nmardi: 15h30 \u00e0 17 heures<br \/>\nmercredi: 10h \u00e0 12h,<br \/>\nsamedi:\u00a0 10h \u00e0 12h<\/p>\n<p><strong>Tarif d&rsquo;inscription: 6 \u20ac\/an pour une personne seule et 8\u20ac\/an pour les familles<\/strong><\/p>\n<p><strong>T\u00e9l\u00e9phone:<\/strong> 05 63 33 91 72<\/p>\n","protected":false},"excerpt":{"rendered":"<p>La m\u00e9diath\u00e8que de Cahuzac sur V\u00e8re a \u00e9t\u00e9 cr\u00e9\u00e9e par \u00a0l&rsquo;association \u00ab\u00a0Lire \u00e0 Cahuzac sur V\u00e8re\u00a0\u00bb et les b\u00e9n\u00e9voles continue de l&rsquo;animer sous la direction de Mme Dan\u00e8s. La m\u00e9diath\u00e8que fait d\u00e9sormais partie du r\u00e9seau des m\u00e9diath\u00e8ques de l&rsquo;Agglom\u00e9ration Gaillac -Graulhet. Portail: media.ted.fr\u00a0 Vous la trouverez : 28 Route de Gaillac, en face de l&rsquo;Agence Postale. [&hellip;]<\/p>\n","protected":false},"author":2,"featured_media":13022,"parent":0,"menu_order":0,"comment_status":"closed","ping_status":"closed","template":"","meta":{"footnotes":""},"_links":{"self":[{"href":"https:\/\/www.cahuzac-sur-vere.fr\/web\/wp-json\/wp\/v2\/pages\/13021"}],"collection":[{"href":"https:\/\/www.cahuzac-sur-vere.fr\/web\/wp-json\/wp\/v2\/pages"}],"about":[{"href":"https:\/\/www.cahuzac-sur-vere.fr\/web\/wp-json\/wp\/v2\/types\/page"}],"author":[{"embeddable":true,"href":"https:\/\/www.cahuzac-sur-vere.fr\/web\/wp-json\/wp\/v2\/users\/2"}],"replies":[{"embeddable":true,"href":"https:\/\/www.cahuzac-sur-vere.fr\/web\/wp-json\/wp\/v2\/comments?post=13021"}],"version-history":[{"count":6,"href":"https:\/\/www.cahuzac-sur-vere.fr\/web\/wp-json\/wp\/v2\/pages\/13021\/revisions"}],"predecessor-version":[{"id":16399,"href":"https:\/\/www.cahuzac-sur-vere.fr\/web\/wp-json\/wp\/v2\/pages\/13021\/revisions\/16399"}],"wp:featuredmedia":[{"embeddable":true,"href":"https:\/\/www.cahuzac-sur-vere.fr\/web\/wp-json\/wp\/v2\/media\/13022"}],"wp:attachment":[{"href":"https:\/\/www.cahuzac-sur-vere.fr\/web\/wp-json\/wp\/v2\/media?parent=13021"}],"curies":[{"name":"wp","href":"https:\/\/api.w.org\/{rel}","templated":true}]}}