{"id":13025,"date":"2017-02-15T12:25:34","date_gmt":"2017-02-15T11:25:34","guid":{"rendered":"http:\/\/www.cahuzac-sur-vere.fr\/web\/?page_id=13025"},"modified":"2017-02-15T12:25:34","modified_gmt":"2017-02-15T11:25:34","slug":"3eme-etape-de-la-reprise-des-sepultures","status":"publish","type":"page","link":"https:\/\/www.cahuzac-sur-vere.fr\/web\/3eme-etape-de-la-reprise-des-sepultures\/","title":{"rendered":"3\u00e8me \u00e9tape de la reprise des s\u00e9pultures"},"content":{"rendered":"<p>Durant l\u2019ann\u00e9e 2016, les familles qui utilisaient la centaine de s\u00e9pultures dont on ne retrouvait pas les titres de concession, ont eu l\u2019occasion de r\u00e9gulariser leur situation.<\/p>\n<p>Une partie d\u2019entre elles a fourni les actes de concession ou choisi de racheter la concession pour trente ans. <strong>Il reste \u00e0 peu pr\u00e8s 80 tombes<\/strong>, parmi les plus anciennes et les plus ab\u00eem\u00e9es, \u00a0pour lesquelles personne ne s\u2019est manifest\u00e9.<\/p>\n<p><strong>Par arr\u00eat\u00e9 du Maire du 14 f\u00e9vrier 2017, n\u00b0 03.20174, (voir pi\u00e8ce jointe), \u00a0et en application du Code g\u00e9n\u00e9ral des Collectivit\u00e9s territoriales, art L.2223-4, <span style=\"color: #0000ff;\">la commune va donc proc\u00e9der \u00e0 la reprise des terrains pour lib\u00e9rer des emplacements et s\u00e9curiser le cimeti\u00e8re <span style=\"color: #ff0000;\">\u00e0 partir du 14 avril 2017.<\/span><\/span><\/strong><\/p>\n<p>Les restes \u00a0seront recueillis et inhum\u00e9s avec toute la d\u00e9cence requise, dans un \u00ab\u00a0ossuaire communal\u00a0\u00bb et les noms des personnes seront consign\u00e9s sur un registre conserv\u00e9 \u00e0 leur m\u00e9moire en mairie.<\/p>\n<p><strong><span style=\"color: #000000;\">Les familles qui souhaiteraient faire inhumer les restes mortels dans une concession devront prendre contact avec la mairie <span style=\"color: #ff0000;\">au plus tard le 30 mars 2017.<\/span><\/span><\/strong><\/p>\n<p><a href=\"https:\/\/www.cahuzac-sur-vere.fr\/web\/wp-content\/uploads\/2017\/02\/arr\u00eat\u00e9-maire-s\u00e9pulture.pdf\">Arr\u00eat\u00e9 maire s\u00e9pulture<\/a><\/p>\n<p><a href=\"https:\/\/www.cahuzac-sur-vere.fr\/web\/wp-content\/uploads\/2017\/02\/Liste-des-s\u00e9pultures.pdf\">Liste des s\u00e9pultures<\/a><\/p>\n<p>&nbsp;<\/p>\n","protected":false},"excerpt":{"rendered":"<p>Durant l\u2019ann\u00e9e 2016, les familles qui utilisaient la centaine de s\u00e9pultures dont on ne retrouvait pas les titres de concession, ont eu l\u2019occasion de r\u00e9gulariser leur situation. Une partie d\u2019entre elles a fourni les actes de concession ou choisi de racheter la concession pour trente ans. Il reste \u00e0 peu pr\u00e8s 80 tombes, parmi les plus [&hellip;]<\/p>\n","protected":false},"author":2,"featured_media":0,"parent":0,"menu_order":0,"comment_status":"closed","ping_status":"closed","template":"","meta":{"footnotes":""},"_links":{"self":[{"href":"https:\/\/www.cahuzac-sur-vere.fr\/web\/wp-json\/wp\/v2\/pages\/13025"}],"collection":[{"href":"https:\/\/www.cahuzac-sur-vere.fr\/web\/wp-json\/wp\/v2\/pages"}],"about":[{"href":"https:\/\/www.cahuzac-sur-vere.fr\/web\/wp-json\/wp\/v2\/types\/page"}],"author":[{"embeddable":true,"href":"https:\/\/www.cahuzac-sur-vere.fr\/web\/wp-json\/wp\/v2\/users\/2"}],"replies":[{"embeddable":true,"href":"https:\/\/www.cahuzac-sur-vere.fr\/web\/wp-json\/wp\/v2\/comments?post=13025"}],"version-history":[{"count":1,"href":"https:\/\/www.cahuzac-sur-vere.fr\/web\/wp-json\/wp\/v2\/pages\/13025\/revisions"}],"predecessor-version":[{"id":13028,"href":"https:\/\/www.cahuzac-sur-vere.fr\/web\/wp-json\/wp\/v2\/pages\/13025\/revisions\/13028"}],"wp:attachment":[{"href":"https:\/\/www.cahuzac-sur-vere.fr\/web\/wp-json\/wp\/v2\/media?parent=13025"}],"curies":[{"name":"wp","href":"https:\/\/api.w.org\/{rel}","templated":true}]}}