{"id":13065,"date":"2017-02-20T21:45:26","date_gmt":"2017-02-20T20:45:26","guid":{"rendered":"http:\/\/www.cahuzac-sur-vere.fr\/web\/?page_id=13065"},"modified":"2017-02-20T21:59:45","modified_gmt":"2017-02-20T20:59:45","slug":"changeons-nos-pratiques","status":"publish","type":"page","link":"https:\/\/www.cahuzac-sur-vere.fr\/web\/changeons-nos-pratiques\/","title":{"rendered":"Changeons nos pratiques dans nos jardins!"},"content":{"rendered":"<p>Pour \u00e9viter l\u2019apparition de mauvaises herbes ou de maladies, nous pouvons retrouver quelques pratiques de nos Anciens\u00a0:<\/p>\n<ol style=\"list-style-type: lower-alpha;\">\n<li><span style=\"color: #008000; font-size: 14pt;\"><strong>S\u00e9lectionner des plantes bien adapt\u00e9es \u00e0 nos sols<\/strong> <\/span>argileux ou calcaires et \u00e0 notre climat \u00e0 la fois sec en \u00e9t\u00e9 , mais \u00a0humide et parfois tr\u00e8s froid en hiver. Oublions rhododendrons, cam\u00e9lias ou autres arbustes de terre de bruy\u00e8re, sauf \u00e0 les cultiver en pot!<\/li>\n<li><span style=\"font-size: 14pt;\"><strong><span style=\"color: #008000;\">Utiliser des paillages naturels ou sous forme \u00a0de b\u00e2ches<\/span><\/strong> <\/span>au pied\u00a0des arbres , arbustes et <img loading=\"lazy\" decoding=\"async\" class=\"wp-image-13066 alignright\" src=\"https:\/\/www.cahuzac-sur-vere.fr\/web\/wp-content\/uploads\/2017\/02\/toile-de-paillage-86gm-105-x-100-m-paillage-jardin-bache-de-sol.jpg\" alt=\"\" width=\"258\" height=\"197\" srcset=\"https:\/\/www.cahuzac-sur-vere.fr\/web\/wp-content\/uploads\/2017\/02\/toile-de-paillage-86gm-105-x-100-m-paillage-jardin-bache-de-sol-200x153.jpg 200w, https:\/\/www.cahuzac-sur-vere.fr\/web\/wp-content\/uploads\/2017\/02\/toile-de-paillage-86gm-105-x-100-m-paillage-jardin-bache-de-sol-300x230.jpg 300w, https:\/\/www.cahuzac-sur-vere.fr\/web\/wp-content\/uploads\/2017\/02\/toile-de-paillage-86gm-105-x-100-m-paillage-jardin-bache-de-sol-400x306.jpg 400w, https:\/\/www.cahuzac-sur-vere.fr\/web\/wp-content\/uploads\/2017\/02\/toile-de-paillage-86gm-105-x-100-m-paillage-jardin-bache-de-sol.jpg 405w\" sizes=\"(max-width: 258px) 100vw, 258px\" \/>cultures \u00a0pour limiter\u00a0la pousse des herbes sauvages, favoriser la fabrication d&rsquo;un humus et le retour des vers de terre etautres larves .<\/li>\n<li><span style=\"color: #008000; font-size: 14pt;\"><strong>Utiliser des extraits de plantes<\/strong> <\/span>comme le purin d\u2019ortie en engrais , ou bien encore <span style=\"color: #008000;\">le savon noir<\/span> contre les pucerons .<\/li>\n<li><span style=\"font-size: 14pt;\"><strong><span style=\"color: #008000;\">Utiliser les eaux chaudes de cuisson<\/span><\/strong><\/span> contre les mauvaises herbes<\/li>\n<li><span style=\"font-size: 14pt;\"><strong><span style=\"color: #008000;\">Changer les cultures de place chaque ann\u00e9e<\/span><\/strong><\/span> pour limiter tr\u00e8s fortement le d\u00e9veloppement des maladies et \u00e9viter l&rsquo;\u00e9puisement des sols et par ricochet de mauvaises r\u00e9coltes. La rotation des cultures a m\u00eame l&rsquo;avantage d&rsquo;am\u00e9liorer naturellement la structure du sol et de limiter le lessivage et l&rsquo;\u00e9rosion! La succession de plantes \u00e0 enracinement profond ou superficiel a l&rsquo;avantage enfin de d\u00e9compacter, de drainer et a\u00e9rer le sol.<br \/>\nAu jardin, il ne serait pas raisonnable de cultiver plusieurs ann\u00e9es de suite les m\u00eames plantes au m\u00eame<img loading=\"lazy\" decoding=\"async\" class=\"size-full wp-image-13073 alignright\" src=\"https:\/\/www.cahuzac-sur-vere.fr\/web\/wp-content\/uploads\/2017\/02\/rotation-cultures.jpg\" alt=\"\" width=\"400\" height=\"308\" srcset=\"https:\/\/www.cahuzac-sur-vere.fr\/web\/wp-content\/uploads\/2017\/02\/rotation-cultures-200x154.jpg 200w, https:\/\/www.cahuzac-sur-vere.fr\/web\/wp-content\/uploads\/2017\/02\/rotation-cultures-300x231.jpg 300w, https:\/\/www.cahuzac-sur-vere.fr\/web\/wp-content\/uploads\/2017\/02\/rotation-cultures.jpg 400w\" sizes=\"(max-width: 400px) 100vw, 400px\" \/> endroit. En effet, chaque type de plante pr\u00e9l\u00e8ve des \u00e9l\u00e9ments nutritifs particuliers et \u00a0restitue \u00e9ventuellement des \u00e9l\u00e9ments fertilisants am\u00e9liorant la terre qui profite alors aux cultures suivantes.<br \/>\n<em>Exemple: les l\u00e9gumineuses (pois, haricots, f\u00e8ves, sainfoin, luzerne, tr\u00e8fle, phac\u00e9lie&#8230;) ont la propri\u00e9t\u00e9 de fixer l&rsquo;azote de l&rsquo;air sur des nodosit\u00e9s pr\u00e9sentes sur leurs racines. Les l\u00e9gumes \u00e0 feuilles comme les laitues, les choux, les \u00e9pinards ont besoin de beaucoup d&rsquo;azote pour se d\u00e9velopper et profiteront ainsi d&rsquo;un emplacement pr\u00e9c\u00e9demment occup\u00e9 par des l\u00e9gumineuses (l\u00e9gumes-grains ou engrais verts).<br \/>\n<\/em>Pour plus de renseignements ouvrez cette <a href=\"http:\/\/mag.plantes-et-jardins.com\/conseils-de-jardinage\/fiches-conseils\/rotation-des-cultures\">fiche-conseil.<\/p>\n<p><\/a><\/li>\n<li><span style=\"font-size: 14pt;\"><strong><span style=\"color: #008000;\">Planter des haies fleuries\u00a0et vari\u00e9es<\/span><\/strong><\/span>\u00a0pour accueillir les oiseaux et les insectes auxiliaires, comme les\u00a0coccinelles<\/li>\n<\/ol>\n<p><img loading=\"lazy\" decoding=\"async\" class=\"wp-image-13069 aligncenter\" src=\"https:\/\/www.cahuzac-sur-vere.fr\/web\/wp-content\/uploads\/2017\/02\/photo-haie_fleurie_d_ete_r09910237881_0.jpg\" alt=\"\" width=\"476\" height=\"226\" srcset=\"https:\/\/www.cahuzac-sur-vere.fr\/web\/wp-content\/uploads\/2017\/02\/photo-haie_fleurie_d_ete_r09910237881_0-200x95.jpg 200w, https:\/\/www.cahuzac-sur-vere.fr\/web\/wp-content\/uploads\/2017\/02\/photo-haie_fleurie_d_ete_r09910237881_0-300x143.jpg 300w, https:\/\/www.cahuzac-sur-vere.fr\/web\/wp-content\/uploads\/2017\/02\/photo-haie_fleurie_d_ete_r09910237881_0-400x190.jpg 400w, https:\/\/www.cahuzac-sur-vere.fr\/web\/wp-content\/uploads\/2017\/02\/photo-haie_fleurie_d_ete_r09910237881_0.jpg 600w\" sizes=\"(max-width: 476px) 100vw, 476px\" \/><\/p>\n<p><em>Conseils donn\u00e9s \u00a0<\/em><em>par l\u2019Agence de l\u2019Eau Adour Garonne<\/em><\/p>\n","protected":false},"excerpt":{"rendered":"<p>Pour \u00e9viter l\u2019apparition de mauvaises herbes ou de maladies, nous pouvons retrouver quelques pratiques de nos Anciens\u00a0: S\u00e9lectionner des plantes bien adapt\u00e9es \u00e0 nos sols argileux ou calcaires et \u00e0 notre climat \u00e0 la fois sec en \u00e9t\u00e9 , mais \u00a0humide et parfois tr\u00e8s froid en hiver. Oublions rhododendrons, cam\u00e9lias ou autres arbustes de terre de [&hellip;]<\/p>\n","protected":false},"author":2,"featured_media":0,"parent":0,"menu_order":0,"comment_status":"closed","ping_status":"closed","template":"","meta":{"footnotes":""},"_links":{"self":[{"href":"https:\/\/www.cahuzac-sur-vere.fr\/web\/wp-json\/wp\/v2\/pages\/13065"}],"collection":[{"href":"https:\/\/www.cahuzac-sur-vere.fr\/web\/wp-json\/wp\/v2\/pages"}],"about":[{"href":"https:\/\/www.cahuzac-sur-vere.fr\/web\/wp-json\/wp\/v2\/types\/page"}],"author":[{"embeddable":true,"href":"https:\/\/www.cahuzac-sur-vere.fr\/web\/wp-json\/wp\/v2\/users\/2"}],"replies":[{"embeddable":true,"href":"https:\/\/www.cahuzac-sur-vere.fr\/web\/wp-json\/wp\/v2\/comments?post=13065"}],"version-history":[{"count":7,"href":"https:\/\/www.cahuzac-sur-vere.fr\/web\/wp-json\/wp\/v2\/pages\/13065\/revisions"}],"predecessor-version":[{"id":13079,"href":"https:\/\/www.cahuzac-sur-vere.fr\/web\/wp-json\/wp\/v2\/pages\/13065\/revisions\/13079"}],"wp:attachment":[{"href":"https:\/\/www.cahuzac-sur-vere.fr\/web\/wp-json\/wp\/v2\/media?parent=13065"}],"curies":[{"name":"wp","href":"https:\/\/api.w.org\/{rel}","templated":true}]}}