{"id":13799,"date":"2018-01-11T11:52:55","date_gmt":"2018-01-11T10:52:55","guid":{"rendered":"http:\/\/www.cahuzac-sur-vere.fr\/web\/?page_id=13799"},"modified":"2025-07-04T11:38:15","modified_gmt":"2025-07-04T09:38:15","slug":"le-tri-selectif","status":"publish","type":"page","link":"https:\/\/www.cahuzac-sur-vere.fr\/web\/le-tri-selectif\/","title":{"rendered":"Le tri s\u00e9lectif"},"content":{"rendered":"<p>Trier est indispensable pour \u00e9conomiser l&rsquo;\u00e9nergie et les mati\u00e8res premi\u00e8res, pr\u00e9server notre environnement et limiter la pollution. Voici quelques informations pour vous aider \u00e0 trier.<\/p>\n<h2 class=\"wp-block-heading\"><strong>Nouveau\u00a0: 100% des emballages et papiers se trient<\/strong><\/h2>\n<p><strong>A partir de janvier 2023, le geste de tri devient plus facile\u00a0!<\/strong><\/p>\n<p>Vous pouvez ainsi d\u00e9poser tous les emballages dans votre bac ou conteneur jaune\u00a0: pots de yaourt, barquettes, tubes de cr\u00e8me cosm\u00e9tique, films d\u2019emballage, sacs plastiques, capsules de bi\u00e8re ou de caf\u00e9\u2026<\/p>\n<p>L\u2019agglom\u00e9ration simplifie ainsi le tri des d\u00e9chets afin de faire progresser le recyclage des emballages m\u00e9nagers et r\u00e9duire le volume d\u2019ordures enfoui.<\/p>\n<p><img loading=\"lazy\" decoding=\"async\" class=\" wp-image-16669 aligncenter\" src=\"https:\/\/www.cahuzac-sur-vere.fr\/web\/wp-content\/uploads\/2025\/07\/MicrosoftTeams-image-3-1024x728-1-300x213.jpg\" alt=\"\" width=\"306\" height=\"217\" srcset=\"https:\/\/www.cahuzac-sur-vere.fr\/web\/wp-content\/uploads\/2025\/07\/MicrosoftTeams-image-3-1024x728-1-200x142.jpg 200w, https:\/\/www.cahuzac-sur-vere.fr\/web\/wp-content\/uploads\/2025\/07\/MicrosoftTeams-image-3-1024x728-1-300x214.jpg 300w, https:\/\/www.cahuzac-sur-vere.fr\/web\/wp-content\/uploads\/2025\/07\/MicrosoftTeams-image-3-1024x728-1-400x284.jpg 400w, https:\/\/www.cahuzac-sur-vere.fr\/web\/wp-content\/uploads\/2025\/07\/MicrosoftTeams-image-3-1024x728-1-600x427.jpg 600w, https:\/\/www.cahuzac-sur-vere.fr\/web\/wp-content\/uploads\/2025\/07\/MicrosoftTeams-image-3-1024x728-1-768x546.jpg 768w, https:\/\/www.cahuzac-sur-vere.fr\/web\/wp-content\/uploads\/2025\/07\/MicrosoftTeams-image-3-1024x728-1-800x569.jpg 800w, https:\/\/www.cahuzac-sur-vere.fr\/web\/wp-content\/uploads\/2025\/07\/MicrosoftTeams-image-3-1024x728-1.jpg 1024w\" sizes=\"(max-width: 306px) 100vw, 306px\" \/><\/p>\n","protected":false},"excerpt":{"rendered":"<p>Trier est indispensable pour \u00e9conomiser l&rsquo;\u00e9nergie et les mati\u00e8res premi\u00e8res, pr\u00e9server notre environnement et limiter la pollution. Voici quelques informations pour vous aider \u00e0 trier. Nouveau\u00a0: 100% des emballages et papiers se trient A partir de janvier 2023, le geste de tri devient plus facile\u00a0! Vous pouvez ainsi d\u00e9poser tous les emballages dans votre bac ou [&hellip;]<\/p>\n","protected":false},"author":2,"featured_media":0,"parent":0,"menu_order":0,"comment_status":"closed","ping_status":"closed","template":"","meta":{"footnotes":""},"_links":{"self":[{"href":"https:\/\/www.cahuzac-sur-vere.fr\/web\/wp-json\/wp\/v2\/pages\/13799"}],"collection":[{"href":"https:\/\/www.cahuzac-sur-vere.fr\/web\/wp-json\/wp\/v2\/pages"}],"about":[{"href":"https:\/\/www.cahuzac-sur-vere.fr\/web\/wp-json\/wp\/v2\/types\/page"}],"author":[{"embeddable":true,"href":"https:\/\/www.cahuzac-sur-vere.fr\/web\/wp-json\/wp\/v2\/users\/2"}],"replies":[{"embeddable":true,"href":"https:\/\/www.cahuzac-sur-vere.fr\/web\/wp-json\/wp\/v2\/comments?post=13799"}],"version-history":[{"count":3,"href":"https:\/\/www.cahuzac-sur-vere.fr\/web\/wp-json\/wp\/v2\/pages\/13799\/revisions"}],"predecessor-version":[{"id":16671,"href":"https:\/\/www.cahuzac-sur-vere.fr\/web\/wp-json\/wp\/v2\/pages\/13799\/revisions\/16671"}],"wp:attachment":[{"href":"https:\/\/www.cahuzac-sur-vere.fr\/web\/wp-json\/wp\/v2\/media?parent=13799"}],"curies":[{"name":"wp","href":"https:\/\/api.w.org\/{rel}","templated":true}]}}