{"id":13805,"date":"2018-01-11T12:00:26","date_gmt":"2018-01-11T11:00:26","guid":{"rendered":"http:\/\/www.cahuzac-sur-vere.fr\/web\/?page_id=13805"},"modified":"2025-02-12T10:46:17","modified_gmt":"2025-02-12T09:46:17","slug":"le-tri-selectif-rappel-des-regles","status":"publish","type":"page","link":"https:\/\/www.cahuzac-sur-vere.fr\/web\/le-tri-selectif-rappel-des-regles\/","title":{"rendered":"Le tri s\u00e9lectif: rappel des r\u00e8gles"},"content":{"rendered":"<ul>\n<li><span style=\"font-size: 18pt;\"><strong><span style=\"color: #008000;\">BACS JAUNES: <\/span><\/strong><\/span><\/li>\n<\/ul>\n<p>Afin de bien trier nos d\u00e9chets \u00ab\u00a0jaunes\u00a0\u00bb, voici quelques r\u00e8gles que nous rappelle la Communaut\u00e9 d&rsquo;agglom\u00e9ration Gaillac-Graulhet:<\/p>\n<p>&nbsp;<\/p>\n<p><a href=\"https:\/\/www.gaillac-graulhet.fr\/habiter\/gerer-ses-dechets\/emballages-recyclables\/\">https:\/\/www.gaillac-graulhet.fr\/habiter\/gerer-ses-dechets\/emballages-recyclables\/<\/a><\/p>\n<ul style=\"list-style-type: disc;\">\n<li><span style=\"font-size: 18pt;\"><strong><span style=\"color: #008000;\">SACS ORANGES :\u00a0<\/span><\/strong><\/span><\/li>\n<\/ul>\n<p><a href=\"https:\/\/www.gaillac-graulhet.fr\/actualites\/les-dechets-de-cuisine-se-trient-aussi\/\">https:\/\/www.gaillac-graulhet.fr\/actualites\/les-dechets-de-cuisine-se-trient-aussi\/<\/a><\/p>\n<p>&nbsp;<\/p>\n<ul>\n<li><span style=\"font-size: 18pt;\"><span style=\"font-size: 18pt;\"><strong><span style=\"color: #008000;\">COMPOSTAGE:<\/span><\/strong><\/span><\/span>La Communaut\u00e9 d\u2019Agglom\u00e9ration Gaillac-Graulhet propose \u00e0 <strong>la vente des COMPOSTEURS de 320 litres \u00e0 15 \u20ac l\u2019unit\u00e9<\/strong>, accompagn\u00e9s d\u2019un bio-seau et d\u2019une guide du compostage.Faire sa demande \u00e0 : <a href=\"http:\/\/environnement.ted.fr\/node\/109\">environnement.ted.fr<\/a>\n<p>Cet offre est r\u00e9serv\u00e9e aux habitants de l\u2019agglom\u00e9ration.<\/p>\n<p>&nbsp;<\/p>\n<p><span style=\"font-size: 14pt;\">Pour plus de renseignements, rendez-vous sur <a href=\"http:\/\/environnement.ted.fr\/\"><strong>\u00a0<\/strong><strong>environnement.ted.fr<\/strong><\/a><a href=\"http:\/\/environnement.ted.fr\/\"><br \/>\n<\/a>ou t\u00e9l\u00e9phoner au <strong>n\u00b0 vert: 0 800 007 236<\/strong><\/span><a href=\"http:\/\/environnement.ted.fr\/\"><br \/>\n<\/a><\/li>\n<li>\n<div class=\"site-content__top\">\n<header class=\"heading\">\n<div class=\"heading__wrapper\">\n<div class=\"heading__content\">\n<h1 class=\"heading__title\"><span style=\"font-size: 14pt;\"><span class=\"heading__category\">Collecte des d\u00e9chets<\/span><span class=\"sr-only\">: <\/span><span class=\"heading__title-text\">Que faire de vos d\u00e9chets encombrants ou dangereux ?<\/span><\/span><\/h1>\n<p class=\"heading__teaser\">De par leur taille ou leur dangerosit\u00e9, certains d\u00e9chets ne peuvent \u00eatre collect\u00e9s chez vous. Un r\u00e9seau de d\u00e9chetteries est \u00e0 votre disposition pour les d\u00e9poser.<\/p>\n<\/div>\n<\/div>\n<\/header>\n<\/div>\n<div class=\"site-content__wrapper\">\n<div class=\"site-content__main\">\n<div class=\"rte\">\n<h2 class=\"wp-block-heading\">Quels sont les d\u00e9chets concern\u00e9s\u00a0?<\/h2>\n<p>Lave-linges, lave-vaisselles, r\u00e9frig\u00e9rateurs, cuisini\u00e8res, meubles, t\u00e9l\u00e9viseurs, cha\u00eenes hi-fi, ordinateurs, batteries, huiles, radiographies, piles\u2026 En raison de leur volume ou leur nocivit\u00e9 pour la sant\u00e9 et l\u2019environnement, ces d\u00e9chets occasionnels ne peuvent pas \u00eatre pris en charge par la collecte usuelle des ordures m\u00e9nag\u00e8res.<\/p>\n<div class=\"ce-textpic ce-center ce-above\">\n<div class=\"ce-gallery\" data-ce-columns=\"1\" data-ce-images=\"1\">\n<div class=\"ce-outer\">\n<div class=\"ce-inner\">\n<div class=\"ce-row\">\n<div class=\"ce-column\">\n<div><a class=\"fancybox\" title=\"Image 1 - Agrandir l'image\" role=\"button\" href=\"https:\/\/www.gaillac-graulhet.fr\/app\/uploads\/2021\/07\/Dechetteries-produits-acceptes-1600x609.jpg\" data-alt=\"Image 1\" data-fancybox=\"gallery-id-5152\" data-dialog-label=\"Agrandir l'image\" aria-haspopup=\"dialog\"><picture data-error-alt=\"Image cass\u00e9e\"><img loading=\"lazy\" decoding=\"async\" class=\"lazy lazyloaded\" src=\"https:\/\/www.gaillac-graulhet.fr\/app\/uploads\/2021\/07\/Dechetteries-produits-acceptes-1024x390.jpg\" alt=\"Image 1\" width=\"1024\" height=\"1024\" data-error-src=\"data:image\/svg+xml,%3Csvg%20xmlns%3D%22http%3A%2F%2Fwww.w3.org%2F2000%2Fsvg%22%20width%3D%221024%22%20height%3D%221024%22%20viewBow%3D%220%200%201024%201024%22%20%20%2F%3E\" data-src=\"https:\/\/www.gaillac-graulhet.fr\/app\/uploads\/2021\/07\/Dechetteries-produits-acceptes-1024x390.jpg\" \/><\/picture><\/a><\/div>\n<\/div>\n<\/div>\n<\/div>\n<\/div>\n<\/div>\n<\/div>\n<h2 class=\"wp-block-heading\">O\u00f9 d\u00e9poser vos d\u00e9chets encombrants\u00a0?<\/h2>\n<p>Sur le territoire de la Communaut\u00e9 d\u2019Agglom\u00e9ration Gaillac-Graulhet, un r\u00e9seau de\u00a0<strong>d\u00e9chetteries<\/strong>\u00a0est \u00e0 votre disposition pour y d\u00e9poser vos\u00a0<strong>encombrants<\/strong>.<\/p>\n<p>Elles sont g\u00e9r\u00e9es par le syndicat Trifyl, dont l\u2019acc\u00e8s est gratuit pour les particuliers.<\/p>\n<p>Sur le territoire,\u00a0<strong>d\u00e9chetterie<\/strong>\u00a0de Gaillac, Graulhet, Rabastens, Salvagnac et Castelnau de Montmiral. Consultez la carte et les horaires sur\u00a0<a href=\"http:\/\/www.trifyl.fr\/\" target=\"_blank\" rel=\"noreferrer noopener\" data-type=\"URL\" data-id=\"www.trifyl.fr\">le site trifyl.fr<\/a>.<\/p>\n<p>Trouvez la\u00a0<strong>d\u00e9chetterie<\/strong>\u00a0la plus proche de chez vous sur la<strong>\u00a0carte interactive ci-dessous<\/strong>.<\/p>\n<h2 class=\"wp-block-heading\">Que faire de certains d\u00e9chets dangereux\u00a0?<\/h2>\n<p>Vous \u00eates peut-\u00eatre trait\u00e9 pour une pathologie qui n\u00e9cessite l\u2019emploi d\u2019aiguilles, seringues ou lancettes. Pour des questions de s\u00e9curit\u00e9, ces d\u00e9chets m\u00e9dicaux doivent \u00eatre collect\u00e9s s\u00e9par\u00e9ment du fait du risque infectieux et toxicologique encouru par l\u2019entourage proche, les agents en charge de la collecte et du tri des d\u00e9chets et les usagers de la voie publique.<\/p>\n<p>Ces d\u00e9chets d\u2019activit\u00e9s de soins \u00e0 risques infectieux (DASRI) sont stock\u00e9s dans des boites d\u00e9di\u00e9es et font l\u2019objet d\u2019un contrat de collecte pass\u00e9 entre les professionnels de sant\u00e9 et des prestataires de collecte priv\u00e9s pour les DASRI dont ils ont la responsabilit\u00e9.<\/p>\n<\/div>\n<\/div>\n<\/div>\n<\/li>\n<\/ul>\n","protected":false},"excerpt":{"rendered":"<p>BACS JAUNES: Afin de bien trier nos d\u00e9chets \u00ab\u00a0jaunes\u00a0\u00bb, voici quelques r\u00e8gles que nous rappelle la Communaut\u00e9 d&rsquo;agglom\u00e9ration Gaillac-Graulhet: &nbsp; https:\/\/www.gaillac-graulhet.fr\/habiter\/gerer-ses-dechets\/emballages-recyclables\/ SACS ORANGES :\u00a0 https:\/\/www.gaillac-graulhet.fr\/actualites\/les-dechets-de-cuisine-se-trient-aussi\/ &nbsp; COMPOSTAGE:La Communaut\u00e9 d\u2019Agglom\u00e9ration Gaillac-Graulhet propose \u00e0 la vente des COMPOSTEURS de 320 litres \u00e0 15 \u20ac l\u2019unit\u00e9, accompagn\u00e9s d\u2019un bio-seau et d\u2019une guide du compostage.Faire sa demande \u00e0 : environnement.ted.fr [&hellip;]<\/p>\n","protected":false},"author":2,"featured_media":0,"parent":0,"menu_order":0,"comment_status":"closed","ping_status":"closed","template":"","meta":{"footnotes":""},"_links":{"self":[{"href":"https:\/\/www.cahuzac-sur-vere.fr\/web\/wp-json\/wp\/v2\/pages\/13805"}],"collection":[{"href":"https:\/\/www.cahuzac-sur-vere.fr\/web\/wp-json\/wp\/v2\/pages"}],"about":[{"href":"https:\/\/www.cahuzac-sur-vere.fr\/web\/wp-json\/wp\/v2\/types\/page"}],"author":[{"embeddable":true,"href":"https:\/\/www.cahuzac-sur-vere.fr\/web\/wp-json\/wp\/v2\/users\/2"}],"replies":[{"embeddable":true,"href":"https:\/\/www.cahuzac-sur-vere.fr\/web\/wp-json\/wp\/v2\/comments?post=13805"}],"version-history":[{"count":4,"href":"https:\/\/www.cahuzac-sur-vere.fr\/web\/wp-json\/wp\/v2\/pages\/13805\/revisions"}],"predecessor-version":[{"id":16492,"href":"https:\/\/www.cahuzac-sur-vere.fr\/web\/wp-json\/wp\/v2\/pages\/13805\/revisions\/16492"}],"wp:attachment":[{"href":"https:\/\/www.cahuzac-sur-vere.fr\/web\/wp-json\/wp\/v2\/media?parent=13805"}],"curies":[{"name":"wp","href":"https:\/\/api.w.org\/{rel}","templated":true}]}}